{"id":2097,"date":"2023-07-06T09:22:35","date_gmt":"2023-07-06T09:22:35","guid":{"rendered":"https:\/\/intercargo-scandinavia.dk\/diensten\/"},"modified":"2024-09-19T14:33:09","modified_gmt":"2024-09-19T14:33:09","slug":"diensten","status":"publish","type":"page","link":"https:\/\/intercargo-scandinavia.dk\/nl\/diensten\/","title":{"rendered":"Diensten"},"content":{"rendered":"\t\t<div data-elementor-type=\"wp-page\" data-elementor-id=\"2097\" class=\"elementor elementor-2097 elementor-958\" data-elementor-post-type=\"page\">\n\t\t\t\t\t\t<section class=\"elementor-section elementor-top-section elementor-element elementor-element-1bcd42e elementor-section-boxed elementor-section-height-default elementor-section-height-default\" data-id=\"1bcd42e\" data-element_type=\"section\" data-e-type=\"section\">\n\t\t\t\t\t\t<div class=\"elementor-container elementor-column-gap-default\">\n\t\t\t\t\t<div class=\"elementor-column elementor-col-100 elementor-top-column elementor-element elementor-element-e98b6fd\" data-id=\"e98b6fd\" data-element_type=\"column\" data-e-type=\"column\">\n\t\t\t<div class=\"elementor-widget-wrap elementor-element-populated\">\n\t\t\t\t\t\t<div class=\"elementor-element elementor-element-e2d15a7 elementor-widget elementor-widget-heading\" data-id=\"e2d15a7\" data-element_type=\"widget\" data-e-type=\"widget\" data-widget_type=\"heading.default\">\n\t\t\t\t<div class=\"elementor-widget-container\">\n\t\t\t\t\t<h2 class=\"elementor-heading-title elementor-size-default\">Onze diensten <\/h2>\t\t\t\t<\/div>\n\t\t\t\t<\/div>\n\t\t\t\t<section class=\"elementor-section elementor-inner-section elementor-element elementor-element-6508147 elementor-section-boxed elementor-section-height-default elementor-section-height-default\" data-id=\"6508147\" data-element_type=\"section\" data-e-type=\"section\">\n\t\t\t\t\t\t<div class=\"elementor-container elementor-column-gap-default\">\n\t\t\t\t\t<div class=\"elementor-column elementor-col-100 elementor-inner-column elementor-element elementor-element-21c1228\" data-id=\"21c1228\" data-element_type=\"column\" data-e-type=\"column\">\n\t\t\t<div class=\"elementor-widget-wrap elementor-element-populated\">\n\t\t\t\t\t\t<div class=\"elementor-element elementor-element-ca1b681 elementor-widget elementor-widget-text-editor\" data-id=\"ca1b681\" data-element_type=\"widget\" data-e-type=\"widget\" data-widget_type=\"text-editor.default\">\n\t\t\t\t<div class=\"elementor-widget-container\">\n\t\t\t\t\t\t\t\t\t<p><span style=\"font-weight: 400;\">Bij Intercargo Scandinavi\u00eb A\/S vieden we onze klanten een groot scala aan diensten aan. We behandelen iedere stap die nodig is het vervoeren van droge goederen of geconditioneerde goederen. Ons werk staat nooit stil. Om deze reden bieden we dagelijks transport, zodat u er zeker van bent dat de goederen hun bestemming snel en veilig bereiken.  <\/span><\/p>\n\t\t\t\t\t\t\t\t<\/div>\n\t\t\t\t<\/div>\n\t\t\t\t\t<\/div>\n\t\t<\/div>\n\t\t\t\t\t<\/div>\n\t\t<\/section>\n\t\t\t\t\t<\/div>\n\t\t<\/div>\n\t\t\t\t\t<\/div>\n\t\t<\/section>\n\t\t\t\t<section class=\"elementor-section elementor-top-section elementor-element elementor-element-4bc98d0 elementor-section-boxed elementor-section-height-default elementor-section-height-default\" data-id=\"4bc98d0\" data-element_type=\"section\" data-e-type=\"section\">\n\t\t\t\t\t\t<div class=\"elementor-container elementor-column-gap-default\">\n\t\t\t\t\t<div class=\"elementor-column elementor-col-100 elementor-top-column elementor-element elementor-element-b0bc803\" data-id=\"b0bc803\" data-element_type=\"column\" data-e-type=\"column\">\n\t\t\t<div class=\"elementor-widget-wrap elementor-element-populated\">\n\t\t\t\t\t\t<section class=\"elementor-section elementor-inner-section elementor-element elementor-element-bd66431 elementor-section-boxed elementor-section-height-default elementor-section-height-default\" data-id=\"bd66431\" data-element_type=\"section\" data-e-type=\"section\" data-settings=\"{&quot;background_background&quot;:&quot;classic&quot;}\">\n\t\t\t\t\t\t<div class=\"elementor-container elementor-column-gap-no\">\n\t\t\t\t\t<div class=\"elementor-column elementor-col-50 elementor-inner-column elementor-element elementor-element-6286a70\" data-id=\"6286a70\" data-element_type=\"column\" data-e-type=\"column\">\n\t\t\t<div class=\"elementor-widget-wrap elementor-element-populated\">\n\t\t\t\t\t\t<div class=\"elementor-element elementor-element-d47b67e elementor-widget elementor-widget-heading\" data-id=\"d47b67e\" data-element_type=\"widget\" data-e-type=\"widget\" data-widget_type=\"heading.default\">\n\t\t\t\t<div class=\"elementor-widget-container\">\n\t\t\t\t\t<h4 class=\"elementor-heading-title elementor-size-default\">Onze specialisaties <\/h4>\t\t\t\t<\/div>\n\t\t\t\t<\/div>\n\t\t\t\t<div class=\"elementor-element elementor-element-038ae87 elementor-widget elementor-widget-heading\" data-id=\"038ae87\" data-element_type=\"widget\" data-e-type=\"widget\" data-widget_type=\"heading.default\">\n\t\t\t\t<div class=\"elementor-widget-container\">\n\t\t\t\t\t<h5 class=\"elementor-heading-title elementor-size-default\">Wij zijn expert in: <\/h5>\t\t\t\t<\/div>\n\t\t\t\t<\/div>\n\t\t\t\t<div class=\"elementor-element elementor-element-4acd2eb elementor-icon-list--layout-traditional elementor-list-item-link-full_width elementor-widget elementor-widget-icon-list\" data-id=\"4acd2eb\" data-element_type=\"widget\" data-e-type=\"widget\" data-widget_type=\"icon-list.default\">\n\t\t\t\t<div class=\"elementor-widget-container\">\n\t\t\t\t\t\t\t<ul class=\"elementor-icon-list-items\">\n\t\t\t\t\t\t\t<li class=\"elementor-icon-list-item\">\n\t\t\t\t\t\t\t\t\t\t\t<span class=\"elementor-icon-list-icon\">\n\t\t\t\t\t\t\t<i aria-hidden=\"true\" class=\"fas fa-check-circle\"><\/i>\t\t\t\t\t\t<\/span>\n\t\t\t\t\t\t\t\t\t\t<span class=\"elementor-icon-list-text\">Transport, inclusief droge goederen en geconditioneerd transport<\/span>\n\t\t\t\t\t\t\t\t\t<\/li>\n\t\t\t\t\t\t\t\t<li class=\"elementor-icon-list-item\">\n\t\t\t\t\t\t\t\t\t\t\t<span class=\"elementor-icon-list-icon\">\n\t\t\t\t\t\t\t<i aria-hidden=\"true\" class=\"fas fa-check-circle\"><\/i>\t\t\t\t\t\t<\/span>\n\t\t\t\t\t\t\t\t\t\t<span class=\"elementor-icon-list-text\">Douane en douanedocumenten<\/span>\n\t\t\t\t\t\t\t\t\t<\/li>\n\t\t\t\t\t\t\t\t<li class=\"elementor-icon-list-item\">\n\t\t\t\t\t\t\t\t\t\t\t<span class=\"elementor-icon-list-icon\">\n\t\t\t\t\t\t\t<i aria-hidden=\"true\" class=\"fas fa-check-circle\"><\/i>\t\t\t\t\t\t<\/span>\n\t\t\t\t\t\t\t\t\t\t<span class=\"elementor-icon-list-text\">Coldstore (zowel koel- als vriestemperaturen) en terminal<\/span>\n\t\t\t\t\t\t\t\t\t<\/li>\n\t\t\t\t\t\t\t\t<li class=\"elementor-icon-list-item\">\n\t\t\t\t\t\t\t\t\t\t\t<span class=\"elementor-icon-list-icon\">\n\t\t\t\t\t\t\t<i aria-hidden=\"true\" class=\"fas fa-check-circle\"><\/i>\t\t\t\t\t\t<\/span>\n\t\t\t\t\t\t\t\t\t\t<span class=\"elementor-icon-list-text\">Flexibele transportoplossingen die op maat zijn gemaakt naar de wensen van de klant<\/span>\n\t\t\t\t\t\t\t\t\t<\/li>\n\t\t\t\t\t\t<\/ul>\n\t\t\t\t\t\t<\/div>\n\t\t\t\t<\/div>\n\t\t\t\t<div class=\"elementor-element elementor-element-e3ffbdc elementor-widget elementor-widget-text-editor\" data-id=\"e3ffbdc\" data-element_type=\"widget\" data-e-type=\"widget\" data-widget_type=\"text-editor.default\">\n\t\t\t\t<div class=\"elementor-widget-container\">\n\t\t\t\t\t\t\t\t\t<p><span style=\"font-weight: 400;\">Vanuit ons hoofdkantoor in Hadsten, Denemarken, handelen we het transport van zowel voedingsproducten \u2013 vers en bevroren \u2013 als droge goederen en hoogwaardige goederen binnen heel Europa. Onze primaire markten bestaan uit de Noordelijke landen, Duitsland, Polen, Nederland, Belgi\u00eb en Luxemburg. We bieden uitgebreide assistentie met douane en douane documentatie, zodat u kunt focussen op uw kernzaken.  <\/span><\/p>\n\t\t\t\t\t\t\t\t<\/div>\n\t\t\t\t<\/div>\n\t\t\t\t\t<\/div>\n\t\t<\/div>\n\t\t\t\t<div class=\"elementor-column elementor-col-50 elementor-inner-column elementor-element elementor-element-8fff936\" data-id=\"8fff936\" data-element_type=\"column\" data-e-type=\"column\">\n\t\t\t<div class=\"elementor-widget-wrap elementor-element-populated\">\n\t\t\t\t\t\t<div class=\"elementor-element elementor-element-d1a8273 elementor-widget elementor-widget-image\" data-id=\"d1a8273\" data-element_type=\"widget\" data-e-type=\"widget\" data-widget_type=\"image.default\">\n\t\t\t\t<div class=\"elementor-widget-container\">\n\t\t\t\t\t\t\t\t\t\t\t\t\t\t\t<img fetchpriority=\"high\" decoding=\"async\" width=\"800\" height=\"534\" src=\"https:\/\/intercargo-scandinavia.dk\/wp-content\/uploads\/2024\/06\/O6A0152-1024x683.jpg\" class=\"attachment-large size-large wp-image-2098\" alt=\"\" srcset=\"https:\/\/intercargo-scandinavia.dk\/wp-content\/uploads\/2024\/06\/O6A0152-1024x683.jpg 1024w, https:\/\/intercargo-scandinavia.dk\/wp-content\/uploads\/2024\/06\/O6A0152-300x200.jpg 300w, https:\/\/intercargo-scandinavia.dk\/wp-content\/uploads\/2024\/06\/O6A0152-768x512.jpg 768w, https:\/\/intercargo-scandinavia.dk\/wp-content\/uploads\/2024\/06\/O6A0152-1536x1024.jpg 1536w, https:\/\/intercargo-scandinavia.dk\/wp-content\/uploads\/2024\/06\/O6A0152-2048x1365.jpg 2048w\" sizes=\"(max-width: 800px) 100vw, 800px\" \/>\t\t\t\t\t\t\t\t\t\t\t\t\t\t\t<\/div>\n\t\t\t\t<\/div>\n\t\t\t\t\t<\/div>\n\t\t<\/div>\n\t\t\t\t\t<\/div>\n\t\t<\/section>\n\t\t\t\t\t<\/div>\n\t\t<\/div>\n\t\t\t\t\t<\/div>\n\t\t<\/section>\n\t\t\t\t<section class=\"elementor-section elementor-top-section elementor-element elementor-element-4db4d64 elementor-section-boxed elementor-section-height-default elementor-section-height-default\" data-id=\"4db4d64\" data-element_type=\"section\" data-e-type=\"section\">\n\t\t\t\t\t\t<div class=\"elementor-container elementor-column-gap-default\">\n\t\t\t\t\t<div class=\"elementor-column elementor-col-50 elementor-top-column elementor-element elementor-element-b4b897f\" data-id=\"b4b897f\" data-element_type=\"column\" data-e-type=\"column\">\n\t\t\t<div class=\"elementor-widget-wrap elementor-element-populated\">\n\t\t\t\t\t\t<div class=\"elementor-element elementor-element-bcd73e8 elementor-widget elementor-widget-image\" data-id=\"bcd73e8\" data-element_type=\"widget\" data-e-type=\"widget\" data-widget_type=\"image.default\">\n\t\t\t\t<div class=\"elementor-widget-container\">\n\t\t\t\t\t\t\t\t\t\t\t\t\t\t\t<img decoding=\"async\" width=\"800\" height=\"534\" src=\"https:\/\/intercargo-scandinavia.dk\/wp-content\/uploads\/2024\/06\/O6A8471-1024x683.jpg\" class=\"attachment-large size-large wp-image-2100\" alt=\"\" srcset=\"https:\/\/intercargo-scandinavia.dk\/wp-content\/uploads\/2024\/06\/O6A8471-1024x683.jpg 1024w, https:\/\/intercargo-scandinavia.dk\/wp-content\/uploads\/2024\/06\/O6A8471-300x200.jpg 300w, https:\/\/intercargo-scandinavia.dk\/wp-content\/uploads\/2024\/06\/O6A8471-768x512.jpg 768w, https:\/\/intercargo-scandinavia.dk\/wp-content\/uploads\/2024\/06\/O6A8471-1536x1024.jpg 1536w, https:\/\/intercargo-scandinavia.dk\/wp-content\/uploads\/2024\/06\/O6A8471-2048x1365.jpg 2048w\" sizes=\"(max-width: 800px) 100vw, 800px\" \/>\t\t\t\t\t\t\t\t\t\t\t\t\t\t\t<\/div>\n\t\t\t\t<\/div>\n\t\t\t\t<div class=\"elementor-element elementor-element-e1dafe8 elementor-widget elementor-widget-heading\" data-id=\"e1dafe8\" data-element_type=\"widget\" data-e-type=\"widget\" data-widget_type=\"heading.default\">\n\t\t\t\t<div class=\"elementor-widget-container\">\n\t\t\t\t\t<h2 class=\"elementor-heading-title elementor-size-default\">Verwacht een beetje meer <\/h2>\t\t\t\t<\/div>\n\t\t\t\t<\/div>\n\t\t\t\t<div class=\"elementor-element elementor-element-8cb6e09 elementor-widget elementor-widget-text-editor\" data-id=\"8cb6e09\" data-element_type=\"widget\" data-e-type=\"widget\" data-widget_type=\"text-editor.default\">\n\t\t\t\t<div class=\"elementor-widget-container\">\n\t\t\t\t\t\t\t\t\t<p><span style=\"font-weight: 400;\">Onze medewerkers zijn grondig opgeleid om een ononderbroken reis van laadpunt tot levering te garanderen. Wij vinden dat u bij Intercargo Scandinavi\u00eb best wat meer mag verwachten. Wij vinden voedselveiligheden erg belangrijk en nemen dit serieus. Zo kunt u met een gerust hart het transport van geconditioneerde transport aan ons overlaten.  <\/p>\n<p><\/span><span style=\"font-weight: 400;\">E\u00e9n van onze kernwaarden is het tonen van een hoge mate van verantwoordelijkheid aan onze klanten. Daarom kunt er altijd op vertrouwen dat wij u tijdens het gehele transport op de hoogte houden. Een hoog niveau van informatie zorgt ervoor dat u uw werk kunt afstemmen op uw transport. Ons hoofdkantoor in Denemarken is geopend van 8 uur \u2019s ochtends tot 5 uur \u2019s avonds. Hierna neemt het kantoor in Roemeni\u00eb het over en beheert deze de opvolging van alle voertuigen en zendingen met onze avond- en nachtdiensten.   <\/span><\/p>\n\t\t\t\t\t\t\t\t<\/div>\n\t\t\t\t<\/div>\n\t\t\t\t\t<\/div>\n\t\t<\/div>\n\t\t\t\t<div class=\"elementor-column elementor-col-50 elementor-top-column elementor-element elementor-element-f8fce23\" data-id=\"f8fce23\" data-element_type=\"column\" data-e-type=\"column\">\n\t\t\t<div class=\"elementor-widget-wrap elementor-element-populated\">\n\t\t\t\t\t\t<div class=\"elementor-element elementor-element-ea6f622 elementor-widget elementor-widget-image\" data-id=\"ea6f622\" data-element_type=\"widget\" data-e-type=\"widget\" data-widget_type=\"image.default\">\n\t\t\t\t<div class=\"elementor-widget-container\">\n\t\t\t\t\t\t\t\t\t\t\t\t\t\t\t<img decoding=\"async\" width=\"683\" height=\"1024\" src=\"https:\/\/intercargo-scandinavia.dk\/wp-content\/uploads\/2024\/06\/O6A8222-683x1024.jpg\" class=\"attachment-large size-large wp-image-2104\" alt=\"\" srcset=\"https:\/\/intercargo-scandinavia.dk\/wp-content\/uploads\/2024\/06\/O6A8222-683x1024.jpg 683w, https:\/\/intercargo-scandinavia.dk\/wp-content\/uploads\/2024\/06\/O6A8222-200x300.jpg 200w, https:\/\/intercargo-scandinavia.dk\/wp-content\/uploads\/2024\/06\/O6A8222-768x1152.jpg 768w, https:\/\/intercargo-scandinavia.dk\/wp-content\/uploads\/2024\/06\/O6A8222-1024x1536.jpg 1024w, https:\/\/intercargo-scandinavia.dk\/wp-content\/uploads\/2024\/06\/O6A8222-1365x2048.jpg 1365w, https:\/\/intercargo-scandinavia.dk\/wp-content\/uploads\/2024\/06\/O6A8222-scaled.jpg 1707w\" sizes=\"(max-width: 683px) 100vw, 683px\" \/>\t\t\t\t\t\t\t\t\t\t\t\t\t\t\t<\/div>\n\t\t\t\t<\/div>\n\t\t\t\t<div class=\"elementor-element elementor-element-be2cb45 elementor-widget elementor-widget-heading\" data-id=\"be2cb45\" data-element_type=\"widget\" data-e-type=\"widget\" data-widget_type=\"heading.default\">\n\t\t\t\t<div class=\"elementor-widget-container\">\n\t\t\t\t\t<h2 class=\"elementor-heading-title elementor-size-default\">Flexibele oplossingen, op maat gemaakt <\/h2>\t\t\t\t<\/div>\n\t\t\t\t<\/div>\n\t\t\t\t<div class=\"elementor-element elementor-element-07cb8c4 elementor-widget elementor-widget-text-editor\" data-id=\"07cb8c4\" data-element_type=\"widget\" data-e-type=\"widget\" data-widget_type=\"text-editor.default\">\n\t\t\t\t<div class=\"elementor-widget-container\">\n\t\t\t\t\t\t\t\t\t<p><span style=\"font-weight: 400;\">Hos os er vores kunder ogs\u00e5 vores partnere. Vi stiller h\u00f8je krav til os selv og vores l\u00f8sninger inden for transport, og vi s\u00e6tter en \u00e6re i at tilbyde fleksible og kundetilpassede l\u00f8sninger, der passer pr\u00e6cist til jeres behov. <\/span><\/p>\n<\/p>\n<p><span style=\"font-weight: 400;\">Voor ons zijn onze klanten ook onze partners. We leggen de lat hoog en verwachten veel van onszelf en onze oplossingen op het gebied van transport. We zijn trots op onze flexibele oplossingen die op maat zijn gemaakt naar de wensen van de klant. Onze oplossing zal daardoor precies voldoen aan uw wensen. <\/p>\n<p><\/span><span style=\"font-weight: 400;\">We voldoen aan iedere eis door een oplossingsgerichte, kwaliteitsbewuste en flexibele aanpak te bieden, die de beste ervaring mogelijk maakt. Ongeacht of u stukgoed laat vervoeren dat op \u00e9\u00e9n<\/span><\/p>\n\t\t\t\t\t\t\t\t<\/div>\n\t\t\t\t<\/div>\n\t\t\t\t\t<\/div>\n\t\t<\/div>\n\t\t\t\t\t<\/div>\n\t\t<\/section>\n\t\t\t\t<\/div>\n\t\t","protected":false},"excerpt":{"rendered":"<p>Onze diensten Bij Intercargo Scandinavi\u00eb A\/S vieden we onze klanten een groot scala aan diensten aan. We behandelen iedere stap die nodig is het vervoeren van droge goederen of geconditioneerde goederen. Ons werk staat nooit stil. Om deze reden bieden we dagelijks transport, zodat u er zeker van bent dat de goederen hun bestemming snel [&hellip;]<\/p>\n","protected":false},"author":2,"featured_media":2099,"parent":0,"menu_order":0,"comment_status":"closed","ping_status":"closed","template":"","meta":{"footnotes":""},"class_list":["post-2097","page","type-page","status-publish","has-post-thumbnail","hentry"],"yoast_head":"<!-- This site is optimized with the Yoast SEO plugin v27.5 - https:\/\/yoast.com\/product\/yoast-seo-wordpress\/ -->\n<title>Wij zijn specialisten in transport | Bekijk onze diensten<\/title>\n<meta name=\"description\" content=\"Transport- en logistieke diensten. Flexibele oplossingen binnen het transport van b.v. droge goederen en gematigd transport en douane, evenals opslag en terminal.\" \/>\n<meta name=\"robots\" content=\"index, follow, max-snippet:-1, max-image-preview:large, max-video-preview:-1\" \/>\n<link rel=\"canonical\" href=\"https:\/\/intercargo.web07.tigermedia.eu\/nl\/diensten\/\" \/>\n<meta property=\"og:locale\" content=\"nl_NL\" \/>\n<meta property=\"og:type\" content=\"article\" \/>\n<meta property=\"og:title\" content=\"Wij zijn specialisten in transport | Bekijk onze diensten\" \/>\n<meta property=\"og:description\" content=\"Transport- en logistieke diensten. Flexibele oplossingen binnen het transport van b.v. droge goederen en gematigd transport en douane, evenals opslag en terminal.\" \/>\n<meta property=\"og:url\" content=\"https:\/\/intercargo.web07.tigermedia.eu\/nl\/diensten\/\" \/>\n<meta property=\"og:site_name\" content=\"intercargo scandinavia\" \/>\n<meta property=\"article:modified_time\" content=\"2024-09-19T14:33:09+00:00\" \/>\n<meta property=\"og:image\" content=\"https:\/\/intercargo.web07.tigermedia.eu\/wp-content\/uploads\/2024\/06\/O6A9653-scaled.jpg\" \/>\n\t<meta property=\"og:image:width\" content=\"2560\" \/>\n\t<meta property=\"og:image:height\" content=\"1707\" \/>\n\t<meta property=\"og:image:type\" content=\"image\/jpeg\" \/>\n<meta name=\"twitter:card\" content=\"summary_large_image\" \/>\n<meta name=\"twitter:label1\" content=\"Geschatte leestijd\" \/>\n\t<meta name=\"twitter:data1\" content=\"2 minuten\" \/>\n<script type=\"application\/ld+json\" class=\"yoast-schema-graph\">{\"@context\":\"https:\\\/\\\/schema.org\",\"@graph\":[{\"@type\":\"WebPage\",\"@id\":\"https:\\\/\\\/intercargo.web07.tigermedia.eu\\\/nl\\\/diensten\\\/\",\"url\":\"https:\\\/\\\/intercargo.web07.tigermedia.eu\\\/nl\\\/diensten\\\/\",\"name\":\"Wij zijn specialisten in transport | Bekijk onze diensten\",\"isPartOf\":{\"@id\":\"https:\\\/\\\/intercargo-scandinavia.dk\\\/#website\"},\"primaryImageOfPage\":{\"@id\":\"https:\\\/\\\/intercargo.web07.tigermedia.eu\\\/nl\\\/diensten\\\/#primaryimage\"},\"image\":{\"@id\":\"https:\\\/\\\/intercargo.web07.tigermedia.eu\\\/nl\\\/diensten\\\/#primaryimage\"},\"thumbnailUrl\":\"https:\\\/\\\/intercargo-scandinavia.dk\\\/wp-content\\\/uploads\\\/2024\\\/06\\\/O6A9653-scaled.jpg\",\"datePublished\":\"2023-07-06T09:22:35+00:00\",\"dateModified\":\"2024-09-19T14:33:09+00:00\",\"description\":\"Transport- en logistieke diensten. Flexibele oplossingen binnen het transport van b.v. droge goederen en gematigd transport en douane, evenals opslag en terminal.\",\"breadcrumb\":{\"@id\":\"https:\\\/\\\/intercargo.web07.tigermedia.eu\\\/nl\\\/diensten\\\/#breadcrumb\"},\"inLanguage\":\"nl-NL\",\"potentialAction\":[{\"@type\":\"ReadAction\",\"target\":[\"https:\\\/\\\/intercargo.web07.tigermedia.eu\\\/nl\\\/diensten\\\/\"]}]},{\"@type\":\"ImageObject\",\"inLanguage\":\"nl-NL\",\"@id\":\"https:\\\/\\\/intercargo.web07.tigermedia.eu\\\/nl\\\/diensten\\\/#primaryimage\",\"url\":\"https:\\\/\\\/intercargo-scandinavia.dk\\\/wp-content\\\/uploads\\\/2024\\\/06\\\/O6A9653-scaled.jpg\",\"contentUrl\":\"https:\\\/\\\/intercargo-scandinavia.dk\\\/wp-content\\\/uploads\\\/2024\\\/06\\\/O6A9653-scaled.jpg\",\"width\":2560,\"height\":1707},{\"@type\":\"BreadcrumbList\",\"@id\":\"https:\\\/\\\/intercargo.web07.tigermedia.eu\\\/nl\\\/diensten\\\/#breadcrumb\",\"itemListElement\":[{\"@type\":\"ListItem\",\"position\":1,\"name\":\"Hjem\",\"item\":\"https:\\\/\\\/intercargo-scandinavia.dk\\\/\"},{\"@type\":\"ListItem\",\"position\":2,\"name\":\"Diensten\"}]},{\"@type\":\"WebSite\",\"@id\":\"https:\\\/\\\/intercargo-scandinavia.dk\\\/#website\",\"url\":\"https:\\\/\\\/intercargo-scandinavia.dk\\\/\",\"name\":\"intercargo scandinavia\",\"description\":\"Specialist i skr\u00e6ddersyede logistikl\u00f8sninger\",\"publisher\":{\"@id\":\"https:\\\/\\\/intercargo-scandinavia.dk\\\/#organization\"},\"potentialAction\":[{\"@type\":\"SearchAction\",\"target\":{\"@type\":\"EntryPoint\",\"urlTemplate\":\"https:\\\/\\\/intercargo-scandinavia.dk\\\/?s={search_term_string}\"},\"query-input\":{\"@type\":\"PropertyValueSpecification\",\"valueRequired\":true,\"valueName\":\"search_term_string\"}}],\"inLanguage\":\"nl-NL\"},{\"@type\":\"Organization\",\"@id\":\"https:\\\/\\\/intercargo-scandinavia.dk\\\/#organization\",\"name\":\"intercargo scandinavia\",\"url\":\"https:\\\/\\\/intercargo-scandinavia.dk\\\/\",\"logo\":{\"@type\":\"ImageObject\",\"inLanguage\":\"nl-NL\",\"@id\":\"https:\\\/\\\/intercargo-scandinavia.dk\\\/#\\\/schema\\\/logo\\\/image\\\/\",\"url\":\"https:\\\/\\\/intercargo-scandinavia.dk\\\/wp-content\\\/uploads\\\/2024\\\/09\\\/intercargo_scandinavia_logo.jpg\",\"contentUrl\":\"https:\\\/\\\/intercargo-scandinavia.dk\\\/wp-content\\\/uploads\\\/2024\\\/09\\\/intercargo_scandinavia_logo.jpg\",\"width\":200,\"height\":200,\"caption\":\"intercargo scandinavia\"},\"image\":{\"@id\":\"https:\\\/\\\/intercargo-scandinavia.dk\\\/#\\\/schema\\\/logo\\\/image\\\/\"},\"sameAs\":[\"https:\\\/\\\/www.linkedin.com\\\/company\\\/intercargo-scandinavia\\\/?originalSubdomain=dk\"]}]}<\/script>\n<!-- \/ Yoast SEO plugin. -->","yoast_head_json":{"title":"Wij zijn specialisten in transport | Bekijk onze diensten","description":"Transport- en logistieke diensten. Flexibele oplossingen binnen het transport van b.v. droge goederen en gematigd transport en douane, evenals opslag en terminal.","robots":{"index":"index","follow":"follow","max-snippet":"max-snippet:-1","max-image-preview":"max-image-preview:large","max-video-preview":"max-video-preview:-1"},"canonical":"https:\/\/intercargo.web07.tigermedia.eu\/nl\/diensten\/","og_locale":"nl_NL","og_type":"article","og_title":"Wij zijn specialisten in transport | Bekijk onze diensten","og_description":"Transport- en logistieke diensten. Flexibele oplossingen binnen het transport van b.v. droge goederen en gematigd transport en douane, evenals opslag en terminal.","og_url":"https:\/\/intercargo.web07.tigermedia.eu\/nl\/diensten\/","og_site_name":"intercargo scandinavia","article_modified_time":"2024-09-19T14:33:09+00:00","og_image":[{"width":2560,"height":1707,"url":"https:\/\/intercargo.web07.tigermedia.eu\/wp-content\/uploads\/2024\/06\/O6A9653-scaled.jpg","type":"image\/jpeg"}],"twitter_card":"summary_large_image","twitter_misc":{"Geschatte leestijd":"2 minuten"},"schema":{"@context":"https:\/\/schema.org","@graph":[{"@type":"WebPage","@id":"https:\/\/intercargo.web07.tigermedia.eu\/nl\/diensten\/","url":"https:\/\/intercargo.web07.tigermedia.eu\/nl\/diensten\/","name":"Wij zijn specialisten in transport | Bekijk onze diensten","isPartOf":{"@id":"https:\/\/intercargo-scandinavia.dk\/#website"},"primaryImageOfPage":{"@id":"https:\/\/intercargo.web07.tigermedia.eu\/nl\/diensten\/#primaryimage"},"image":{"@id":"https:\/\/intercargo.web07.tigermedia.eu\/nl\/diensten\/#primaryimage"},"thumbnailUrl":"https:\/\/intercargo-scandinavia.dk\/wp-content\/uploads\/2024\/06\/O6A9653-scaled.jpg","datePublished":"2023-07-06T09:22:35+00:00","dateModified":"2024-09-19T14:33:09+00:00","description":"Transport- en logistieke diensten. Flexibele oplossingen binnen het transport van b.v. droge goederen en gematigd transport en douane, evenals opslag en terminal.","breadcrumb":{"@id":"https:\/\/intercargo.web07.tigermedia.eu\/nl\/diensten\/#breadcrumb"},"inLanguage":"nl-NL","potentialAction":[{"@type":"ReadAction","target":["https:\/\/intercargo.web07.tigermedia.eu\/nl\/diensten\/"]}]},{"@type":"ImageObject","inLanguage":"nl-NL","@id":"https:\/\/intercargo.web07.tigermedia.eu\/nl\/diensten\/#primaryimage","url":"https:\/\/intercargo-scandinavia.dk\/wp-content\/uploads\/2024\/06\/O6A9653-scaled.jpg","contentUrl":"https:\/\/intercargo-scandinavia.dk\/wp-content\/uploads\/2024\/06\/O6A9653-scaled.jpg","width":2560,"height":1707},{"@type":"BreadcrumbList","@id":"https:\/\/intercargo.web07.tigermedia.eu\/nl\/diensten\/#breadcrumb","itemListElement":[{"@type":"ListItem","position":1,"name":"Hjem","item":"https:\/\/intercargo-scandinavia.dk\/"},{"@type":"ListItem","position":2,"name":"Diensten"}]},{"@type":"WebSite","@id":"https:\/\/intercargo-scandinavia.dk\/#website","url":"https:\/\/intercargo-scandinavia.dk\/","name":"intercargo scandinavia","description":"Specialist i skr\u00e6ddersyede logistikl\u00f8sninger","publisher":{"@id":"https:\/\/intercargo-scandinavia.dk\/#organization"},"potentialAction":[{"@type":"SearchAction","target":{"@type":"EntryPoint","urlTemplate":"https:\/\/intercargo-scandinavia.dk\/?s={search_term_string}"},"query-input":{"@type":"PropertyValueSpecification","valueRequired":true,"valueName":"search_term_string"}}],"inLanguage":"nl-NL"},{"@type":"Organization","@id":"https:\/\/intercargo-scandinavia.dk\/#organization","name":"intercargo scandinavia","url":"https:\/\/intercargo-scandinavia.dk\/","logo":{"@type":"ImageObject","inLanguage":"nl-NL","@id":"https:\/\/intercargo-scandinavia.dk\/#\/schema\/logo\/image\/","url":"https:\/\/intercargo-scandinavia.dk\/wp-content\/uploads\/2024\/09\/intercargo_scandinavia_logo.jpg","contentUrl":"https:\/\/intercargo-scandinavia.dk\/wp-content\/uploads\/2024\/09\/intercargo_scandinavia_logo.jpg","width":200,"height":200,"caption":"intercargo scandinavia"},"image":{"@id":"https:\/\/intercargo-scandinavia.dk\/#\/schema\/logo\/image\/"},"sameAs":["https:\/\/www.linkedin.com\/company\/intercargo-scandinavia\/?originalSubdomain=dk"]}]}},"_links":{"self":[{"href":"https:\/\/intercargo-scandinavia.dk\/nl\/wp-json\/wp\/v2\/pages\/2097","targetHints":{"allow":["GET"]}}],"collection":[{"href":"https:\/\/intercargo-scandinavia.dk\/nl\/wp-json\/wp\/v2\/pages"}],"about":[{"href":"https:\/\/intercargo-scandinavia.dk\/nl\/wp-json\/wp\/v2\/types\/page"}],"author":[{"embeddable":true,"href":"https:\/\/intercargo-scandinavia.dk\/nl\/wp-json\/wp\/v2\/users\/2"}],"replies":[{"embeddable":true,"href":"https:\/\/intercargo-scandinavia.dk\/nl\/wp-json\/wp\/v2\/comments?post=2097"}],"version-history":[{"count":2,"href":"https:\/\/intercargo-scandinavia.dk\/nl\/wp-json\/wp\/v2\/pages\/2097\/revisions"}],"predecessor-version":[{"id":2145,"href":"https:\/\/intercargo-scandinavia.dk\/nl\/wp-json\/wp\/v2\/pages\/2097\/revisions\/2145"}],"wp:featuredmedia":[{"embeddable":true,"href":"https:\/\/intercargo-scandinavia.dk\/nl\/wp-json\/wp\/v2\/media\/2099"}],"wp:attachment":[{"href":"https:\/\/intercargo-scandinavia.dk\/nl\/wp-json\/wp\/v2\/media?parent=2097"}],"curies":[{"name":"wp","href":"https:\/\/api.w.org\/{rel}","templated":true}]}}