{"id":2436,"date":"2023-07-11T11:01:56","date_gmt":"2023-07-11T11:01:56","guid":{"rendered":"https:\/\/intercargo-scandinavia.dk\/esg\/"},"modified":"2024-09-19T13:48:16","modified_gmt":"2024-09-19T13:48:16","slug":"esg","status":"publish","type":"page","link":"https:\/\/intercargo-scandinavia.dk\/nl\/duurzaamheid\/esg\/","title":{"rendered":"ESG"},"content":{"rendered":"\t\t<div data-elementor-type=\"wp-page\" data-elementor-id=\"2436\" class=\"elementor elementor-2436 elementor-1182\" data-elementor-post-type=\"page\">\n\t\t\t\t\t\t<section class=\"elementor-section elementor-top-section elementor-element elementor-element-7bbd9ad elementor-section-boxed elementor-section-height-default elementor-section-height-default\" data-id=\"7bbd9ad\" data-element_type=\"section\" data-e-type=\"section\">\n\t\t\t\t\t\t<div class=\"elementor-container elementor-column-gap-default\">\n\t\t\t\t\t<div class=\"elementor-column elementor-col-100 elementor-top-column elementor-element elementor-element-709c0ec\" data-id=\"709c0ec\" data-element_type=\"column\" data-e-type=\"column\">\n\t\t\t<div class=\"elementor-widget-wrap elementor-element-populated\">\n\t\t\t\t\t\t<div class=\"elementor-element elementor-element-4c454ab elementor-widget elementor-widget-text-editor\" data-id=\"4c454ab\" data-element_type=\"widget\" data-e-type=\"widget\" data-widget_type=\"text-editor.default\">\n\t\t\t\t<div class=\"elementor-widget-container\">\n\t\t\t\t\t\t\t\t\t<h1><b>Duurzaamheid en maatschappelijk verantwoord ondernemen bij Intercargo Scandinavi\u00eb<\/b><\/h1>\n<p><span style=\"font-weight: 400;\">Bij Intercargo Scandinavi\u00eb geloven we in het doen van zaken met zorg. We doen dat zowel ten opzichte van de maatschappij, onze planeet, mensen en het milieu. Om deze reden zijn de ESG-principes (Milieu, Sociaal en Overheid) een integraal onderdeel van onze bedrijfsvoering. Dit betekent dat we ernaar streven om een positieve bijdrage te leveren aan de maatschappij waar we onderdeel van zijn. <\/span><\/p>\n\t\t\t\t\t\t\t\t<\/div>\n\t\t\t\t<\/div>\n\t\t\t\t\t<\/div>\n\t\t<\/div>\n\t\t\t\t\t<\/div>\n\t\t<\/section>\n\t\t\t\t<section class=\"elementor-section elementor-top-section elementor-element elementor-element-1e70a21 elementor-section-boxed elementor-section-height-default elementor-section-height-default\" data-id=\"1e70a21\" data-element_type=\"section\" data-e-type=\"section\">\n\t\t\t\t\t\t<div class=\"elementor-container elementor-column-gap-default\">\n\t\t\t\t\t<div class=\"elementor-column elementor-col-50 elementor-top-column elementor-element elementor-element-0ae23ab\" data-id=\"0ae23ab\" data-element_type=\"column\" data-e-type=\"column\" data-settings=\"{&quot;background_background&quot;:&quot;classic&quot;}\">\n\t\t\t<div class=\"elementor-widget-wrap elementor-element-populated\">\n\t\t\t\t\t\t<div class=\"elementor-element elementor-element-883581f elementor-widget elementor-widget-text-editor\" data-id=\"883581f\" data-element_type=\"widget\" data-e-type=\"widget\" data-widget_type=\"text-editor.default\">\n\t\t\t\t<div class=\"elementor-widget-container\">\n\t\t\t\t\t\t\t\t\t<h2><b>Onze toewijding aan de maatschappij en het milieu<\/b><\/h2>\n<p><span style=\"font-weight: 400;\">MVO (Maatschappelijk Verantwoord Ondernemen) is onderdeel van onze bedrijfscultuur, DNA en zelfbewustzijn. We vinden het belangrijk dat het succes van ons bedrijf nauw verbonden is aan wat wij bedragen aan de maatschappij. Om deze reden hebben we aantal initiatieven rondom maatschappelijk verantwoord ondernemen binnen onze bedrijfsvoering opgenomen. Zo drukken we onze stempel op de maatschappij en het milieu  <\/p>\n<p><\/span><b>Duurzaamheid op \u00e9\u00e9n<br \/><\/b><span style=\"font-weight: 400;\">Als het aankomt op hoe we het MVO-programma uitvoeren, kijken we vooral naar belangrijke onderdelen, zoals: de rechten van de werknemer, het beschermen van het milieu en toewijding aan de maatschappij. Ons doel is dan ook om meer een duurzamere toekomst mogelijk te maken, waar zowel de mens als de planeet baat bij heeft. <\/span><\/p>\n<h2><b><br \/>Vermindering van negatieve effecten op klimaat via CO2-rapporten<\/b><\/h2>\n<p><span style=\"font-weight: 400;\">Intercargo Scandinavi\u00eb is toegewijd aan het terugdringen van klimaatverandering en het verkleinen van onze CO2-voetafdruk. Door ieder jaar CO2 te rapporteren, dragen we bij aan het verbeteren van het milieu. Samen met het rapport nemen we ieder jaar op nieuw onze activiteiten nauw onder de loep, zodat we nieuwe mogelijkheden vinden om negatieve effecten op het klimaat terug te dringen. <\/p>\n<p><\/span><b>Groene investeren<br \/><\/b><span style=\"font-weight: 400;\">We zijn toegewijd aan het implementeren van groene initiatieven die onze CO2-uitstoot terug kunnen dringen. Door te investeren in energie-effici\u00ebnte technologie\u00ebn, een duurzaam transport en het verminderen van afvalstoffen, streven we ernaar om een duurzamere leveringsketen te cre\u00ebren en zo bij te dragen aan een schoner en groenere toekomst. <\/p>\n<p><\/span><b>Transparantie en inspiratie<br \/><\/b><span style=\"font-weight: 400;\">We geloven dat transparantie de belangrijkste sleutel is naar het bereiken van onze duurzaamheidsdoelen. Daarom delen we onze CO2- en voortgangsrapporten met het publiek. Op die manier kunnen onze aandeelhouders en andere ge\u00efnteresseerde personen een vinger aan de pols houden als het gaat om het terugdringen van klimaatimpact. We willen dan ook graag de leider zijn op gebied van CO2-rapportage en daarbij een voorbeeld zijn voor anderen, zodat deze ons volgen.  <\/p>\n<p><\/span><b>Onze toewijding aan de toekomst<br \/><\/b><span style=\"font-weight: 400;\">Bij Intercargo Scandinavi\u00eb zijn we trots op onze ESG-initiatieven. Dat is vooral omdat we voor een groot deel verantwoordelijk zijn voor het bijdragen aan een positief effect op de maatschappij en het milieu. Om deze reden werken we steeds weer aan het verbeteren van MVO-doelen en het terugdringen van de CO2-afdruk. <\/span><\/p>\n\t\t\t\t\t\t\t\t<\/div>\n\t\t\t\t<\/div>\n\t\t\t\t\t<\/div>\n\t\t<\/div>\n\t\t\t\t<div class=\"elementor-column elementor-col-50 elementor-top-column elementor-element elementor-element-f78db53\" data-id=\"f78db53\" data-element_type=\"column\" data-e-type=\"column\" data-settings=\"{&quot;background_background&quot;:&quot;classic&quot;}\">\n\t\t\t<div class=\"elementor-widget-wrap elementor-element-populated\">\n\t\t\t\t\t\t<section class=\"elementor-section elementor-inner-section elementor-element elementor-element-12ba2a2 elementor-section-height-min-height elementor-section-boxed elementor-section-height-default\" data-id=\"12ba2a2\" data-element_type=\"section\" data-e-type=\"section\">\n\t\t\t\t\t\t<div class=\"elementor-container elementor-column-gap-default\">\n\t\t\t\t\t<div class=\"elementor-column elementor-col-100 elementor-inner-column elementor-element elementor-element-b3b3f97\" data-id=\"b3b3f97\" data-element_type=\"column\" data-e-type=\"column\">\n\t\t\t<div class=\"elementor-widget-wrap elementor-element-populated\">\n\t\t\t\t\t\t<div class=\"elementor-element elementor-element-45b96e9 elementor-widget elementor-widget-image\" data-id=\"45b96e9\" data-element_type=\"widget\" data-e-type=\"widget\" data-widget_type=\"image.default\">\n\t\t\t\t<div class=\"elementor-widget-container\">\n\t\t\t\t\t\t\t\t\t\t\t\t\t\t\t<img fetchpriority=\"high\" decoding=\"async\" width=\"800\" height=\"600\" src=\"https:\/\/intercargo-scandinavia.dk\/wp-content\/uploads\/2024\/09\/GFX0366-1024x768.jpg\" class=\"attachment-large size-large wp-image-2248\" alt=\"\" srcset=\"https:\/\/intercargo-scandinavia.dk\/wp-content\/uploads\/2024\/09\/GFX0366-1024x768.jpg 1024w, https:\/\/intercargo-scandinavia.dk\/wp-content\/uploads\/2024\/09\/GFX0366-300x225.jpg 300w, https:\/\/intercargo-scandinavia.dk\/wp-content\/uploads\/2024\/09\/GFX0366-768x576.jpg 768w, https:\/\/intercargo-scandinavia.dk\/wp-content\/uploads\/2024\/09\/GFX0366-1536x1152.jpg 1536w, https:\/\/intercargo-scandinavia.dk\/wp-content\/uploads\/2024\/09\/GFX0366-2048x1536.jpg 2048w\" sizes=\"(max-width: 800px) 100vw, 800px\" \/>\t\t\t\t\t\t\t\t\t\t\t\t\t\t\t<\/div>\n\t\t\t\t<\/div>\n\t\t\t\t\t<\/div>\n\t\t<\/div>\n\t\t\t\t\t<\/div>\n\t\t<\/section>\n\t\t\t\t<section class=\"elementor-section elementor-inner-section elementor-element elementor-element-405489e elementor-section-height-min-height elementor-section-boxed elementor-section-height-default\" data-id=\"405489e\" data-element_type=\"section\" data-e-type=\"section\">\n\t\t\t\t\t\t<div class=\"elementor-container elementor-column-gap-default\">\n\t\t\t\t\t<div class=\"elementor-column elementor-col-100 elementor-inner-column elementor-element elementor-element-7a8f81f\" data-id=\"7a8f81f\" data-element_type=\"column\" data-e-type=\"column\">\n\t\t\t<div class=\"elementor-widget-wrap elementor-element-populated\">\n\t\t\t\t\t\t<div class=\"elementor-element elementor-element-106dad9 elementor-widget elementor-widget-text-editor\" data-id=\"106dad9\" data-element_type=\"widget\" data-e-type=\"widget\" data-widget_type=\"text-editor.default\">\n\t\t\t\t<div class=\"elementor-widget-container\">\n\t\t\t\t\t\t\t\t\t<h2 style=\"color:#fff;\"><b>IFS Logistics certificering: Waarborgen van kwaliteit en voedselveiligheid<\/b><\/h2>\n<span style=\"font-weight: 400;\">Intercargo Scandinavi\u00eb is gecertificeerd volgens de standaarden van IFS Logistics, waardoor we transport van hoge kwaliteit kunnen leveren. Dit is relevant voor klanten, zakenpartners en aandeelhouders. De standaarden van IFS Logistics vragen om een precieze registratie en documentatie van alle stappen in onze logistieke processen. Dit zorgt ervoor dat klanten hun zendingen op een transparante manier kunnen volgen. <\/span>\n\n<b>Veilig vervoer van voedingsproducten <\/b><span style=\"font-weight: 400;\">De IFS Logistics standaarden waarborgen dat we alle relevante wettelijke eisen en internationale standaarden naleven. Het gaat hier om standaarden met betrekking tot afhandeling, opslag en transport van voedingsproducten. Dit verkleint het risico op besmettingen of beschadigen van voedsel tijdens het vervoer. Het waarborgt ook dat klanten risico lopen op mogelijke boetes of rechtszaken, omdat ze zich niet aan de regels hebben gehouden. <\/span>\n\n<b>Verminderen van afval en verliezen <\/b><br><span style=\"font-weight: 400;\">Door de standaarden van IFS Logistics te volgen met betrekking tot correcte afhandeling, opslag en vervoeren van voedselproducten, kunnen bedrijven het risico op beschadiging van producten verkleinen. Daardoor kunnen we afval en andere verliezen in de toeleveringsketen verkleinen.<\/span>\t\t\t\t\t\t\t\t<\/div>\n\t\t\t\t<\/div>\n\t\t\t\t\t<\/div>\n\t\t<\/div>\n\t\t\t\t\t<\/div>\n\t\t<\/section>\n\t\t\t\t\t<\/div>\n\t\t<\/div>\n\t\t\t\t\t<\/div>\n\t\t<\/section>\n\t\t\t\t<\/div>\n\t\t","protected":false},"excerpt":{"rendered":"<p>Duurzaamheid en maatschappelijk verantwoord ondernemen bij Intercargo Scandinavi\u00eb Bij Intercargo Scandinavi\u00eb geloven we in het doen van zaken met zorg. We doen dat zowel ten opzichte van de maatschappij, onze planeet, mensen en het milieu. Om deze reden zijn de ESG-principes (Milieu, Sociaal en Overheid) een integraal onderdeel van onze bedrijfsvoering. Dit betekent dat we [&hellip;]<\/p>\n","protected":false},"author":2,"featured_media":2654,"parent":2860,"menu_order":0,"comment_status":"closed","ping_status":"closed","template":"","meta":{"footnotes":""},"class_list":["post-2436","page","type-page","status-publish","has-post-thumbnail","hentry"],"yoast_head":"<!-- This site is optimized with the Yoast SEO plugin v27.5 - https:\/\/yoast.com\/product\/yoast-seo-wordpress\/ -->\n<title>ESG - Our responsibility in society as an international company<\/title>\n<meta name=\"description\" content=\"At Intercargo Scandinavia A\/S, we take our responsibility as a transport company seriously. Read more about our social, environmental and management responsibility.\" \/>\n<meta name=\"robots\" content=\"index, follow, max-snippet:-1, max-image-preview:large, max-video-preview:-1\" \/>\n<link rel=\"canonical\" href=\"https:\/\/intercargo-scandinavia.dk\/nl\/duurzaamheid\/esg\/\" \/>\n<meta property=\"og:locale\" content=\"nl_NL\" \/>\n<meta property=\"og:type\" content=\"article\" \/>\n<meta property=\"og:title\" content=\"ESG - Our responsibility in society as an international company\" \/>\n<meta property=\"og:description\" content=\"At Intercargo Scandinavia A\/S, we take our responsibility as a transport company seriously. Read more about our social, environmental and management responsibility.\" \/>\n<meta property=\"og:url\" content=\"https:\/\/intercargo-scandinavia.dk\/nl\/duurzaamheid\/esg\/\" \/>\n<meta property=\"og:site_name\" content=\"intercargo scandinavia\" \/>\n<meta property=\"article:modified_time\" content=\"2024-09-19T13:48:16+00:00\" \/>\n<meta property=\"og:image\" content=\"https:\/\/intercargo.web07.tigermedia.eu\/wp-content\/uploads\/2023\/05\/new_green_logistics02.jpg\" \/>\n\t<meta property=\"og:image:width\" content=\"1920\" \/>\n\t<meta property=\"og:image:height\" content=\"980\" \/>\n\t<meta property=\"og:image:type\" content=\"image\/jpeg\" \/>\n<meta name=\"twitter:card\" content=\"summary_large_image\" \/>\n<meta name=\"twitter:label1\" content=\"Geschatte leestijd\" \/>\n\t<meta name=\"twitter:data1\" content=\"3 minuten\" \/>\n<script type=\"application\/ld+json\" class=\"yoast-schema-graph\">{\"@context\":\"https:\\\/\\\/schema.org\",\"@graph\":[{\"@type\":\"WebPage\",\"@id\":\"https:\\\/\\\/intercargo-scandinavia.dk\\\/nl\\\/duurzaamheid\\\/esg\\\/\",\"url\":\"https:\\\/\\\/intercargo-scandinavia.dk\\\/nl\\\/duurzaamheid\\\/esg\\\/\",\"name\":\"ESG - Our responsibility in society as an international company\",\"isPartOf\":{\"@id\":\"https:\\\/\\\/intercargo-scandinavia.dk\\\/#website\"},\"primaryImageOfPage\":{\"@id\":\"https:\\\/\\\/intercargo-scandinavia.dk\\\/nl\\\/duurzaamheid\\\/esg\\\/#primaryimage\"},\"image\":{\"@id\":\"https:\\\/\\\/intercargo-scandinavia.dk\\\/nl\\\/duurzaamheid\\\/esg\\\/#primaryimage\"},\"thumbnailUrl\":\"https:\\\/\\\/intercargo-scandinavia.dk\\\/wp-content\\\/uploads\\\/2023\\\/05\\\/new_green_logistics02.jpg\",\"datePublished\":\"2023-07-11T11:01:56+00:00\",\"dateModified\":\"2024-09-19T13:48:16+00:00\",\"description\":\"At Intercargo Scandinavia A\\\/S, we take our responsibility as a transport company seriously. Read more about our social, environmental and management responsibility.\",\"breadcrumb\":{\"@id\":\"https:\\\/\\\/intercargo-scandinavia.dk\\\/nl\\\/duurzaamheid\\\/esg\\\/#breadcrumb\"},\"inLanguage\":\"nl-NL\",\"potentialAction\":[{\"@type\":\"ReadAction\",\"target\":[\"https:\\\/\\\/intercargo-scandinavia.dk\\\/nl\\\/duurzaamheid\\\/esg\\\/\"]}]},{\"@type\":\"ImageObject\",\"inLanguage\":\"nl-NL\",\"@id\":\"https:\\\/\\\/intercargo-scandinavia.dk\\\/nl\\\/duurzaamheid\\\/esg\\\/#primaryimage\",\"url\":\"https:\\\/\\\/intercargo-scandinavia.dk\\\/wp-content\\\/uploads\\\/2023\\\/05\\\/new_green_logistics02.jpg\",\"contentUrl\":\"https:\\\/\\\/intercargo-scandinavia.dk\\\/wp-content\\\/uploads\\\/2023\\\/05\\\/new_green_logistics02.jpg\",\"width\":1920,\"height\":980},{\"@type\":\"BreadcrumbList\",\"@id\":\"https:\\\/\\\/intercargo-scandinavia.dk\\\/nl\\\/duurzaamheid\\\/esg\\\/#breadcrumb\",\"itemListElement\":[{\"@type\":\"ListItem\",\"position\":1,\"name\":\"Hjem\",\"item\":\"https:\\\/\\\/intercargo-scandinavia.dk\\\/\"},{\"@type\":\"ListItem\",\"position\":2,\"name\":\"Duurzaamheid\",\"item\":\"https:\\\/\\\/intercargo-scandinavia.dk\\\/nl\\\/duurzaamheid\\\/\"},{\"@type\":\"ListItem\",\"position\":3,\"name\":\"ESG\"}]},{\"@type\":\"WebSite\",\"@id\":\"https:\\\/\\\/intercargo-scandinavia.dk\\\/#website\",\"url\":\"https:\\\/\\\/intercargo-scandinavia.dk\\\/\",\"name\":\"intercargo scandinavia\",\"description\":\"Specialist i skr\u00e6ddersyede logistikl\u00f8sninger\",\"publisher\":{\"@id\":\"https:\\\/\\\/intercargo-scandinavia.dk\\\/#organization\"},\"potentialAction\":[{\"@type\":\"SearchAction\",\"target\":{\"@type\":\"EntryPoint\",\"urlTemplate\":\"https:\\\/\\\/intercargo-scandinavia.dk\\\/?s={search_term_string}\"},\"query-input\":{\"@type\":\"PropertyValueSpecification\",\"valueRequired\":true,\"valueName\":\"search_term_string\"}}],\"inLanguage\":\"nl-NL\"},{\"@type\":\"Organization\",\"@id\":\"https:\\\/\\\/intercargo-scandinavia.dk\\\/#organization\",\"name\":\"intercargo scandinavia\",\"url\":\"https:\\\/\\\/intercargo-scandinavia.dk\\\/\",\"logo\":{\"@type\":\"ImageObject\",\"inLanguage\":\"nl-NL\",\"@id\":\"https:\\\/\\\/intercargo-scandinavia.dk\\\/#\\\/schema\\\/logo\\\/image\\\/\",\"url\":\"https:\\\/\\\/intercargo-scandinavia.dk\\\/wp-content\\\/uploads\\\/2024\\\/09\\\/intercargo_scandinavia_logo.jpg\",\"contentUrl\":\"https:\\\/\\\/intercargo-scandinavia.dk\\\/wp-content\\\/uploads\\\/2024\\\/09\\\/intercargo_scandinavia_logo.jpg\",\"width\":200,\"height\":200,\"caption\":\"intercargo scandinavia\"},\"image\":{\"@id\":\"https:\\\/\\\/intercargo-scandinavia.dk\\\/#\\\/schema\\\/logo\\\/image\\\/\"},\"sameAs\":[\"https:\\\/\\\/www.linkedin.com\\\/company\\\/intercargo-scandinavia\\\/?originalSubdomain=dk\"]}]}<\/script>\n<!-- \/ Yoast SEO plugin. -->","yoast_head_json":{"title":"ESG - Our responsibility in society as an international company","description":"At Intercargo Scandinavia A\/S, we take our responsibility as a transport company seriously. Read more about our social, environmental and management responsibility.","robots":{"index":"index","follow":"follow","max-snippet":"max-snippet:-1","max-image-preview":"max-image-preview:large","max-video-preview":"max-video-preview:-1"},"canonical":"https:\/\/intercargo-scandinavia.dk\/nl\/duurzaamheid\/esg\/","og_locale":"nl_NL","og_type":"article","og_title":"ESG - Our responsibility in society as an international company","og_description":"At Intercargo Scandinavia A\/S, we take our responsibility as a transport company seriously. Read more about our social, environmental and management responsibility.","og_url":"https:\/\/intercargo-scandinavia.dk\/nl\/duurzaamheid\/esg\/","og_site_name":"intercargo scandinavia","article_modified_time":"2024-09-19T13:48:16+00:00","og_image":[{"width":1920,"height":980,"url":"https:\/\/intercargo.web07.tigermedia.eu\/wp-content\/uploads\/2023\/05\/new_green_logistics02.jpg","type":"image\/jpeg"}],"twitter_card":"summary_large_image","twitter_misc":{"Geschatte leestijd":"3 minuten"},"schema":{"@context":"https:\/\/schema.org","@graph":[{"@type":"WebPage","@id":"https:\/\/intercargo-scandinavia.dk\/nl\/duurzaamheid\/esg\/","url":"https:\/\/intercargo-scandinavia.dk\/nl\/duurzaamheid\/esg\/","name":"ESG - Our responsibility in society as an international company","isPartOf":{"@id":"https:\/\/intercargo-scandinavia.dk\/#website"},"primaryImageOfPage":{"@id":"https:\/\/intercargo-scandinavia.dk\/nl\/duurzaamheid\/esg\/#primaryimage"},"image":{"@id":"https:\/\/intercargo-scandinavia.dk\/nl\/duurzaamheid\/esg\/#primaryimage"},"thumbnailUrl":"https:\/\/intercargo-scandinavia.dk\/wp-content\/uploads\/2023\/05\/new_green_logistics02.jpg","datePublished":"2023-07-11T11:01:56+00:00","dateModified":"2024-09-19T13:48:16+00:00","description":"At Intercargo Scandinavia A\/S, we take our responsibility as a transport company seriously. Read more about our social, environmental and management responsibility.","breadcrumb":{"@id":"https:\/\/intercargo-scandinavia.dk\/nl\/duurzaamheid\/esg\/#breadcrumb"},"inLanguage":"nl-NL","potentialAction":[{"@type":"ReadAction","target":["https:\/\/intercargo-scandinavia.dk\/nl\/duurzaamheid\/esg\/"]}]},{"@type":"ImageObject","inLanguage":"nl-NL","@id":"https:\/\/intercargo-scandinavia.dk\/nl\/duurzaamheid\/esg\/#primaryimage","url":"https:\/\/intercargo-scandinavia.dk\/wp-content\/uploads\/2023\/05\/new_green_logistics02.jpg","contentUrl":"https:\/\/intercargo-scandinavia.dk\/wp-content\/uploads\/2023\/05\/new_green_logistics02.jpg","width":1920,"height":980},{"@type":"BreadcrumbList","@id":"https:\/\/intercargo-scandinavia.dk\/nl\/duurzaamheid\/esg\/#breadcrumb","itemListElement":[{"@type":"ListItem","position":1,"name":"Hjem","item":"https:\/\/intercargo-scandinavia.dk\/"},{"@type":"ListItem","position":2,"name":"Duurzaamheid","item":"https:\/\/intercargo-scandinavia.dk\/nl\/duurzaamheid\/"},{"@type":"ListItem","position":3,"name":"ESG"}]},{"@type":"WebSite","@id":"https:\/\/intercargo-scandinavia.dk\/#website","url":"https:\/\/intercargo-scandinavia.dk\/","name":"intercargo scandinavia","description":"Specialist i skr\u00e6ddersyede logistikl\u00f8sninger","publisher":{"@id":"https:\/\/intercargo-scandinavia.dk\/#organization"},"potentialAction":[{"@type":"SearchAction","target":{"@type":"EntryPoint","urlTemplate":"https:\/\/intercargo-scandinavia.dk\/?s={search_term_string}"},"query-input":{"@type":"PropertyValueSpecification","valueRequired":true,"valueName":"search_term_string"}}],"inLanguage":"nl-NL"},{"@type":"Organization","@id":"https:\/\/intercargo-scandinavia.dk\/#organization","name":"intercargo scandinavia","url":"https:\/\/intercargo-scandinavia.dk\/","logo":{"@type":"ImageObject","inLanguage":"nl-NL","@id":"https:\/\/intercargo-scandinavia.dk\/#\/schema\/logo\/image\/","url":"https:\/\/intercargo-scandinavia.dk\/wp-content\/uploads\/2024\/09\/intercargo_scandinavia_logo.jpg","contentUrl":"https:\/\/intercargo-scandinavia.dk\/wp-content\/uploads\/2024\/09\/intercargo_scandinavia_logo.jpg","width":200,"height":200,"caption":"intercargo scandinavia"},"image":{"@id":"https:\/\/intercargo-scandinavia.dk\/#\/schema\/logo\/image\/"},"sameAs":["https:\/\/www.linkedin.com\/company\/intercargo-scandinavia\/?originalSubdomain=dk"]}]}},"_links":{"self":[{"href":"https:\/\/intercargo-scandinavia.dk\/nl\/wp-json\/wp\/v2\/pages\/2436","targetHints":{"allow":["GET"]}}],"collection":[{"href":"https:\/\/intercargo-scandinavia.dk\/nl\/wp-json\/wp\/v2\/pages"}],"about":[{"href":"https:\/\/intercargo-scandinavia.dk\/nl\/wp-json\/wp\/v2\/types\/page"}],"author":[{"embeddable":true,"href":"https:\/\/intercargo-scandinavia.dk\/nl\/wp-json\/wp\/v2\/users\/2"}],"replies":[{"embeddable":true,"href":"https:\/\/intercargo-scandinavia.dk\/nl\/wp-json\/wp\/v2\/comments?post=2436"}],"version-history":[{"count":5,"href":"https:\/\/intercargo-scandinavia.dk\/nl\/wp-json\/wp\/v2\/pages\/2436\/revisions"}],"predecessor-version":[{"id":2830,"href":"https:\/\/intercargo-scandinavia.dk\/nl\/wp-json\/wp\/v2\/pages\/2436\/revisions\/2830"}],"up":[{"embeddable":true,"href":"https:\/\/intercargo-scandinavia.dk\/nl\/wp-json\/wp\/v2\/pages\/2860"}],"wp:featuredmedia":[{"embeddable":true,"href":"https:\/\/intercargo-scandinavia.dk\/nl\/wp-json\/wp\/v2\/media\/2654"}],"wp:attachment":[{"href":"https:\/\/intercargo-scandinavia.dk\/nl\/wp-json\/wp\/v2\/media?parent=2436"}],"curies":[{"name":"wp","href":"https:\/\/api.w.org\/{rel}","templated":true}]}}