{"id":2322,"date":"2023-05-23T11:15:53","date_gmt":"2023-05-23T11:15:53","guid":{"rendered":"https:\/\/intercargo-scandinavia.dk\/front\/"},"modified":"2024-11-15T12:48:24","modified_gmt":"2024-11-15T12:48:24","slug":"front","status":"publish","type":"page","link":"https:\/\/intercargo-scandinavia.dk\/no\/","title":{"rendered":"Front"},"content":{"rendered":"<h1>Spesialist p\u00e5 skreddersydde logistikkl\u00f8sninger <\/h1>\n<p>Vi h\u00e5ndterer transport av matvarer, b\u00e5de ferske og frosne, samt t\u00f8rrvarer og varer av h\u00f8y verdi i hele Europa. V\u00e5re prim\u00e6re markeder omfatter Norden, Tyskland, Polen, Nederland, Belgia og Italia. Vi tilbyr omfattende hjelp med toll og tolldokumentasjon, slik at du kan fokusere p\u00e5 kjernevirksomheten din.  <\/p>\n<p>\t\t\t\t\t<a href=\"https:\/\/intercargo-scandinavia.dk\/no\/om-oss\/\"><br \/>\n\t\t\t\t\t\t\t\t\tLes mer om oss<br \/>\n\t\t\t\t\t<\/a><br \/>\n\t\t\t\t\t<a href=\"#services\"><br \/>\n\t\t\t\t\t\t\t\t\tUtforsk tjenestene v\u00e5re<br \/>\n\t\t\t\t\t<\/a><br \/>\n\t\t\t\t\t<a href=\"#services\"><br \/>\n\t\t\t\t\t\t\t\t\tUtforsk tjenestene v\u00e5re<br \/>\n\t\t\t\t\t<\/a><\/p>\n<h2>B\u00e6rekraftig logistikk <\/h2>\n<p>V\u00e5r gr\u00f8nne logistikkprofil er basert p\u00e5 et tankesett som gjennomsyrer hele organisasjonen. Vi jobber hele tiden for \u00e5 optimalisere ressursforbruket og minimere milj\u00f8p\u00e5virkningen v\u00e5r. <\/p>\n<h3><a href=\"https:\/\/intercargo-scandinavia.dk\/no\/kontakt\/\">Vil du at vi skal hjelpe deg ogs\u00e5?<\/a><\/h3>\n<p>\t\t\t\t\t<a href=\"#sustainability\"><br \/>\n\t\t\t\t\t\t\t\t\tVi er et b\u00e6rekraftig selskap<br \/>\n\t\t\t\t\t<\/a><br \/>\n\t\t\t\t\t<a href=\"https:\/\/intercargo-scandinavia.dk\/services\/transport\/\"><br \/>\n\t\t\t\t\t\t\t\t\tTransport<br \/>\n\t\t\t\t\t<\/a><br \/>\n\t\t\t\t\t<a href=\"https:\/\/intercargo-scandinavia.dk\/services\/told\/\"><br \/>\n\t\t\t\t\t\t\t\t\tToll<br \/>\n\t\t\t\t\t<\/a><br \/>\n\t\t\t\t\t<a href=\"https:\/\/intercargo-scandinavia.dk\/lager-og-terminal\/\"><br \/>\n\t\t\t\t\t\t\t\t\tLager og terminal<br \/>\n\t\t\t\t\t<\/a><\/p>\n<h2>Avansert og milj\u00f8vennlig teknologi<\/h2>\n<p>Vi er opptatt av gr\u00f8nne l\u00f8sninger i v\u00e5r logistikk. Vi bruker togl\u00f8sninger og b\u00e6rekraftig drivstoff. Med d\u00f8gnkontinuerlig overv\u00e5king garanterer vi trygg og p\u00e5litelig transport med kontinuerlig CO2-rapportering til kundene.  <\/p>\n<p>\t\t\t\t\t<a href=\"https:\/\/intercargo-scandinavia.dk\/no\/baerekraft\/\"><br \/>\n\t\t\t\t\t\t\t\t\tLes mer om b\u00e6rekraft<br \/>\n\t\t\t\t\t<\/a><\/p>\n<h2>Fokus p\u00e5 medarbeidernes trivsel <\/h2>\n<p>Medarbeiderne er hjertet i enhver organisasjon. Ved \u00e5 investere i medarbeidernes utvikling og trivsel sikrer vi en stabil, produktiv og innovativ arbeidsstyrke. Vi mener at en sunn bedriftskultur er avgj\u00f8rende for \u00e5 tiltrekke seg nye talenter og holde p\u00e5 eksisterende talenter.  <\/p>\n<p>\t\t\t\t\t\t\t\t\t\t\t\t\t<img fetchpriority=\"high\" decoding=\"async\" width=\"800\" height=\"534\" src=\"https:\/\/intercargo-scandinavia.dk\/wp-content\/uploads\/2024\/06\/O6A7058-1024x683.jpg\" alt=\"\" srcset=\"https:\/\/intercargo-scandinavia.dk\/wp-content\/uploads\/2024\/06\/O6A7058-1024x683.jpg 1024w, https:\/\/intercargo-scandinavia.dk\/wp-content\/uploads\/2024\/06\/O6A7058-300x200.jpg 300w, https:\/\/intercargo-scandinavia.dk\/wp-content\/uploads\/2024\/06\/O6A7058-768x512.jpg 768w, https:\/\/intercargo-scandinavia.dk\/wp-content\/uploads\/2024\/06\/O6A7058-1536x1024.jpg 1536w, https:\/\/intercargo-scandinavia.dk\/wp-content\/uploads\/2024\/06\/O6A7058.jpg 1920w\" sizes=\"(max-width: 800px) 100vw, 800px\" \/>\t\t\t\t\t\t\t\t\t\t\t\t\t<\/p>\n<h2>Kontakt oss for skreddersydde logistikkl\u00f8sninger <\/h2>\n","protected":false},"excerpt":{"rendered":"<p>Spesialist p\u00e5 skreddersydde logistikkl\u00f8sninger Vi h\u00e5ndterer transport av matvarer, b\u00e5de ferske og frosne, samt t\u00f8rrvarer og varer av h\u00f8y verdi i hele Europa. V\u00e5re prim\u00e6re markeder omfatter Norden, Tyskland, Polen, Nederland, Belgia og Italia. Vi tilbyr omfattende hjelp med toll og tolldokumentasjon, slik at du kan fokusere p\u00e5 kjernevirksomheten din. Les mer om oss Utforsk [&hellip;]<\/p>\n","protected":false},"author":3,"featured_media":0,"parent":0,"menu_order":0,"comment_status":"closed","ping_status":"closed","template":"","meta":{"footnotes":""},"class_list":["post-2322","page","type-page","status-publish","hentry"],"yoast_head":"<!-- This site is optimized with the Yoast SEO plugin v26.8 - https:\/\/yoast.com\/product\/yoast-seo-wordpress\/ -->\n<title>Intercargo Scandinavia A\/S - Internasjonalt transportselskap<\/title>\n<meta name=\"description\" content=\"Vi tilbyr logistikkl\u00f8sninger som passer hver enkelt foresp\u00f8rsel. Samarbeid med oss betyr ekstraordin\u00e6r service og varsom h\u00e5ndtering av varer.\" \/>\n<meta name=\"robots\" content=\"index, follow, max-snippet:-1, max-image-preview:large, max-video-preview:-1\" \/>\n<link rel=\"canonical\" href=\"https:\/\/intercargo-scandinavia.dk\/\" \/>\n<meta property=\"og:locale\" content=\"nb_NO\" \/>\n<meta property=\"og:type\" content=\"article\" \/>\n<meta property=\"og:title\" content=\"Intercargo Scandinavia A\/S - Internasjonalt transportselskap\" \/>\n<meta property=\"og:description\" content=\"Vi tilbyr logistikkl\u00f8sninger som passer hver enkelt foresp\u00f8rsel. Samarbeid med oss betyr ekstraordin\u00e6r service og varsom h\u00e5ndtering av varer.\" \/>\n<meta property=\"og:url\" content=\"https:\/\/intercargo-scandinavia.dk\/\" \/>\n<meta property=\"og:site_name\" content=\"intercargo scandinavia\" \/>\n<meta property=\"article:modified_time\" content=\"2024-11-15T12:48:24+00:00\" \/>\n<meta property=\"og:image\" content=\"https:\/\/intercargo-scandinavia.dk\/wp-content\/uploads\/2024\/06\/O6A7058.jpg\" \/>\n\t<meta property=\"og:image:width\" content=\"1920\" \/>\n\t<meta property=\"og:image:height\" content=\"1280\" \/>\n\t<meta property=\"og:image:type\" content=\"image\/jpeg\" \/>\n<meta name=\"twitter:card\" content=\"summary_large_image\" \/>\n<meta name=\"twitter:label1\" content=\"Ansl. lesetid\" \/>\n\t<meta name=\"twitter:data1\" content=\"2 minutter\" \/>\n<script type=\"application\/ld+json\" class=\"yoast-schema-graph\">{\"@context\":\"https:\/\/schema.org\",\"@graph\":[{\"@type\":\"WebPage\",\"@id\":\"https:\/\/intercargo-scandinavia.dk\/\",\"url\":\"https:\/\/intercargo-scandinavia.dk\/\",\"name\":\"Intercargo Scandinavia A\/S - Internasjonalt transportselskap\",\"isPartOf\":{\"@id\":\"https:\/\/intercargo-scandinavia.dk\/#website\"},\"primaryImageOfPage\":{\"@id\":\"https:\/\/intercargo-scandinavia.dk\/#primaryimage\"},\"image\":{\"@id\":\"https:\/\/intercargo-scandinavia.dk\/#primaryimage\"},\"thumbnailUrl\":\"https:\/\/intercargo-scandinavia.dk\/wp-content\/uploads\/2024\/06\/O6A7058-1024x683.jpg\",\"datePublished\":\"2023-05-23T11:15:53+00:00\",\"dateModified\":\"2024-11-15T12:48:24+00:00\",\"description\":\"Vi tilbyr logistikkl\u00f8sninger som passer hver enkelt foresp\u00f8rsel. Samarbeid med oss betyr ekstraordin\u00e6r service og varsom h\u00e5ndtering av varer.\",\"breadcrumb\":{\"@id\":\"https:\/\/intercargo-scandinavia.dk\/#breadcrumb\"},\"inLanguage\":\"nb-NO\",\"potentialAction\":[{\"@type\":\"ReadAction\",\"target\":[\"https:\/\/intercargo-scandinavia.dk\/\"]}]},{\"@type\":\"ImageObject\",\"inLanguage\":\"nb-NO\",\"@id\":\"https:\/\/intercargo-scandinavia.dk\/#primaryimage\",\"url\":\"https:\/\/intercargo-scandinavia.dk\/wp-content\/uploads\/2024\/06\/O6A7058-1024x683.jpg\",\"contentUrl\":\"https:\/\/intercargo-scandinavia.dk\/wp-content\/uploads\/2024\/06\/O6A7058-1024x683.jpg\"},{\"@type\":\"BreadcrumbList\",\"@id\":\"https:\/\/intercargo-scandinavia.dk\/#breadcrumb\",\"itemListElement\":[{\"@type\":\"ListItem\",\"position\":1,\"name\":\"Hjem\",\"item\":\"https:\/\/intercargo-scandinavia.dk\/\"},{\"@type\":\"ListItem\",\"position\":2,\"name\":\"Front\"}]},{\"@type\":\"WebSite\",\"@id\":\"https:\/\/intercargo-scandinavia.dk\/#website\",\"url\":\"https:\/\/intercargo-scandinavia.dk\/\",\"name\":\"intercargo scandinavia\",\"description\":\"Specialist i skr\u00e6ddersyede logistikl\u00f8sninger\",\"publisher\":{\"@id\":\"https:\/\/intercargo-scandinavia.dk\/#organization\"},\"potentialAction\":[{\"@type\":\"SearchAction\",\"target\":{\"@type\":\"EntryPoint\",\"urlTemplate\":\"https:\/\/intercargo-scandinavia.dk\/?s={search_term_string}\"},\"query-input\":{\"@type\":\"PropertyValueSpecification\",\"valueRequired\":true,\"valueName\":\"search_term_string\"}}],\"inLanguage\":\"nb-NO\"},{\"@type\":\"Organization\",\"@id\":\"https:\/\/intercargo-scandinavia.dk\/#organization\",\"name\":\"intercargo scandinavia\",\"url\":\"https:\/\/intercargo-scandinavia.dk\/\",\"logo\":{\"@type\":\"ImageObject\",\"inLanguage\":\"nb-NO\",\"@id\":\"https:\/\/intercargo-scandinavia.dk\/#\/schema\/logo\/image\/\",\"url\":\"https:\/\/intercargo-scandinavia.dk\/wp-content\/uploads\/2024\/09\/intercargo_scandinavia_logo.jpg\",\"contentUrl\":\"https:\/\/intercargo-scandinavia.dk\/wp-content\/uploads\/2024\/09\/intercargo_scandinavia_logo.jpg\",\"width\":200,\"height\":200,\"caption\":\"intercargo scandinavia\"},\"image\":{\"@id\":\"https:\/\/intercargo-scandinavia.dk\/#\/schema\/logo\/image\/\"},\"sameAs\":[\"https:\/\/www.linkedin.com\/company\/intercargo-scandinavia\/?originalSubdomain=dk\"]}]}<\/script>\n<!-- \/ Yoast SEO plugin. -->","yoast_head_json":{"title":"Intercargo Scandinavia A\/S - Internasjonalt transportselskap","description":"Vi tilbyr logistikkl\u00f8sninger som passer hver enkelt foresp\u00f8rsel. Samarbeid med oss betyr ekstraordin\u00e6r service og varsom h\u00e5ndtering av varer.","robots":{"index":"index","follow":"follow","max-snippet":"max-snippet:-1","max-image-preview":"max-image-preview:large","max-video-preview":"max-video-preview:-1"},"canonical":"https:\/\/intercargo-scandinavia.dk\/","og_locale":"nb_NO","og_type":"article","og_title":"Intercargo Scandinavia A\/S - Internasjonalt transportselskap","og_description":"Vi tilbyr logistikkl\u00f8sninger som passer hver enkelt foresp\u00f8rsel. Samarbeid med oss betyr ekstraordin\u00e6r service og varsom h\u00e5ndtering av varer.","og_url":"https:\/\/intercargo-scandinavia.dk\/","og_site_name":"intercargo scandinavia","article_modified_time":"2024-11-15T12:48:24+00:00","og_image":[{"width":1920,"height":1280,"url":"https:\/\/intercargo-scandinavia.dk\/wp-content\/uploads\/2024\/06\/O6A7058.jpg","type":"image\/jpeg"}],"twitter_card":"summary_large_image","twitter_misc":{"Ansl. lesetid":"2 minutter"},"schema":{"@context":"https:\/\/schema.org","@graph":[{"@type":"WebPage","@id":"https:\/\/intercargo-scandinavia.dk\/","url":"https:\/\/intercargo-scandinavia.dk\/","name":"Intercargo Scandinavia A\/S - Internasjonalt transportselskap","isPartOf":{"@id":"https:\/\/intercargo-scandinavia.dk\/#website"},"primaryImageOfPage":{"@id":"https:\/\/intercargo-scandinavia.dk\/#primaryimage"},"image":{"@id":"https:\/\/intercargo-scandinavia.dk\/#primaryimage"},"thumbnailUrl":"https:\/\/intercargo-scandinavia.dk\/wp-content\/uploads\/2024\/06\/O6A7058-1024x683.jpg","datePublished":"2023-05-23T11:15:53+00:00","dateModified":"2024-11-15T12:48:24+00:00","description":"Vi tilbyr logistikkl\u00f8sninger som passer hver enkelt foresp\u00f8rsel. Samarbeid med oss betyr ekstraordin\u00e6r service og varsom h\u00e5ndtering av varer.","breadcrumb":{"@id":"https:\/\/intercargo-scandinavia.dk\/#breadcrumb"},"inLanguage":"nb-NO","potentialAction":[{"@type":"ReadAction","target":["https:\/\/intercargo-scandinavia.dk\/"]}]},{"@type":"ImageObject","inLanguage":"nb-NO","@id":"https:\/\/intercargo-scandinavia.dk\/#primaryimage","url":"https:\/\/intercargo-scandinavia.dk\/wp-content\/uploads\/2024\/06\/O6A7058-1024x683.jpg","contentUrl":"https:\/\/intercargo-scandinavia.dk\/wp-content\/uploads\/2024\/06\/O6A7058-1024x683.jpg"},{"@type":"BreadcrumbList","@id":"https:\/\/intercargo-scandinavia.dk\/#breadcrumb","itemListElement":[{"@type":"ListItem","position":1,"name":"Hjem","item":"https:\/\/intercargo-scandinavia.dk\/"},{"@type":"ListItem","position":2,"name":"Front"}]},{"@type":"WebSite","@id":"https:\/\/intercargo-scandinavia.dk\/#website","url":"https:\/\/intercargo-scandinavia.dk\/","name":"intercargo scandinavia","description":"Specialist i skr\u00e6ddersyede logistikl\u00f8sninger","publisher":{"@id":"https:\/\/intercargo-scandinavia.dk\/#organization"},"potentialAction":[{"@type":"SearchAction","target":{"@type":"EntryPoint","urlTemplate":"https:\/\/intercargo-scandinavia.dk\/?s={search_term_string}"},"query-input":{"@type":"PropertyValueSpecification","valueRequired":true,"valueName":"search_term_string"}}],"inLanguage":"nb-NO"},{"@type":"Organization","@id":"https:\/\/intercargo-scandinavia.dk\/#organization","name":"intercargo scandinavia","url":"https:\/\/intercargo-scandinavia.dk\/","logo":{"@type":"ImageObject","inLanguage":"nb-NO","@id":"https:\/\/intercargo-scandinavia.dk\/#\/schema\/logo\/image\/","url":"https:\/\/intercargo-scandinavia.dk\/wp-content\/uploads\/2024\/09\/intercargo_scandinavia_logo.jpg","contentUrl":"https:\/\/intercargo-scandinavia.dk\/wp-content\/uploads\/2024\/09\/intercargo_scandinavia_logo.jpg","width":200,"height":200,"caption":"intercargo scandinavia"},"image":{"@id":"https:\/\/intercargo-scandinavia.dk\/#\/schema\/logo\/image\/"},"sameAs":["https:\/\/www.linkedin.com\/company\/intercargo-scandinavia\/?originalSubdomain=dk"]}]}},"_links":{"self":[{"href":"https:\/\/intercargo-scandinavia.dk\/no\/wp-json\/wp\/v2\/pages\/2322","targetHints":{"allow":["GET"]}}],"collection":[{"href":"https:\/\/intercargo-scandinavia.dk\/no\/wp-json\/wp\/v2\/pages"}],"about":[{"href":"https:\/\/intercargo-scandinavia.dk\/no\/wp-json\/wp\/v2\/types\/page"}],"author":[{"embeddable":true,"href":"https:\/\/intercargo-scandinavia.dk\/no\/wp-json\/wp\/v2\/users\/3"}],"replies":[{"embeddable":true,"href":"https:\/\/intercargo-scandinavia.dk\/no\/wp-json\/wp\/v2\/comments?post=2322"}],"version-history":[{"count":15,"href":"https:\/\/intercargo-scandinavia.dk\/no\/wp-json\/wp\/v2\/pages\/2322\/revisions"}],"predecessor-version":[{"id":3303,"href":"https:\/\/intercargo-scandinavia.dk\/no\/wp-json\/wp\/v2\/pages\/2322\/revisions\/3303"}],"wp:attachment":[{"href":"https:\/\/intercargo-scandinavia.dk\/no\/wp-json\/wp\/v2\/media?parent=2322"}],"curies":[{"name":"wp","href":"https:\/\/api.w.org\/{rel}","templated":true}]}}