{"id":2339,"date":"2023-05-23T11:19:06","date_gmt":"2023-05-23T11:19:06","guid":{"rendered":"https:\/\/intercargo-scandinavia.dk\/lager-og-terminal\/"},"modified":"2024-09-23T08:30:41","modified_gmt":"2024-09-23T08:30:41","slug":"lager-og-terminal","status":"publish","type":"page","link":"https:\/\/intercargo-scandinavia.dk\/no\/lager-og-terminal\/","title":{"rendered":"Lager og terminal"},"content":{"rendered":"\t\t<div data-elementor-type=\"wp-page\" data-elementor-id=\"2339\" class=\"elementor elementor-2339 elementor-36\" data-elementor-post-type=\"page\">\n\t\t\t\t\t\t<section class=\"elementor-section elementor-top-section elementor-element elementor-element-daa6dd7 elementor-section-boxed elementor-section-height-default elementor-section-height-default\" data-id=\"daa6dd7\" data-element_type=\"section\" data-e-type=\"section\">\n\t\t\t\t\t\t<div class=\"elementor-container elementor-column-gap-default\">\n\t\t\t\t\t<div class=\"elementor-column elementor-col-100 elementor-top-column elementor-element elementor-element-dc68826\" data-id=\"dc68826\" data-element_type=\"column\" data-e-type=\"column\">\n\t\t\t<div class=\"elementor-widget-wrap elementor-element-populated\">\n\t\t\t\t\t\t<section class=\"elementor-section elementor-inner-section elementor-element elementor-element-0846012 elementor-section-boxed elementor-section-height-default elementor-section-height-default\" data-id=\"0846012\" data-element_type=\"section\" data-e-type=\"section\" data-settings=\"{&quot;background_background&quot;:&quot;classic&quot;}\">\n\t\t\t\t\t\t<div class=\"elementor-container elementor-column-gap-no\">\n\t\t\t\t\t<div class=\"elementor-column elementor-col-50 elementor-inner-column elementor-element elementor-element-e57c3cc\" data-id=\"e57c3cc\" data-element_type=\"column\" data-e-type=\"column\">\n\t\t\t<div class=\"elementor-widget-wrap elementor-element-populated\">\n\t\t\t\t\t\t<div class=\"elementor-element elementor-element-91c5dc7 elementor-widget elementor-widget-heading\" data-id=\"91c5dc7\" data-element_type=\"widget\" data-e-type=\"widget\" data-widget_type=\"heading.default\">\n\t\t\t\t<div class=\"elementor-widget-container\">\n\t\t\t\t\t<h2 class=\"elementor-heading-title elementor-size-default\">Lager og terminal<\/h2>\t\t\t\t<\/div>\n\t\t\t\t<\/div>\n\t\t\t\t<div class=\"elementor-element elementor-element-d003993 elementor-widget elementor-widget-text-editor\" data-id=\"d003993\" data-element_type=\"widget\" data-e-type=\"widget\" data-widget_type=\"text-editor.default\">\n\t\t\t\t<div class=\"elementor-widget-container\">\n\t\t\t\t\t\t\t\t\t<p><span style=\"font-weight: 400;\">Hos Intercargo Scandinavia A\/S har vi utviklet et omfattende lager- og terminalnettverk som er designet for \u00e5 m\u00f8te v\u00e5re kunders varierende behov. V\u00e5re moderne fasiliteter sikrer optimal lagring og h\u00e5ndtering av b\u00e5de temperaturregulert og t\u00f8rt gods, med avanserte l\u00f8sninger for emballering og lagerregnskap. <\/p>\n<p><\/span><span style=\"font-weight: 400;\">Lagerfasilitetene v\u00e5re i Hadsten omfatter spesialiserte fryselagre, kj\u00f8lelagre og et eget lager for fiskeprodukter. For \u00e5 sikre h\u00f8yeste kvalitet og unng\u00e5 kontaminering skiller vi alltid kj\u00f8leprodukter og fisk. Disse fasilitetene er skreddersydd for lagring av alle typer matvarer, og vi tilbyr fleksible plukk- og pakkel\u00f8sninger som kan tilpasses akkurat dine behov.<br \/>  <\/span><\/p>\n\t\t\t\t\t\t\t\t<\/div>\n\t\t\t\t<\/div>\n\t\t\t\t\t<\/div>\n\t\t<\/div>\n\t\t\t\t<div class=\"elementor-column elementor-col-50 elementor-inner-column elementor-element elementor-element-66060b4\" data-id=\"66060b4\" data-element_type=\"column\" data-e-type=\"column\">\n\t\t\t<div class=\"elementor-widget-wrap elementor-element-populated\">\n\t\t\t\t\t\t<div class=\"elementor-element elementor-element-04ba2b1 elementor-widget elementor-widget-image\" data-id=\"04ba2b1\" data-element_type=\"widget\" data-e-type=\"widget\" data-widget_type=\"image.default\">\n\t\t\t\t<div class=\"elementor-widget-container\">\n\t\t\t\t\t\t\t\t\t\t\t\t\t\t\t<img fetchpriority=\"high\" decoding=\"async\" width=\"800\" height=\"534\" src=\"https:\/\/intercargo-scandinavia.dk\/wp-content\/uploads\/2024\/06\/O6A9929-1024x683.jpg\" class=\"attachment-large size-large wp-image-1771\" alt=\"\" srcset=\"https:\/\/intercargo-scandinavia.dk\/wp-content\/uploads\/2024\/06\/O6A9929-1024x683.jpg 1024w, https:\/\/intercargo-scandinavia.dk\/wp-content\/uploads\/2024\/06\/O6A9929-300x200.jpg 300w, https:\/\/intercargo-scandinavia.dk\/wp-content\/uploads\/2024\/06\/O6A9929-768x512.jpg 768w, https:\/\/intercargo-scandinavia.dk\/wp-content\/uploads\/2024\/06\/O6A9929-1536x1024.jpg 1536w, https:\/\/intercargo-scandinavia.dk\/wp-content\/uploads\/2024\/06\/O6A9929-2048x1365.jpg 2048w\" sizes=\"(max-width: 800px) 100vw, 800px\" \/>\t\t\t\t\t\t\t\t\t\t\t\t\t\t\t<\/div>\n\t\t\t\t<\/div>\n\t\t\t\t\t<\/div>\n\t\t<\/div>\n\t\t\t\t\t<\/div>\n\t\t<\/section>\n\t\t\t\t\t<\/div>\n\t\t<\/div>\n\t\t\t\t\t<\/div>\n\t\t<\/section>\n\t\t\t\t<section class=\"elementor-section elementor-top-section elementor-element elementor-element-a31aaf5 elementor-reverse-mobile elementor-section-boxed elementor-section-height-default elementor-section-height-default\" data-id=\"a31aaf5\" data-element_type=\"section\" data-e-type=\"section\">\n\t\t\t\t\t\t<div class=\"elementor-container elementor-column-gap-default\">\n\t\t\t\t\t<div class=\"elementor-column elementor-col-50 elementor-top-column elementor-element elementor-element-c8763c8\" data-id=\"c8763c8\" data-element_type=\"column\" data-e-type=\"column\" data-settings=\"{&quot;background_background&quot;:&quot;classic&quot;}\">\n\t\t\t<div class=\"elementor-widget-wrap elementor-element-populated\">\n\t\t\t\t\t\t<div class=\"elementor-element elementor-element-f377f35 elementor-widget elementor-widget-spacer\" data-id=\"f377f35\" data-element_type=\"widget\" data-e-type=\"widget\" data-widget_type=\"spacer.default\">\n\t\t\t\t<div class=\"elementor-widget-container\">\n\t\t\t\t\t\t\t<div class=\"elementor-spacer\">\n\t\t\t<div class=\"elementor-spacer-inner\"><\/div>\n\t\t<\/div>\n\t\t\t\t\t\t<\/div>\n\t\t\t\t<\/div>\n\t\t\t\t\t<\/div>\n\t\t<\/div>\n\t\t\t\t<div class=\"elementor-column elementor-col-50 elementor-top-column elementor-element elementor-element-8b4e225\" data-id=\"8b4e225\" data-element_type=\"column\" data-e-type=\"column\" data-settings=\"{&quot;background_background&quot;:&quot;classic&quot;}\">\n\t\t\t<div class=\"elementor-widget-wrap elementor-element-populated\">\n\t\t\t\t\t\t<div class=\"elementor-element elementor-element-9aaedb4 elementor-widget elementor-widget-heading\" data-id=\"9aaedb4\" data-element_type=\"widget\" data-e-type=\"widget\" data-widget_type=\"heading.default\">\n\t\t\t\t<div class=\"elementor-widget-container\">\n\t\t\t\t\t<h2 class=\"elementor-heading-title elementor-size-default\">Fleksible og skalerbare lagringsl\u00f8sninger <\/h2>\t\t\t\t<\/div>\n\t\t\t\t<\/div>\n\t\t\t\t<div class=\"elementor-element elementor-element-0cfbdd8 elementor-widget elementor-widget-text-editor\" data-id=\"0cfbdd8\" data-element_type=\"widget\" data-e-type=\"widget\" data-widget_type=\"text-editor.default\">\n\t\t\t\t<div class=\"elementor-widget-container\">\n\t\t\t\t\t\t\t\t\t<p><span style=\"font-weight: 400;\">Vi forst\u00e5r at lagringsbehovene kan endre seg over tid, og derfor tilbyr vi fleksible og skalerbare lagringsl\u00f8sninger. I tillegg til v\u00e5re egne anlegg har vi tilgang til et bredt nettverk av eksterne samarbeidspartnere i hele Skandinavia og Europa, slik at vi raskt kan skalere opp eller ned basert p\u00e5 dine spesifikke behov. <\/p>\n<p><\/span><span style=\"font-weight: 400;\">V\u00e5re anlegg tilbyr lagring i flere temperatursoner, noe som sikrer mattrygghet, hygiene og milj\u00f8kontroll. V\u00e5re lagerfasiliteter oppfyller F\u00f8devarestyrelsens elitesmiley-standard, noe som garanterer h\u00f8yeste kvalitet og sikkerhet for varene dine. <\/span><\/p>\n\t\t\t\t\t\t\t\t<\/div>\n\t\t\t\t<\/div>\n\t\t\t\t<div class=\"elementor-element elementor-element-e0f6e1e elementor-widget elementor-widget-heading\" data-id=\"e0f6e1e\" data-element_type=\"widget\" data-e-type=\"widget\" data-widget_type=\"heading.default\">\n\t\t\t\t<div class=\"elementor-widget-container\">\n\t\t\t\t\t<h2 class=\"elementor-heading-title elementor-size-default\">Skreddersydde lager- og terminall\u00f8sninger <\/h2>\t\t\t\t<\/div>\n\t\t\t\t<\/div>\n\t\t\t\t<div class=\"elementor-element elementor-element-b1ddb36 elementor-widget elementor-widget-text-editor\" data-id=\"b1ddb36\" data-element_type=\"widget\" data-e-type=\"widget\" data-widget_type=\"text-editor.default\">\n\t\t\t\t<div class=\"elementor-widget-container\">\n\t\t\t\t\t\t\t\t\t<p><span style=\"font-weight: 400;\">Vi er spesialister p\u00e5 \u00e5 levere skreddersydde lager- og terminall\u00f8sninger som matcher dine unike behov. V\u00e5r fleksibilitet og tilpasningsevne gj\u00f8r at vi kan utvikle akkurat den l\u00f8sningen du trenger. <\/p>\n<p><\/span><span style=\"font-weight: 400;\">V\u00e5re avanserte systemer for frysing og temperaturkontroll s\u00f8rger for at maten alltid lagres under optimale forhold, slik at kvaliteten bevares og alle relevante standarder overholdes. Fra start til slutt skreddersyr vi lager- og terminall\u00f8sningene v\u00e5re for \u00e5 sikre at varene dine blir h\u00e5ndtert profesjonelt og effektivt. <\/p>\n<p><\/span><span style=\"font-weight: 400;\">Med Intercargo Scandinavia A\/S som samarbeidspartner kan du v\u00e6re sikker p\u00e5 at dine lager- og terminalbehov blir h\u00e5ndtert med ekspertise og profesjonalitet. Vi er dedikert til \u00e5 levere en f\u00f8rsteklasses serviceopplevelse som st\u00f8tter din virksomhets vekst og suksess. <\/span><\/p>\n\t\t\t\t\t\t\t\t<\/div>\n\t\t\t\t<\/div>\n\t\t\t\t\t<\/div>\n\t\t<\/div>\n\t\t\t\t\t<\/div>\n\t\t<\/section>\n\t\t\t\t<\/div>\n\t\t","protected":false},"excerpt":{"rendered":"<p>Lager og terminal Hos Intercargo Scandinavia A\/S har vi utviklet et omfattende lager- og terminalnettverk som er designet for \u00e5 m\u00f8te v\u00e5re kunders varierende behov. V\u00e5re moderne fasiliteter sikrer optimal lagring og h\u00e5ndtering av b\u00e5de temperaturregulert og t\u00f8rt gods, med avanserte l\u00f8sninger for emballering og lagerregnskap. Lagerfasilitetene v\u00e5re i Hadsten omfatter spesialiserte fryselagre, kj\u00f8lelagre og [&hellip;]<\/p>\n","protected":false},"author":2,"featured_media":2340,"parent":0,"menu_order":0,"comment_status":"closed","ping_status":"closed","template":"","meta":{"footnotes":""},"class_list":["post-2339","page","type-page","status-publish","has-post-thumbnail","hentry"],"yoast_head":"<!-- This site is optimized with the Yoast SEO plugin v27.5 - https:\/\/yoast.com\/product\/yoast-seo-wordpress\/ -->\n<title>Lagring og h\u00e5ndtering av varer p\u00e5 v\u00e5re lageranlegg<\/title>\n<meta name=\"description\" content=\"Dra nytte av v\u00e5rt omfattende lager- og terminalnettverk. Vi kan lagre alt fra frysevarer og kj\u00f8levarer til t\u00f8rrvarer. F\u00e5 en skreddersydd l\u00f8sning.\" \/>\n<meta name=\"robots\" content=\"index, follow, max-snippet:-1, max-image-preview:large, max-video-preview:-1\" \/>\n<link rel=\"canonical\" href=\"https:\/\/intercargo.web07.tigermedia.eu\/lager-og-terminal\/\" \/>\n<meta property=\"og:locale\" content=\"nb_NO\" \/>\n<meta property=\"og:type\" content=\"article\" \/>\n<meta property=\"og:title\" content=\"Lagring og h\u00e5ndtering av varer p\u00e5 v\u00e5re lageranlegg\" \/>\n<meta property=\"og:description\" content=\"Dra nytte av v\u00e5rt omfattende lager- og terminalnettverk. Vi kan lagre alt fra frysevarer og kj\u00f8levarer til t\u00f8rrvarer. F\u00e5 en skreddersydd l\u00f8sning.\" \/>\n<meta property=\"og:url\" content=\"https:\/\/intercargo.web07.tigermedia.eu\/lager-og-terminal\/\" \/>\n<meta property=\"og:site_name\" content=\"intercargo scandinavia\" \/>\n<meta property=\"article:modified_time\" content=\"2024-09-23T08:30:41+00:00\" \/>\n<meta property=\"og:image\" content=\"https:\/\/intercargo.web07.tigermedia.eu\/wp-content\/uploads\/2024\/06\/O6A9653-2-scaled.jpg\" \/>\n\t<meta property=\"og:image:width\" content=\"2560\" \/>\n\t<meta property=\"og:image:height\" content=\"1707\" \/>\n\t<meta property=\"og:image:type\" content=\"image\/jpeg\" \/>\n<meta name=\"twitter:card\" content=\"summary_large_image\" \/>\n<meta name=\"twitter:label1\" content=\"Ansl. lesetid\" \/>\n\t<meta name=\"twitter:data1\" content=\"2 minutter\" \/>\n<script type=\"application\/ld+json\" class=\"yoast-schema-graph\">{\"@context\":\"https:\\\/\\\/schema.org\",\"@graph\":[{\"@type\":\"WebPage\",\"@id\":\"https:\\\/\\\/intercargo.web07.tigermedia.eu\\\/lager-og-terminal\\\/\",\"url\":\"https:\\\/\\\/intercargo.web07.tigermedia.eu\\\/lager-og-terminal\\\/\",\"name\":\"Lagring og h\u00e5ndtering av varer p\u00e5 v\u00e5re lageranlegg\",\"isPartOf\":{\"@id\":\"https:\\\/\\\/intercargo-scandinavia.dk\\\/#website\"},\"primaryImageOfPage\":{\"@id\":\"https:\\\/\\\/intercargo.web07.tigermedia.eu\\\/lager-og-terminal\\\/#primaryimage\"},\"image\":{\"@id\":\"https:\\\/\\\/intercargo.web07.tigermedia.eu\\\/lager-og-terminal\\\/#primaryimage\"},\"thumbnailUrl\":\"https:\\\/\\\/intercargo-scandinavia.dk\\\/wp-content\\\/uploads\\\/2024\\\/06\\\/O6A9653-2-scaled.jpg\",\"datePublished\":\"2023-05-23T11:19:06+00:00\",\"dateModified\":\"2024-09-23T08:30:41+00:00\",\"description\":\"Dra nytte av v\u00e5rt omfattende lager- og terminalnettverk. Vi kan lagre alt fra frysevarer og kj\u00f8levarer til t\u00f8rrvarer. F\u00e5 en skreddersydd l\u00f8sning.\",\"breadcrumb\":{\"@id\":\"https:\\\/\\\/intercargo.web07.tigermedia.eu\\\/lager-og-terminal\\\/#breadcrumb\"},\"inLanguage\":\"nb-NO\",\"potentialAction\":[{\"@type\":\"ReadAction\",\"target\":[\"https:\\\/\\\/intercargo.web07.tigermedia.eu\\\/lager-og-terminal\\\/\"]}]},{\"@type\":\"ImageObject\",\"inLanguage\":\"nb-NO\",\"@id\":\"https:\\\/\\\/intercargo.web07.tigermedia.eu\\\/lager-og-terminal\\\/#primaryimage\",\"url\":\"https:\\\/\\\/intercargo-scandinavia.dk\\\/wp-content\\\/uploads\\\/2024\\\/06\\\/O6A9653-2-scaled.jpg\",\"contentUrl\":\"https:\\\/\\\/intercargo-scandinavia.dk\\\/wp-content\\\/uploads\\\/2024\\\/06\\\/O6A9653-2-scaled.jpg\",\"width\":2560,\"height\":1707},{\"@type\":\"BreadcrumbList\",\"@id\":\"https:\\\/\\\/intercargo.web07.tigermedia.eu\\\/lager-og-terminal\\\/#breadcrumb\",\"itemListElement\":[{\"@type\":\"ListItem\",\"position\":1,\"name\":\"Hjem\",\"item\":\"https:\\\/\\\/intercargo-scandinavia.dk\\\/\"},{\"@type\":\"ListItem\",\"position\":2,\"name\":\"Lager og terminal\"}]},{\"@type\":\"WebSite\",\"@id\":\"https:\\\/\\\/intercargo-scandinavia.dk\\\/#website\",\"url\":\"https:\\\/\\\/intercargo-scandinavia.dk\\\/\",\"name\":\"intercargo scandinavia\",\"description\":\"Specialist i skr\u00e6ddersyede logistikl\u00f8sninger\",\"publisher\":{\"@id\":\"https:\\\/\\\/intercargo-scandinavia.dk\\\/#organization\"},\"potentialAction\":[{\"@type\":\"SearchAction\",\"target\":{\"@type\":\"EntryPoint\",\"urlTemplate\":\"https:\\\/\\\/intercargo-scandinavia.dk\\\/?s={search_term_string}\"},\"query-input\":{\"@type\":\"PropertyValueSpecification\",\"valueRequired\":true,\"valueName\":\"search_term_string\"}}],\"inLanguage\":\"nb-NO\"},{\"@type\":\"Organization\",\"@id\":\"https:\\\/\\\/intercargo-scandinavia.dk\\\/#organization\",\"name\":\"intercargo scandinavia\",\"url\":\"https:\\\/\\\/intercargo-scandinavia.dk\\\/\",\"logo\":{\"@type\":\"ImageObject\",\"inLanguage\":\"nb-NO\",\"@id\":\"https:\\\/\\\/intercargo-scandinavia.dk\\\/#\\\/schema\\\/logo\\\/image\\\/\",\"url\":\"https:\\\/\\\/intercargo-scandinavia.dk\\\/wp-content\\\/uploads\\\/2024\\\/09\\\/intercargo_scandinavia_logo.jpg\",\"contentUrl\":\"https:\\\/\\\/intercargo-scandinavia.dk\\\/wp-content\\\/uploads\\\/2024\\\/09\\\/intercargo_scandinavia_logo.jpg\",\"width\":200,\"height\":200,\"caption\":\"intercargo scandinavia\"},\"image\":{\"@id\":\"https:\\\/\\\/intercargo-scandinavia.dk\\\/#\\\/schema\\\/logo\\\/image\\\/\"},\"sameAs\":[\"https:\\\/\\\/www.linkedin.com\\\/company\\\/intercargo-scandinavia\\\/?originalSubdomain=dk\"]}]}<\/script>\n<!-- \/ Yoast SEO plugin. -->","yoast_head_json":{"title":"Lagring og h\u00e5ndtering av varer p\u00e5 v\u00e5re lageranlegg","description":"Dra nytte av v\u00e5rt omfattende lager- og terminalnettverk. Vi kan lagre alt fra frysevarer og kj\u00f8levarer til t\u00f8rrvarer. F\u00e5 en skreddersydd l\u00f8sning.","robots":{"index":"index","follow":"follow","max-snippet":"max-snippet:-1","max-image-preview":"max-image-preview:large","max-video-preview":"max-video-preview:-1"},"canonical":"https:\/\/intercargo.web07.tigermedia.eu\/lager-og-terminal\/","og_locale":"nb_NO","og_type":"article","og_title":"Lagring og h\u00e5ndtering av varer p\u00e5 v\u00e5re lageranlegg","og_description":"Dra nytte av v\u00e5rt omfattende lager- og terminalnettverk. Vi kan lagre alt fra frysevarer og kj\u00f8levarer til t\u00f8rrvarer. F\u00e5 en skreddersydd l\u00f8sning.","og_url":"https:\/\/intercargo.web07.tigermedia.eu\/lager-og-terminal\/","og_site_name":"intercargo scandinavia","article_modified_time":"2024-09-23T08:30:41+00:00","og_image":[{"width":2560,"height":1707,"url":"https:\/\/intercargo.web07.tigermedia.eu\/wp-content\/uploads\/2024\/06\/O6A9653-2-scaled.jpg","type":"image\/jpeg"}],"twitter_card":"summary_large_image","twitter_misc":{"Ansl. lesetid":"2 minutter"},"schema":{"@context":"https:\/\/schema.org","@graph":[{"@type":"WebPage","@id":"https:\/\/intercargo.web07.tigermedia.eu\/lager-og-terminal\/","url":"https:\/\/intercargo.web07.tigermedia.eu\/lager-og-terminal\/","name":"Lagring og h\u00e5ndtering av varer p\u00e5 v\u00e5re lageranlegg","isPartOf":{"@id":"https:\/\/intercargo-scandinavia.dk\/#website"},"primaryImageOfPage":{"@id":"https:\/\/intercargo.web07.tigermedia.eu\/lager-og-terminal\/#primaryimage"},"image":{"@id":"https:\/\/intercargo.web07.tigermedia.eu\/lager-og-terminal\/#primaryimage"},"thumbnailUrl":"https:\/\/intercargo-scandinavia.dk\/wp-content\/uploads\/2024\/06\/O6A9653-2-scaled.jpg","datePublished":"2023-05-23T11:19:06+00:00","dateModified":"2024-09-23T08:30:41+00:00","description":"Dra nytte av v\u00e5rt omfattende lager- og terminalnettverk. Vi kan lagre alt fra frysevarer og kj\u00f8levarer til t\u00f8rrvarer. F\u00e5 en skreddersydd l\u00f8sning.","breadcrumb":{"@id":"https:\/\/intercargo.web07.tigermedia.eu\/lager-og-terminal\/#breadcrumb"},"inLanguage":"nb-NO","potentialAction":[{"@type":"ReadAction","target":["https:\/\/intercargo.web07.tigermedia.eu\/lager-og-terminal\/"]}]},{"@type":"ImageObject","inLanguage":"nb-NO","@id":"https:\/\/intercargo.web07.tigermedia.eu\/lager-og-terminal\/#primaryimage","url":"https:\/\/intercargo-scandinavia.dk\/wp-content\/uploads\/2024\/06\/O6A9653-2-scaled.jpg","contentUrl":"https:\/\/intercargo-scandinavia.dk\/wp-content\/uploads\/2024\/06\/O6A9653-2-scaled.jpg","width":2560,"height":1707},{"@type":"BreadcrumbList","@id":"https:\/\/intercargo.web07.tigermedia.eu\/lager-og-terminal\/#breadcrumb","itemListElement":[{"@type":"ListItem","position":1,"name":"Hjem","item":"https:\/\/intercargo-scandinavia.dk\/"},{"@type":"ListItem","position":2,"name":"Lager og terminal"}]},{"@type":"WebSite","@id":"https:\/\/intercargo-scandinavia.dk\/#website","url":"https:\/\/intercargo-scandinavia.dk\/","name":"intercargo scandinavia","description":"Specialist i skr\u00e6ddersyede logistikl\u00f8sninger","publisher":{"@id":"https:\/\/intercargo-scandinavia.dk\/#organization"},"potentialAction":[{"@type":"SearchAction","target":{"@type":"EntryPoint","urlTemplate":"https:\/\/intercargo-scandinavia.dk\/?s={search_term_string}"},"query-input":{"@type":"PropertyValueSpecification","valueRequired":true,"valueName":"search_term_string"}}],"inLanguage":"nb-NO"},{"@type":"Organization","@id":"https:\/\/intercargo-scandinavia.dk\/#organization","name":"intercargo scandinavia","url":"https:\/\/intercargo-scandinavia.dk\/","logo":{"@type":"ImageObject","inLanguage":"nb-NO","@id":"https:\/\/intercargo-scandinavia.dk\/#\/schema\/logo\/image\/","url":"https:\/\/intercargo-scandinavia.dk\/wp-content\/uploads\/2024\/09\/intercargo_scandinavia_logo.jpg","contentUrl":"https:\/\/intercargo-scandinavia.dk\/wp-content\/uploads\/2024\/09\/intercargo_scandinavia_logo.jpg","width":200,"height":200,"caption":"intercargo scandinavia"},"image":{"@id":"https:\/\/intercargo-scandinavia.dk\/#\/schema\/logo\/image\/"},"sameAs":["https:\/\/www.linkedin.com\/company\/intercargo-scandinavia\/?originalSubdomain=dk"]}]}},"_links":{"self":[{"href":"https:\/\/intercargo-scandinavia.dk\/no\/wp-json\/wp\/v2\/pages\/2339","targetHints":{"allow":["GET"]}}],"collection":[{"href":"https:\/\/intercargo-scandinavia.dk\/no\/wp-json\/wp\/v2\/pages"}],"about":[{"href":"https:\/\/intercargo-scandinavia.dk\/no\/wp-json\/wp\/v2\/types\/page"}],"author":[{"embeddable":true,"href":"https:\/\/intercargo-scandinavia.dk\/no\/wp-json\/wp\/v2\/users\/2"}],"replies":[{"embeddable":true,"href":"https:\/\/intercargo-scandinavia.dk\/no\/wp-json\/wp\/v2\/comments?post=2339"}],"version-history":[{"count":4,"href":"https:\/\/intercargo-scandinavia.dk\/no\/wp-json\/wp\/v2\/pages\/2339\/revisions"}],"predecessor-version":[{"id":3144,"href":"https:\/\/intercargo-scandinavia.dk\/no\/wp-json\/wp\/v2\/pages\/2339\/revisions\/3144"}],"wp:featuredmedia":[{"embeddable":true,"href":"https:\/\/intercargo-scandinavia.dk\/no\/wp-json\/wp\/v2\/media\/2340"}],"wp:attachment":[{"href":"https:\/\/intercargo-scandinavia.dk\/no\/wp-json\/wp\/v2\/media?parent=2339"}],"curies":[{"name":"wp","href":"https:\/\/api.w.org\/{rel}","templated":true}]}}