{"id":2377,"date":"2023-06-30T09:45:19","date_gmt":"2023-06-30T09:45:19","guid":{"rendered":"https:\/\/intercargo-scandinavia.dk\/groent-hq\/"},"modified":"2024-09-19T13:51:25","modified_gmt":"2024-09-19T13:51:25","slug":"groent-hq","status":"publish","type":"page","link":"https:\/\/intercargo-scandinavia.dk\/sv\/haallbarhet\/groent-hq\/","title":{"rendered":"Gr\u00f6nt HQ"},"content":{"rendered":"\t\t<div data-elementor-type=\"wp-page\" data-elementor-id=\"2377\" class=\"elementor elementor-2377 elementor-849\" data-elementor-post-type=\"page\">\n\t\t\t\t\t\t<section class=\"elementor-section elementor-top-section elementor-element elementor-element-7bbd9ad elementor-section-boxed elementor-section-height-default elementor-section-height-default\" data-id=\"7bbd9ad\" data-element_type=\"section\" data-e-type=\"section\">\n\t\t\t\t\t\t<div class=\"elementor-container elementor-column-gap-default\">\n\t\t\t\t\t<div class=\"elementor-column elementor-col-100 elementor-top-column elementor-element elementor-element-709c0ec\" data-id=\"709c0ec\" data-element_type=\"column\" data-e-type=\"column\">\n\t\t\t<div class=\"elementor-widget-wrap elementor-element-populated\">\n\t\t\t\t\t\t<div class=\"elementor-element elementor-element-cc73bc3 elementor-widget elementor-widget-text-editor\" data-id=\"cc73bc3\" data-element_type=\"widget\" data-e-type=\"widget\" data-widget_type=\"text-editor.default\">\n\t\t\t\t<div class=\"elementor-widget-container\">\n\t\t\t\t\t\t\t\t\t<h1>H\u00e5llbara \u00e5tg\u00e4rder p\u00e5 Intercargo Scandinavias huvudkontor<\/h1>\n<p><b>Gr\u00f6na initiativ<br \/><\/b><span style=\"font-weight: 400;\">P\u00e5 v\u00e5rt huvudkontor i Hadsten har vi genomf\u00f6rt ett antal h\u00e5llbara \u00e5tg\u00e4rder som speglar v\u00e5ra k\u00e4rnv\u00e4rden om ansvarstagande och h\u00e5llbarhet. Vi arbetar m\u00e5lmedvetet f\u00f6r att skapa en milj\u00f6v\u00e4nlig arbetsplats och fr\u00e4mja en kultur d\u00e4r medarbetarna fattar h\u00e5llbara beslut, s\u00e4rskilt inom transport och energif\u00f6rbrukning. <\/span><\/p>\n\t\t\t\t\t\t\t\t<\/div>\n\t\t\t\t<\/div>\n\t\t\t\t<section class=\"elementor-section elementor-inner-section elementor-element elementor-element-d0dab28 elementor-section-boxed elementor-section-height-default elementor-section-height-default\" data-id=\"d0dab28\" data-element_type=\"section\" data-e-type=\"section\">\n\t\t\t\t\t\t<div class=\"elementor-container elementor-column-gap-default\">\n\t\t\t\t\t<div class=\"elementor-column elementor-col-50 elementor-inner-column elementor-element elementor-element-b6693ca\" data-id=\"b6693ca\" data-element_type=\"column\" data-e-type=\"column\" data-settings=\"{&quot;background_background&quot;:&quot;classic&quot;}\">\n\t\t\t<div class=\"elementor-widget-wrap elementor-element-populated\">\n\t\t\t\t\t\t<div class=\"elementor-element elementor-element-a4ab3a7 elementor-widget elementor-widget-heading\" data-id=\"a4ab3a7\" data-element_type=\"widget\" data-e-type=\"widget\" data-widget_type=\"heading.default\">\n\t\t\t\t<div class=\"elementor-widget-container\">\n\t\t\t\t\t<h3 class=\"elementor-heading-title elementor-size-default\">v\u00e5ra gr\u00f6na \u00e5tg\u00e4rder inkluderar bland annat: <\/h3>\t\t\t\t<\/div>\n\t\t\t\t<\/div>\n\t\t\t\t<div class=\"elementor-element elementor-element-cd011f9 elementor-widget elementor-widget-text-editor\" data-id=\"cd011f9\" data-element_type=\"widget\" data-e-type=\"widget\" data-widget_type=\"text-editor.default\">\n\t\t\t\t<div class=\"elementor-widget-container\">\n\t\t\t\t\t\t\t\t\t<ul>\n<li style=\"font-weight: 400;\" aria-level=\"1\"><b>Laddstationer:<\/b> <span style=\"font-weight: 400;\">Tillg\u00e4ngliga f\u00f6r medarbetarnas elbilar.<\/span><\/li>\n<li style=\"font-weight: 400;\" aria-level=\"1\"><b>Energieffektive varmepumper<\/b><span style=\"font-weight: 400;\">: Vi har skiftet til luft-vand varmepumper, der benytter vedvarende energi.<\/span><\/li>\n<li style=\"font-weight: 400;\" aria-level=\"1\"><b>Solceller p\u00e5 taket och LED-belysning: <\/b> <span style=\"font-weight: 400;\">Dessa \u00e5tg\u00e4rder bidrar till v\u00e5r milj\u00f6v\u00e4nliga energif\u00f6rbrukning.<\/span><\/li>\n<\/ul>\n\t\t\t\t\t\t\t\t<\/div>\n\t\t\t\t<\/div>\n\t\t\t\t\t<\/div>\n\t\t<\/div>\n\t\t\t\t<div class=\"elementor-column elementor-col-50 elementor-inner-column elementor-element elementor-element-4952497\" data-id=\"4952497\" data-element_type=\"column\" data-e-type=\"column\" data-settings=\"{&quot;background_background&quot;:&quot;classic&quot;}\">\n\t\t\t<div class=\"elementor-widget-wrap elementor-element-populated\">\n\t\t\t\t\t<div class=\"elementor-background-overlay\"><\/div>\n\t\t\t\t\t\t<div class=\"elementor-element elementor-element-cdb3522 elementor-widget elementor-widget-heading\" data-id=\"cdb3522\" data-element_type=\"widget\" data-e-type=\"widget\" data-widget_type=\"heading.default\">\n\t\t\t\t<div class=\"elementor-widget-container\">\n\t\t\t\t\t<h2 class=\"elementor-heading-title elementor-size-default\">Vi har alla ett ansvar<\/h2>\t\t\t\t<\/div>\n\t\t\t\t<\/div>\n\t\t\t\t<div class=\"elementor-element elementor-element-22c0e01 elementor-widget elementor-widget-text-editor\" data-id=\"22c0e01\" data-element_type=\"widget\" data-e-type=\"widget\" data-widget_type=\"text-editor.default\">\n\t\t\t\t<div class=\"elementor-widget-container\">\n\t\t\t\t\t\t\t\t\t<p><span style=\"font-weight: 400;\">Som ett stort f\u00f6retag har vi ett s\u00e4rskilt ansvar f\u00f6r den gr\u00f6na omst\u00e4llningen och h\u00e5llbarhet. V\u00e5rt engagemang str\u00e4cker sig b\u00e5de externt och internt inom v\u00e5r egen organisation. Vi str\u00e4var efter att vara en f\u00f6rebild f\u00f6r v\u00e5ra medarbetare och visa att vi ligger i framkant n\u00e4r det kommer till h\u00e5llbara initiativ.  <\/p>\n<p><\/span><span style=\"font-weight: 400;\">F\u00f6r oss b\u00f6rjar h\u00e5llbarhet vid k\u00e4rnan. Vi vill erbjuda v\u00e5ra f\u00f6rare de b\u00e4sta resurserna eftersom vi tror att n\u00f6jda f\u00f6rare leder till b\u00e4ttre service f\u00f6r v\u00e5ra kunder. V\u00e5ra f\u00f6rare \u00e4r en viktig del av teamet och vi ser till att de har de b\u00e4sta m\u00f6jliga arbetsvillkoren n\u00e4r de \u00e4r borta fr\u00e5n sina familjer under l\u00e5nga perioder.  <\/span><\/p>\n\t\t\t\t\t\t\t\t<\/div>\n\t\t\t\t<\/div>\n\t\t\t\t\t<\/div>\n\t\t<\/div>\n\t\t\t\t\t<\/div>\n\t\t<\/section>\n\t\t\t\t<section class=\"elementor-section elementor-inner-section elementor-element elementor-element-6bf5664 elementor-section-boxed elementor-section-height-default elementor-section-height-default\" data-id=\"6bf5664\" data-element_type=\"section\" data-e-type=\"section\">\n\t\t\t\t\t\t<div class=\"elementor-container elementor-column-gap-default\">\n\t\t\t\t\t<div class=\"elementor-column elementor-col-50 elementor-inner-column elementor-element elementor-element-cedd97c\" data-id=\"cedd97c\" data-element_type=\"column\" data-e-type=\"column\" data-settings=\"{&quot;background_background&quot;:&quot;classic&quot;}\">\n\t\t\t<div class=\"elementor-widget-wrap elementor-element-populated\">\n\t\t\t\t\t<div class=\"elementor-background-overlay\"><\/div>\n\t\t\t\t\t\t<div class=\"elementor-element elementor-element-81ce22f elementor-widget elementor-widget-heading\" data-id=\"81ce22f\" data-element_type=\"widget\" data-e-type=\"widget\" data-widget_type=\"heading.default\">\n\t\t\t\t<div class=\"elementor-widget-container\">\n\t\t\t\t\t<h2 class=\"elementor-heading-title elementor-size-default\">H\u00e5llbar \u00e5tervinning och resurshantering<\/h2>\t\t\t\t<\/div>\n\t\t\t\t<\/div>\n\t\t\t\t<div class=\"elementor-element elementor-element-31978ef elementor-widget elementor-widget-text-editor\" data-id=\"31978ef\" data-element_type=\"widget\" data-e-type=\"widget\" data-widget_type=\"text-editor.default\">\n\t\t\t\t<div class=\"elementor-widget-container\">\n\t\t\t\t\t\t\t\t\t<p><span style=\"font-weight: 400;\">P\u00e5 Intercargo Scandinavia A\/S har vi genomf\u00f6rt flera \u00e5tg\u00e4rder f\u00f6r att fr\u00e4mja \u00e5tervinning och ansvarsfull resurshantering. Vi tror att sm\u00e5 f\u00f6r\u00e4ndringar kan ha stor p\u00e5verkan och bidra till en mer h\u00e5llbar framtid. H\u00e4r \u00e4r n\u00e5gra av v\u00e5ra initiativ  <\/span><\/p>\n\t\t\t\t\t\t\t\t<\/div>\n\t\t\t\t<\/div>\n\t\t\t\t<div class=\"elementor-element elementor-element-320805a elementor-widget elementor-widget-text-editor\" data-id=\"320805a\" data-element_type=\"widget\" data-e-type=\"widget\" data-widget_type=\"text-editor.default\">\n\t\t\t\t<div class=\"elementor-widget-container\">\n\t\t\t\t\t\t\t\t\t<ul>\n<li><b>\u00c5teranv\u00e4ndbara mattor:<\/b> <span style=\"font-weight: 400;\">Alla v\u00e5ra mattor \u00e4r tillverkade av \u00e5tervinningsbar plast, vilket minskar v\u00e5r resursf\u00f6rbrukning och avfallsm\u00e4ngd.<\/span><\/li>\n<li><b>H\u00e5llbara kaffekoppar: <\/b> <span style=\"font-weight: 400;\">V\u00e5ra kaffekoppar \u00e4r tillverkade av material som kaffeskal och kaffesump, vilket minskar behovet av traditionella koppar och reducerar milj\u00f6p\u00e5verkan.<\/span><\/li>\n<li><b>\u00c5tervinning och ekologiska produkter p\u00e5 toaletterna: <\/b> <span style=\"font-weight: 400;\">Vi anv\u00e4nder \u00e5tervunnet toalettpapper och pappershanddukar f\u00f6r att skapa en balans mellan hygien och milj\u00f6ansvar.<\/span><\/li>\n<li><b>Minskning av matsvinn: <\/b><span style=\"font-weight: 400;\">Vi anpassar m\u00e4ngden mat dagligen i v\u00e5r lunchbest\u00e4llning f\u00f6r att undvika svinn och minimera v\u00e5r milj\u00f6p\u00e5verkan<\/span><\/li>\n<li><b>Effektiv sopsortering: <\/b><span style=\"font-weight: 400;\">Vi sorterar avfall i \u00e5tta olika k\u00e4rl f\u00f6r att s\u00e4kerst\u00e4lla korrekt \u00e5tervinning, vilket minskar behovet av nya resurser<\/span><\/li>\n<\/ul>\n<p><span style=\"font-weight: 400;\"><br \/>Dessa \u00e5tg\u00e4rder \u00e4r en del av v\u00e5rt p\u00e5g\u00e5ende arbete f\u00f6r att integrera h\u00e5llbarhet i v\u00e5r dagliga verksamhet. Vi forts\u00e4tter att utforska nya m\u00f6jligheter och innovativa l\u00f6sningar f\u00f6r att g\u00f6ra v\u00e5r verksamhet \u00e4nnu mer milj\u00f6v\u00e4nlig och ansvarsfull. <\/span><\/p>\n\t\t\t\t\t\t\t\t<\/div>\n\t\t\t\t<\/div>\n\t\t\t\t\t<\/div>\n\t\t<\/div>\n\t\t\t\t<div class=\"elementor-column elementor-col-50 elementor-inner-column elementor-element elementor-element-fef543c\" data-id=\"fef543c\" data-element_type=\"column\" data-e-type=\"column\" data-settings=\"{&quot;background_background&quot;:&quot;classic&quot;}\">\n\t\t\t<div class=\"elementor-widget-wrap elementor-element-populated\">\n\t\t\t\t\t\t<div class=\"elementor-element elementor-element-306857a elementor-widget elementor-widget-spacer\" data-id=\"306857a\" data-element_type=\"widget\" data-e-type=\"widget\" data-widget_type=\"spacer.default\">\n\t\t\t\t<div class=\"elementor-widget-container\">\n\t\t\t\t\t\t\t<div class=\"elementor-spacer\">\n\t\t\t<div class=\"elementor-spacer-inner\"><\/div>\n\t\t<\/div>\n\t\t\t\t\t\t<\/div>\n\t\t\t\t<\/div>\n\t\t\t\t\t<\/div>\n\t\t<\/div>\n\t\t\t\t\t<\/div>\n\t\t<\/section>\n\t\t\t\t\t<\/div>\n\t\t<\/div>\n\t\t\t\t\t<\/div>\n\t\t<\/section>\n\t\t\t\t<section class=\"elementor-section elementor-top-section elementor-element elementor-element-d3f220d elementor-section-boxed elementor-section-height-default elementor-section-height-default\" data-id=\"d3f220d\" data-element_type=\"section\" data-e-type=\"section\">\n\t\t\t\t\t\t<div class=\"elementor-container elementor-column-gap-default\">\n\t\t\t\t\t<div class=\"elementor-column elementor-col-100 elementor-top-column elementor-element elementor-element-1a8b269\" data-id=\"1a8b269\" data-element_type=\"column\" data-e-type=\"column\">\n\t\t\t<div class=\"elementor-widget-wrap\">\n\t\t\t\t\t\t\t<\/div>\n\t\t<\/div>\n\t\t\t\t\t<\/div>\n\t\t<\/section>\n\t\t\t\t<\/div>\n\t\t","protected":false},"excerpt":{"rendered":"<p>H\u00e5llbara \u00e5tg\u00e4rder p\u00e5 Intercargo Scandinavias huvudkontor Gr\u00f6na initiativP\u00e5 v\u00e5rt huvudkontor i Hadsten har vi genomf\u00f6rt ett antal h\u00e5llbara \u00e5tg\u00e4rder som speglar v\u00e5ra k\u00e4rnv\u00e4rden om ansvarstagande och h\u00e5llbarhet. Vi arbetar m\u00e5lmedvetet f\u00f6r att skapa en milj\u00f6v\u00e4nlig arbetsplats och fr\u00e4mja en kultur d\u00e4r medarbetarna fattar h\u00e5llbara beslut, s\u00e4rskilt inom transport och energif\u00f6rbrukning. v\u00e5ra gr\u00f6na \u00e5tg\u00e4rder inkluderar bland [&hellip;]<\/p>\n","protected":false},"author":2,"featured_media":2378,"parent":2858,"menu_order":0,"comment_status":"closed","ping_status":"closed","template":"","meta":{"footnotes":""},"class_list":["post-2377","page","type-page","status-publish","has-post-thumbnail","hentry"],"yoast_head":"<!-- This site is optimized with the Yoast SEO plugin v27.5 - https:\/\/yoast.com\/product\/yoast-seo-wordpress\/ -->\n<title>H\u00e5llbarhet hemma och utomlands | Gr\u00f6nt HQ<\/title>\n<meta name=\"description\" content=\"Med flera gr\u00f6na och h\u00e5llbara \u00e5tg\u00e4rder p\u00e5 v\u00e5rt huvudkontor s\u00e4tter vi standarden f\u00f6r v\u00e5rt f\u00f6retag och v\u00e5ra medarbetare redan fr\u00e5n b\u00f6rjan.\" \/>\n<meta name=\"robots\" content=\"index, follow, max-snippet:-1, max-image-preview:large, max-video-preview:-1\" \/>\n<link rel=\"canonical\" href=\"https:\/\/intercargo-scandinavia.dk\/sv\/haallbarhet\/groent-hq\/\" \/>\n<meta property=\"og:locale\" content=\"sv_SE\" \/>\n<meta property=\"og:type\" content=\"article\" \/>\n<meta property=\"og:title\" content=\"H\u00e5llbarhet hemma och utomlands | Gr\u00f6nt HQ\" \/>\n<meta property=\"og:description\" content=\"Med flera gr\u00f6na och h\u00e5llbara \u00e5tg\u00e4rder p\u00e5 v\u00e5rt huvudkontor s\u00e4tter vi standarden f\u00f6r v\u00e5rt f\u00f6retag och v\u00e5ra medarbetare redan fr\u00e5n b\u00f6rjan.\" \/>\n<meta property=\"og:url\" content=\"https:\/\/intercargo-scandinavia.dk\/sv\/haallbarhet\/groent-hq\/\" \/>\n<meta property=\"og:site_name\" content=\"intercargo scandinavia\" \/>\n<meta property=\"article:modified_time\" content=\"2024-09-19T13:51:25+00:00\" \/>\n<meta property=\"og:image\" content=\"https:\/\/intercargo.web07.tigermedia.eu\/wp-content\/uploads\/2024\/06\/IMG_1509-scaled.jpg\" \/>\n\t<meta property=\"og:image:width\" content=\"1920\" \/>\n\t<meta property=\"og:image:height\" content=\"2560\" \/>\n\t<meta property=\"og:image:type\" content=\"image\/jpeg\" \/>\n<meta name=\"twitter:card\" content=\"summary_large_image\" \/>\n<meta name=\"twitter:label1\" content=\"Ber\u00e4knad l\u00e4stid\" \/>\n\t<meta name=\"twitter:data1\" content=\"2 minuter\" \/>\n<script type=\"application\/ld+json\" class=\"yoast-schema-graph\">{\"@context\":\"https:\\\/\\\/schema.org\",\"@graph\":[{\"@type\":\"WebPage\",\"@id\":\"https:\\\/\\\/intercargo-scandinavia.dk\\\/sv\\\/haallbarhet\\\/groent-hq\\\/\",\"url\":\"https:\\\/\\\/intercargo-scandinavia.dk\\\/sv\\\/haallbarhet\\\/groent-hq\\\/\",\"name\":\"H\u00e5llbarhet hemma och utomlands | Gr\u00f6nt HQ\",\"isPartOf\":{\"@id\":\"https:\\\/\\\/intercargo-scandinavia.dk\\\/#website\"},\"primaryImageOfPage\":{\"@id\":\"https:\\\/\\\/intercargo-scandinavia.dk\\\/sv\\\/haallbarhet\\\/groent-hq\\\/#primaryimage\"},\"image\":{\"@id\":\"https:\\\/\\\/intercargo-scandinavia.dk\\\/sv\\\/haallbarhet\\\/groent-hq\\\/#primaryimage\"},\"thumbnailUrl\":\"https:\\\/\\\/intercargo-scandinavia.dk\\\/wp-content\\\/uploads\\\/2024\\\/06\\\/IMG_1509-scaled.jpg\",\"datePublished\":\"2023-06-30T09:45:19+00:00\",\"dateModified\":\"2024-09-19T13:51:25+00:00\",\"description\":\"Med flera gr\u00f6na och h\u00e5llbara \u00e5tg\u00e4rder p\u00e5 v\u00e5rt huvudkontor s\u00e4tter vi standarden f\u00f6r v\u00e5rt f\u00f6retag och v\u00e5ra medarbetare redan fr\u00e5n b\u00f6rjan.\",\"breadcrumb\":{\"@id\":\"https:\\\/\\\/intercargo-scandinavia.dk\\\/sv\\\/haallbarhet\\\/groent-hq\\\/#breadcrumb\"},\"inLanguage\":\"sv-SE\",\"potentialAction\":[{\"@type\":\"ReadAction\",\"target\":[\"https:\\\/\\\/intercargo-scandinavia.dk\\\/sv\\\/haallbarhet\\\/groent-hq\\\/\"]}]},{\"@type\":\"ImageObject\",\"inLanguage\":\"sv-SE\",\"@id\":\"https:\\\/\\\/intercargo-scandinavia.dk\\\/sv\\\/haallbarhet\\\/groent-hq\\\/#primaryimage\",\"url\":\"https:\\\/\\\/intercargo-scandinavia.dk\\\/wp-content\\\/uploads\\\/2024\\\/06\\\/IMG_1509-scaled.jpg\",\"contentUrl\":\"https:\\\/\\\/intercargo-scandinavia.dk\\\/wp-content\\\/uploads\\\/2024\\\/06\\\/IMG_1509-scaled.jpg\",\"width\":1920,\"height\":2560},{\"@type\":\"BreadcrumbList\",\"@id\":\"https:\\\/\\\/intercargo-scandinavia.dk\\\/sv\\\/haallbarhet\\\/groent-hq\\\/#breadcrumb\",\"itemListElement\":[{\"@type\":\"ListItem\",\"position\":1,\"name\":\"Hjem\",\"item\":\"https:\\\/\\\/intercargo-scandinavia.dk\\\/\"},{\"@type\":\"ListItem\",\"position\":2,\"name\":\"H\u00e5llbarhet\",\"item\":\"https:\\\/\\\/intercargo-scandinavia.dk\\\/sv\\\/haallbarhet\\\/\"},{\"@type\":\"ListItem\",\"position\":3,\"name\":\"Gr\u00f6nt HQ\"}]},{\"@type\":\"WebSite\",\"@id\":\"https:\\\/\\\/intercargo-scandinavia.dk\\\/#website\",\"url\":\"https:\\\/\\\/intercargo-scandinavia.dk\\\/\",\"name\":\"intercargo scandinavia\",\"description\":\"Specialist i skr\u00e6ddersyede logistikl\u00f8sninger\",\"publisher\":{\"@id\":\"https:\\\/\\\/intercargo-scandinavia.dk\\\/#organization\"},\"potentialAction\":[{\"@type\":\"SearchAction\",\"target\":{\"@type\":\"EntryPoint\",\"urlTemplate\":\"https:\\\/\\\/intercargo-scandinavia.dk\\\/?s={search_term_string}\"},\"query-input\":{\"@type\":\"PropertyValueSpecification\",\"valueRequired\":true,\"valueName\":\"search_term_string\"}}],\"inLanguage\":\"sv-SE\"},{\"@type\":\"Organization\",\"@id\":\"https:\\\/\\\/intercargo-scandinavia.dk\\\/#organization\",\"name\":\"intercargo scandinavia\",\"url\":\"https:\\\/\\\/intercargo-scandinavia.dk\\\/\",\"logo\":{\"@type\":\"ImageObject\",\"inLanguage\":\"sv-SE\",\"@id\":\"https:\\\/\\\/intercargo-scandinavia.dk\\\/#\\\/schema\\\/logo\\\/image\\\/\",\"url\":\"https:\\\/\\\/intercargo-scandinavia.dk\\\/wp-content\\\/uploads\\\/2024\\\/09\\\/intercargo_scandinavia_logo.jpg\",\"contentUrl\":\"https:\\\/\\\/intercargo-scandinavia.dk\\\/wp-content\\\/uploads\\\/2024\\\/09\\\/intercargo_scandinavia_logo.jpg\",\"width\":200,\"height\":200,\"caption\":\"intercargo scandinavia\"},\"image\":{\"@id\":\"https:\\\/\\\/intercargo-scandinavia.dk\\\/#\\\/schema\\\/logo\\\/image\\\/\"},\"sameAs\":[\"https:\\\/\\\/www.linkedin.com\\\/company\\\/intercargo-scandinavia\\\/?originalSubdomain=dk\"]}]}<\/script>\n<!-- \/ Yoast SEO plugin. -->","yoast_head_json":{"title":"H\u00e5llbarhet hemma och utomlands | Gr\u00f6nt HQ","description":"Med flera gr\u00f6na och h\u00e5llbara \u00e5tg\u00e4rder p\u00e5 v\u00e5rt huvudkontor s\u00e4tter vi standarden f\u00f6r v\u00e5rt f\u00f6retag och v\u00e5ra medarbetare redan fr\u00e5n b\u00f6rjan.","robots":{"index":"index","follow":"follow","max-snippet":"max-snippet:-1","max-image-preview":"max-image-preview:large","max-video-preview":"max-video-preview:-1"},"canonical":"https:\/\/intercargo-scandinavia.dk\/sv\/haallbarhet\/groent-hq\/","og_locale":"sv_SE","og_type":"article","og_title":"H\u00e5llbarhet hemma och utomlands | Gr\u00f6nt HQ","og_description":"Med flera gr\u00f6na och h\u00e5llbara \u00e5tg\u00e4rder p\u00e5 v\u00e5rt huvudkontor s\u00e4tter vi standarden f\u00f6r v\u00e5rt f\u00f6retag och v\u00e5ra medarbetare redan fr\u00e5n b\u00f6rjan.","og_url":"https:\/\/intercargo-scandinavia.dk\/sv\/haallbarhet\/groent-hq\/","og_site_name":"intercargo scandinavia","article_modified_time":"2024-09-19T13:51:25+00:00","og_image":[{"width":1920,"height":2560,"url":"https:\/\/intercargo.web07.tigermedia.eu\/wp-content\/uploads\/2024\/06\/IMG_1509-scaled.jpg","type":"image\/jpeg"}],"twitter_card":"summary_large_image","twitter_misc":{"Ber\u00e4knad l\u00e4stid":"2 minuter"},"schema":{"@context":"https:\/\/schema.org","@graph":[{"@type":"WebPage","@id":"https:\/\/intercargo-scandinavia.dk\/sv\/haallbarhet\/groent-hq\/","url":"https:\/\/intercargo-scandinavia.dk\/sv\/haallbarhet\/groent-hq\/","name":"H\u00e5llbarhet hemma och utomlands | Gr\u00f6nt HQ","isPartOf":{"@id":"https:\/\/intercargo-scandinavia.dk\/#website"},"primaryImageOfPage":{"@id":"https:\/\/intercargo-scandinavia.dk\/sv\/haallbarhet\/groent-hq\/#primaryimage"},"image":{"@id":"https:\/\/intercargo-scandinavia.dk\/sv\/haallbarhet\/groent-hq\/#primaryimage"},"thumbnailUrl":"https:\/\/intercargo-scandinavia.dk\/wp-content\/uploads\/2024\/06\/IMG_1509-scaled.jpg","datePublished":"2023-06-30T09:45:19+00:00","dateModified":"2024-09-19T13:51:25+00:00","description":"Med flera gr\u00f6na och h\u00e5llbara \u00e5tg\u00e4rder p\u00e5 v\u00e5rt huvudkontor s\u00e4tter vi standarden f\u00f6r v\u00e5rt f\u00f6retag och v\u00e5ra medarbetare redan fr\u00e5n b\u00f6rjan.","breadcrumb":{"@id":"https:\/\/intercargo-scandinavia.dk\/sv\/haallbarhet\/groent-hq\/#breadcrumb"},"inLanguage":"sv-SE","potentialAction":[{"@type":"ReadAction","target":["https:\/\/intercargo-scandinavia.dk\/sv\/haallbarhet\/groent-hq\/"]}]},{"@type":"ImageObject","inLanguage":"sv-SE","@id":"https:\/\/intercargo-scandinavia.dk\/sv\/haallbarhet\/groent-hq\/#primaryimage","url":"https:\/\/intercargo-scandinavia.dk\/wp-content\/uploads\/2024\/06\/IMG_1509-scaled.jpg","contentUrl":"https:\/\/intercargo-scandinavia.dk\/wp-content\/uploads\/2024\/06\/IMG_1509-scaled.jpg","width":1920,"height":2560},{"@type":"BreadcrumbList","@id":"https:\/\/intercargo-scandinavia.dk\/sv\/haallbarhet\/groent-hq\/#breadcrumb","itemListElement":[{"@type":"ListItem","position":1,"name":"Hjem","item":"https:\/\/intercargo-scandinavia.dk\/"},{"@type":"ListItem","position":2,"name":"H\u00e5llbarhet","item":"https:\/\/intercargo-scandinavia.dk\/sv\/haallbarhet\/"},{"@type":"ListItem","position":3,"name":"Gr\u00f6nt HQ"}]},{"@type":"WebSite","@id":"https:\/\/intercargo-scandinavia.dk\/#website","url":"https:\/\/intercargo-scandinavia.dk\/","name":"intercargo scandinavia","description":"Specialist i skr\u00e6ddersyede logistikl\u00f8sninger","publisher":{"@id":"https:\/\/intercargo-scandinavia.dk\/#organization"},"potentialAction":[{"@type":"SearchAction","target":{"@type":"EntryPoint","urlTemplate":"https:\/\/intercargo-scandinavia.dk\/?s={search_term_string}"},"query-input":{"@type":"PropertyValueSpecification","valueRequired":true,"valueName":"search_term_string"}}],"inLanguage":"sv-SE"},{"@type":"Organization","@id":"https:\/\/intercargo-scandinavia.dk\/#organization","name":"intercargo scandinavia","url":"https:\/\/intercargo-scandinavia.dk\/","logo":{"@type":"ImageObject","inLanguage":"sv-SE","@id":"https:\/\/intercargo-scandinavia.dk\/#\/schema\/logo\/image\/","url":"https:\/\/intercargo-scandinavia.dk\/wp-content\/uploads\/2024\/09\/intercargo_scandinavia_logo.jpg","contentUrl":"https:\/\/intercargo-scandinavia.dk\/wp-content\/uploads\/2024\/09\/intercargo_scandinavia_logo.jpg","width":200,"height":200,"caption":"intercargo scandinavia"},"image":{"@id":"https:\/\/intercargo-scandinavia.dk\/#\/schema\/logo\/image\/"},"sameAs":["https:\/\/www.linkedin.com\/company\/intercargo-scandinavia\/?originalSubdomain=dk"]}]}},"_links":{"self":[{"href":"https:\/\/intercargo-scandinavia.dk\/sv\/wp-json\/wp\/v2\/pages\/2377","targetHints":{"allow":["GET"]}}],"collection":[{"href":"https:\/\/intercargo-scandinavia.dk\/sv\/wp-json\/wp\/v2\/pages"}],"about":[{"href":"https:\/\/intercargo-scandinavia.dk\/sv\/wp-json\/wp\/v2\/types\/page"}],"author":[{"embeddable":true,"href":"https:\/\/intercargo-scandinavia.dk\/sv\/wp-json\/wp\/v2\/users\/2"}],"replies":[{"embeddable":true,"href":"https:\/\/intercargo-scandinavia.dk\/sv\/wp-json\/wp\/v2\/comments?post=2377"}],"version-history":[{"count":4,"href":"https:\/\/intercargo-scandinavia.dk\/sv\/wp-json\/wp\/v2\/pages\/2377\/revisions"}],"predecessor-version":[{"id":2907,"href":"https:\/\/intercargo-scandinavia.dk\/sv\/wp-json\/wp\/v2\/pages\/2377\/revisions\/2907"}],"up":[{"embeddable":true,"href":"https:\/\/intercargo-scandinavia.dk\/sv\/wp-json\/wp\/v2\/pages\/2858"}],"wp:featuredmedia":[{"embeddable":true,"href":"https:\/\/intercargo-scandinavia.dk\/sv\/wp-json\/wp\/v2\/media\/2378"}],"wp:attachment":[{"href":"https:\/\/intercargo-scandinavia.dk\/sv\/wp-json\/wp\/v2\/media?parent=2377"}],"curies":[{"name":"wp","href":"https:\/\/api.w.org\/{rel}","templated":true}]}}