{"id":2385,"date":"2023-05-23T11:18:57","date_gmt":"2023-05-23T11:18:57","guid":{"rendered":"https:\/\/intercargo-scandinavia.dk\/vaara-tjaenster\/tull\/"},"modified":"2024-09-23T08:29:36","modified_gmt":"2024-09-23T08:29:36","slug":"tull","status":"publish","type":"page","link":"https:\/\/intercargo-scandinavia.dk\/sv\/vaara-tjaenster\/tull\/","title":{"rendered":"Tull"},"content":{"rendered":"\t\t<div data-elementor-type=\"wp-page\" data-elementor-id=\"2385\" class=\"elementor elementor-2385 elementor-34\" data-elementor-post-type=\"page\">\n\t\t\t\t\t\t<section class=\"elementor-section elementor-top-section elementor-element elementor-element-a12f3b3 elementor-section-boxed elementor-section-height-default elementor-section-height-default\" data-id=\"a12f3b3\" data-element_type=\"section\" data-e-type=\"section\">\n\t\t\t\t\t\t<div class=\"elementor-container elementor-column-gap-default\">\n\t\t\t\t\t<div class=\"elementor-column elementor-col-100 elementor-top-column elementor-element elementor-element-e023a9f\" data-id=\"e023a9f\" data-element_type=\"column\" data-e-type=\"column\">\n\t\t\t<div class=\"elementor-widget-wrap elementor-element-populated\">\n\t\t\t\t\t\t<section class=\"elementor-section elementor-inner-section elementor-element elementor-element-256c001 elementor-section-boxed elementor-section-height-default elementor-section-height-default\" data-id=\"256c001\" data-element_type=\"section\" data-e-type=\"section\" data-settings=\"{&quot;background_background&quot;:&quot;classic&quot;}\">\n\t\t\t\t\t\t<div class=\"elementor-container elementor-column-gap-no\">\n\t\t\t\t\t<div class=\"elementor-column elementor-col-50 elementor-inner-column elementor-element elementor-element-b315ac5\" data-id=\"b315ac5\" data-element_type=\"column\" data-e-type=\"column\">\n\t\t\t<div class=\"elementor-widget-wrap elementor-element-populated\">\n\t\t\t\t\t\t<div class=\"elementor-element elementor-element-2c27838 elementor-widget elementor-widget-heading\" data-id=\"2c27838\" data-element_type=\"widget\" data-e-type=\"widget\" data-widget_type=\"heading.default\">\n\t\t\t\t<div class=\"elementor-widget-container\">\n\t\t\t\t\t<h2 class=\"elementor-heading-title elementor-size-default\">Effektiv tullhantering med Intercargo Scandinavia A\/S<\/h2>\t\t\t\t<\/div>\n\t\t\t\t<\/div>\n\t\t\t\t<div class=\"elementor-element elementor-element-0dc7e3d elementor-widget elementor-widget-text-editor\" data-id=\"0dc7e3d\" data-element_type=\"widget\" data-e-type=\"widget\" data-widget_type=\"text-editor.default\">\n\t\t\t\t<div class=\"elementor-widget-container\">\n\t\t\t\t\t\t\t\t\t<p><span style=\"font-weight: 400;\">Tull \u00e4r en avg\u00f6rande del av internationell handel och p\u00e5 Intercargo Scandinavia A\/S har vi specialiserat oss p\u00e5 att hantera alla typer av tullhandlingar och dokument. Med egna interna tullavdelningar b\u00e5de i Danmark och Rum\u00e4nien levererar vi effektiva och p\u00e5litliga tulltj\u00e4nster till v\u00e5ra kunder. <\/span><\/p>\n\t\t\t\t\t\t\t\t<\/div>\n\t\t\t\t<\/div>\n\t\t\t\t\t<\/div>\n\t\t<\/div>\n\t\t\t\t<div class=\"elementor-column elementor-col-50 elementor-inner-column elementor-element elementor-element-0ff4dd2\" data-id=\"0ff4dd2\" data-element_type=\"column\" data-e-type=\"column\">\n\t\t\t<div class=\"elementor-widget-wrap elementor-element-populated\">\n\t\t\t\t\t\t<div class=\"elementor-element elementor-element-9298812 elementor-widget elementor-widget-image\" data-id=\"9298812\" data-element_type=\"widget\" data-e-type=\"widget\" data-widget_type=\"image.default\">\n\t\t\t\t<div class=\"elementor-widget-container\">\n\t\t\t\t\t\t\t\t\t\t\t\t\t\t\t<img fetchpriority=\"high\" decoding=\"async\" width=\"800\" height=\"534\" src=\"https:\/\/intercargo-scandinavia.dk\/wp-content\/uploads\/2024\/06\/O6A8553-1024x683.jpg\" class=\"attachment-large size-large wp-image-1766\" alt=\"\" srcset=\"https:\/\/intercargo-scandinavia.dk\/wp-content\/uploads\/2024\/06\/O6A8553-1024x683.jpg 1024w, https:\/\/intercargo-scandinavia.dk\/wp-content\/uploads\/2024\/06\/O6A8553-300x200.jpg 300w, https:\/\/intercargo-scandinavia.dk\/wp-content\/uploads\/2024\/06\/O6A8553-768x512.jpg 768w, https:\/\/intercargo-scandinavia.dk\/wp-content\/uploads\/2024\/06\/O6A8553-1536x1024.jpg 1536w, https:\/\/intercargo-scandinavia.dk\/wp-content\/uploads\/2024\/06\/O6A8553-2048x1365.jpg 2048w\" sizes=\"(max-width: 800px) 100vw, 800px\" \/>\t\t\t\t\t\t\t\t\t\t\t\t\t\t\t<\/div>\n\t\t\t\t<\/div>\n\t\t\t\t\t<\/div>\n\t\t<\/div>\n\t\t\t\t\t<\/div>\n\t\t<\/section>\n\t\t\t\t\t<\/div>\n\t\t<\/div>\n\t\t\t\t\t<\/div>\n\t\t<\/section>\n\t\t\t\t<section class=\"elementor-section elementor-top-section elementor-element elementor-element-aa368cd elementor-reverse-mobile elementor-section-boxed elementor-section-height-default elementor-section-height-default\" data-id=\"aa368cd\" data-element_type=\"section\" data-e-type=\"section\">\n\t\t\t\t\t\t<div class=\"elementor-container elementor-column-gap-default\">\n\t\t\t\t\t<div class=\"elementor-column elementor-col-50 elementor-top-column elementor-element elementor-element-6a0d056\" data-id=\"6a0d056\" data-element_type=\"column\" data-e-type=\"column\">\n\t\t\t<div class=\"elementor-widget-wrap elementor-element-populated\">\n\t\t\t\t\t\t<div class=\"elementor-element elementor-element-1bd429a elementor-widget elementor-widget-image\" data-id=\"1bd429a\" data-element_type=\"widget\" data-e-type=\"widget\" data-widget_type=\"image.default\">\n\t\t\t\t<div class=\"elementor-widget-container\">\n\t\t\t\t\t\t\t\t\t\t\t\t\t\t\t<img decoding=\"async\" width=\"800\" height=\"534\" src=\"https:\/\/intercargo-scandinavia.dk\/wp-content\/uploads\/2024\/09\/O6A8686-1-1024x683.jpg\" class=\"attachment-large size-large wp-image-2223\" alt=\"\" srcset=\"https:\/\/intercargo-scandinavia.dk\/wp-content\/uploads\/2024\/09\/O6A8686-1-1024x683.jpg 1024w, https:\/\/intercargo-scandinavia.dk\/wp-content\/uploads\/2024\/09\/O6A8686-1-300x200.jpg 300w, https:\/\/intercargo-scandinavia.dk\/wp-content\/uploads\/2024\/09\/O6A8686-1-768x512.jpg 768w, https:\/\/intercargo-scandinavia.dk\/wp-content\/uploads\/2024\/09\/O6A8686-1-1536x1024.jpg 1536w, https:\/\/intercargo-scandinavia.dk\/wp-content\/uploads\/2024\/09\/O6A8686-1.jpg 1920w\" sizes=\"(max-width: 800px) 100vw, 800px\" \/>\t\t\t\t\t\t\t\t\t\t\t\t\t\t\t<\/div>\n\t\t\t\t<\/div>\n\t\t\t\t\t<\/div>\n\t\t<\/div>\n\t\t\t\t<div class=\"elementor-column elementor-col-50 elementor-top-column elementor-element elementor-element-cf53972\" data-id=\"cf53972\" data-element_type=\"column\" data-e-type=\"column\" data-settings=\"{&quot;background_background&quot;:&quot;classic&quot;}\">\n\t\t\t<div class=\"elementor-widget-wrap elementor-element-populated\">\n\t\t\t\t\t\t<div class=\"elementor-element elementor-element-3c624f1 elementor-widget elementor-widget-heading\" data-id=\"3c624f1\" data-element_type=\"widget\" data-e-type=\"widget\" data-widget_type=\"heading.default\">\n\t\t\t\t<div class=\"elementor-widget-container\">\n\t\t\t\t\t<h2 class=\"elementor-heading-title elementor-size-default\">Komplett logistikl\u00f6sning med tullhantering <\/h2>\t\t\t\t<\/div>\n\t\t\t\t<\/div>\n\t\t\t\t<div class=\"elementor-element elementor-element-094d634 elementor-widget elementor-widget-text-editor\" data-id=\"094d634\" data-element_type=\"widget\" data-e-type=\"widget\" data-widget_type=\"text-editor.default\">\n\t\t\t\t<div class=\"elementor-widget-container\">\n\t\t\t\t\t\t\t\t\t<p><span style=\"font-weight: 400;\">P\u00e5 Intercargo Scandinavia erbjuder vi en komplett logistikl\u00f6sning som inkluderar professionell tullhantering. V\u00e5r expertis s\u00e4kerst\u00e4ller en problemfri och effektiv hantering av dina varor s\u00e5 att du kan vara trygg med att din transportl\u00f6sning \u00e4r i trygga h\u00e4nder fr\u00e5n b\u00f6rjan till slut. <\/span><\/p>\n\t\t\t\t\t\t\t\t<\/div>\n\t\t\t\t<\/div>\n\t\t\t\t<div class=\"elementor-element elementor-element-a15bbc3 elementor-widget elementor-widget-heading\" data-id=\"a15bbc3\" data-element_type=\"widget\" data-e-type=\"widget\" data-widget_type=\"heading.default\">\n\t\t\t\t<div class=\"elementor-widget-container\">\n\t\t\t\t\t<h2 class=\"elementor-heading-title elementor-size-default\">Alltid tillg\u00e4ngliga tulltj\u00e4nster <\/h2>\t\t\t\t<\/div>\n\t\t\t\t<\/div>\n\t\t\t\t<div class=\"elementor-element elementor-element-095b5f6 elementor-widget elementor-widget-text-editor\" data-id=\"095b5f6\" data-element_type=\"widget\" data-e-type=\"widget\" data-widget_type=\"text-editor.default\">\n\t\t\t\t<div class=\"elementor-widget-container\">\n\t\t\t\t\t\t\t\t\t<p><span style=\"font-weight: 400;\">Vi prioriterar att erbjuda b\u00e4sta m\u00f6jliga service till v\u00e5ra kunder. D\u00e4rf\u00f6r har v\u00e5r tullavdelning \u00f6ppet dygnet runt, vilket inneb\u00e4r att vi alltid kan s\u00e4kerst\u00e4lla korrekt hantering av tullpapper. V\u00e5ra specialister finns alltid till hands f\u00f6r att hj\u00e4lpa till med allt fr\u00e5n moms och punktskatter till tullv\u00e4rdedeklaration \u00f6ver hela Skandinavien och Storbritannien.  <\/span><\/p>\n\t\t\t\t\t\t\t\t<\/div>\n\t\t\t\t<\/div>\n\t\t\t\t\t<\/div>\n\t\t<\/div>\n\t\t\t\t\t<\/div>\n\t\t<\/section>\n\t\t\t\t<section class=\"elementor-section elementor-top-section elementor-element elementor-element-40f63bf elementor-section-boxed elementor-section-height-default elementor-section-height-default\" data-id=\"40f63bf\" data-element_type=\"section\" data-e-type=\"section\" data-settings=\"{&quot;background_background&quot;:&quot;classic&quot;}\">\n\t\t\t\t\t\t<div class=\"elementor-container elementor-column-gap-default\">\n\t\t\t\t\t<div class=\"elementor-column elementor-col-50 elementor-top-column elementor-element elementor-element-e5a9ee9\" data-id=\"e5a9ee9\" data-element_type=\"column\" data-e-type=\"column\" data-settings=\"{&quot;background_background&quot;:&quot;classic&quot;}\">\n\t\t\t<div class=\"elementor-widget-wrap elementor-element-populated\">\n\t\t\t\t\t\t<div class=\"elementor-element elementor-element-cfc110d elementor-widget elementor-widget-heading\" data-id=\"cfc110d\" data-element_type=\"widget\" data-e-type=\"widget\" data-widget_type=\"heading.default\">\n\t\t\t\t<div class=\"elementor-widget-container\">\n\t\t\t\t\t<h2 class=\"elementor-heading-title elementor-size-default\">Experthj\u00e4lp med er tullhantering <\/h2>\t\t\t\t<\/div>\n\t\t\t\t<\/div>\n\t\t\t\t<div class=\"elementor-element elementor-element-9122537 elementor-widget elementor-widget-text-editor\" data-id=\"9122537\" data-element_type=\"widget\" data-e-type=\"widget\" data-widget_type=\"text-editor.default\">\n\t\t\t\t<div class=\"elementor-widget-container\">\n\t\t\t\t\t\t\t\t\t<p><span style=\"font-weight: 400;\">Tullagstiftningen kan vara komplex och \u00e4ndras ofta, men v\u00e5ra specialister h\u00e5ller sig st\u00e4ndigt uppdaterade f\u00f6r att s\u00e4kerst\u00e4lla att v\u00e5ra kunder f\u00f6ljer alla krav och p\u00e5 s\u00e5 sett undvika f\u00f6rseningar eller problem med tullmyndigheterna. Vi hj\u00e4lper till med alla typer av tullhandlingar, inklusive tulldeklarationer, import- och exportlicenser samt ursprungscertifikat. V\u00e5ra erfarna medarbetare ser till att alla n\u00f6dv\u00e4ndiga dokument fylls i och l\u00e4mnas in korrekt och i r\u00e4tt tid  <\/span><\/p>\n\t\t\t\t\t\t\t\t<\/div>\n\t\t\t\t<\/div>\n\t\t\t\t<div class=\"elementor-element elementor-element-dc04c43 elementor-widget elementor-widget-heading\" data-id=\"dc04c43\" data-element_type=\"widget\" data-e-type=\"widget\" data-widget_type=\"heading.default\">\n\t\t\t\t<div class=\"elementor-widget-container\">\n\t\t\t\t\t<h2 class=\"elementor-heading-title elementor-size-default\">Integrerad tullhantering som en del av v\u00e5r logistikl\u00f6sning <\/h2>\t\t\t\t<\/div>\n\t\t\t\t<\/div>\n\t\t\t\t<div class=\"elementor-element elementor-element-0b2c7f0 elementor-widget elementor-widget-text-editor\" data-id=\"0b2c7f0\" data-element_type=\"widget\" data-e-type=\"widget\" data-widget_type=\"text-editor.default\">\n\t\t\t\t<div class=\"elementor-widget-container\">\n\t\t\t\t\t\t\t\t\t<p><span style=\"font-weight: 400;\">Transport, logistik och tull \u00e4r ouppl\u00f6sligt sammanl\u00e4nkade. D\u00e4rf\u00f6r \u00e4r det b\u00e5de tidsbesparande och logiskt att samla tullhanteringen p\u00e5 samma plats som transporten. P\u00e5 Intercargo Scandinavia ser vi tullhantering som en naturlig f\u00f6rl\u00e4ngning av v\u00e5rt v\u00e4rdeskapande kundfokus. Vi m\u00f6ter v\u00e5ra kunders behov med ett l\u00f6sningsorienterat, kvalitetsmedvetet och flexibelt f\u00f6rh\u00e5llningss\u00e4tt.   <\/span><\/p>\n<\/p>\n<p><span style=\"font-weight: 400;\">Vi erbjuder \u00e4ven dialog med myndigheter ang\u00e5ende tullrelaterade fr\u00e5gor och lager- och tullagerl\u00f6sningar med vidaretransport av varor i transit. V\u00e5r l\u00e5nga erfarenhet med alla typer av tullhandlingar inneb\u00e4r att vi \u00e4ven kan hj\u00e4lpa till med fr\u00e5gor relaterade till tull relaterade med Brexit. <\/span><\/p>\n<\/p>\n<p><span style=\"font-weight: 400;\">V\u00e4lj Intercargo Scandinavia A\/S f\u00f6r en helt\u00e4ckande, s\u00e4ker och effektiv l\u00f6sning f\u00f6r alla dina tullbehov.<\/span><\/p>\n\t\t\t\t\t\t\t\t<\/div>\n\t\t\t\t<\/div>\n\t\t\t\t\t<\/div>\n\t\t<\/div>\n\t\t\t\t<div class=\"elementor-column elementor-col-50 elementor-top-column elementor-element elementor-element-5070b41\" data-id=\"5070b41\" data-element_type=\"column\" data-e-type=\"column\" data-settings=\"{&quot;background_background&quot;:&quot;classic&quot;}\">\n\t\t\t<div class=\"elementor-widget-wrap elementor-element-populated\">\n\t\t\t\t\t\t<div class=\"elementor-element elementor-element-0abcafb elementor-widget elementor-widget-spacer\" data-id=\"0abcafb\" data-element_type=\"widget\" data-e-type=\"widget\" data-widget_type=\"spacer.default\">\n\t\t\t\t<div class=\"elementor-widget-container\">\n\t\t\t\t\t\t\t<div class=\"elementor-spacer\">\n\t\t\t<div class=\"elementor-spacer-inner\"><\/div>\n\t\t<\/div>\n\t\t\t\t\t\t<\/div>\n\t\t\t\t<\/div>\n\t\t\t\t\t<\/div>\n\t\t<\/div>\n\t\t\t\t\t<\/div>\n\t\t<\/section>\n\t\t\t\t<\/div>\n\t\t","protected":false},"excerpt":{"rendered":"<p>Effektiv tullhantering med Intercargo Scandinavia A\/S Tull \u00e4r en avg\u00f6rande del av internationell handel och p\u00e5 Intercargo Scandinavia A\/S har vi specialiserat oss p\u00e5 att hantera alla typer av tullhandlingar och dokument. Med egna interna tullavdelningar b\u00e5de i Danmark och Rum\u00e4nien levererar vi effektiva och p\u00e5litliga tulltj\u00e4nster till v\u00e5ra kunder. Komplett logistikl\u00f6sning med tullhantering P\u00e5 [&hellip;]<\/p>\n","protected":false},"author":2,"featured_media":2386,"parent":2372,"menu_order":0,"comment_status":"closed","ping_status":"closed","template":"","meta":{"footnotes":""},"class_list":["post-2385","page","type-page","status-publish","has-post-thumbnail","hentry"],"yoast_head":"<!-- This site is optimized with the Yoast SEO plugin v27.5 - https:\/\/yoast.com\/product\/yoast-seo-wordpress\/ -->\n<title>Specialister p\u00e5 hantering av tullhandlingar<\/title>\n<meta name=\"description\" content=\"Tullhantering och hantering av alla typer av tullhandlingar. Till exempel tulldeklarationer, import- och exportlicenser och ursprungsintyg.\" \/>\n<meta name=\"robots\" content=\"index, follow, max-snippet:-1, max-image-preview:large, max-video-preview:-1\" \/>\n<link rel=\"canonical\" href=\"https:\/\/intercargo.web07.tigermedia.eu\/services\/told\/\" \/>\n<meta property=\"og:locale\" content=\"sv_SE\" \/>\n<meta property=\"og:type\" content=\"article\" \/>\n<meta property=\"og:title\" content=\"Specialister p\u00e5 hantering av tullhandlingar\" \/>\n<meta property=\"og:description\" content=\"Tullhantering och hantering av alla typer av tullhandlingar. Till exempel tulldeklarationer, import- och exportlicenser och ursprungsintyg.\" \/>\n<meta property=\"og:url\" content=\"https:\/\/intercargo.web07.tigermedia.eu\/services\/told\/\" \/>\n<meta property=\"og:site_name\" content=\"intercargo scandinavia\" \/>\n<meta property=\"article:modified_time\" content=\"2024-09-23T08:29:36+00:00\" \/>\n<meta property=\"og:image\" content=\"https:\/\/intercargo.web07.tigermedia.eu\/wp-content\/uploads\/2024\/06\/told.jpg\" \/>\n\t<meta property=\"og:image:width\" content=\"1920\" \/>\n\t<meta property=\"og:image:height\" content=\"1280\" \/>\n\t<meta property=\"og:image:type\" content=\"image\/jpeg\" \/>\n<meta name=\"twitter:card\" content=\"summary_large_image\" \/>\n<meta name=\"twitter:label1\" content=\"Ber\u00e4knad l\u00e4stid\" \/>\n\t<meta name=\"twitter:data1\" content=\"2 minuter\" \/>\n<script type=\"application\/ld+json\" class=\"yoast-schema-graph\">{\"@context\":\"https:\\\/\\\/schema.org\",\"@graph\":[{\"@type\":\"WebPage\",\"@id\":\"https:\\\/\\\/intercargo.web07.tigermedia.eu\\\/services\\\/told\\\/\",\"url\":\"https:\\\/\\\/intercargo.web07.tigermedia.eu\\\/services\\\/told\\\/\",\"name\":\"Specialister p\u00e5 hantering av tullhandlingar\",\"isPartOf\":{\"@id\":\"https:\\\/\\\/intercargo-scandinavia.dk\\\/#website\"},\"primaryImageOfPage\":{\"@id\":\"https:\\\/\\\/intercargo.web07.tigermedia.eu\\\/services\\\/told\\\/#primaryimage\"},\"image\":{\"@id\":\"https:\\\/\\\/intercargo.web07.tigermedia.eu\\\/services\\\/told\\\/#primaryimage\"},\"thumbnailUrl\":\"https:\\\/\\\/intercargo-scandinavia.dk\\\/wp-content\\\/uploads\\\/2024\\\/06\\\/told.jpg\",\"datePublished\":\"2023-05-23T11:18:57+00:00\",\"dateModified\":\"2024-09-23T08:29:36+00:00\",\"description\":\"Tullhantering och hantering av alla typer av tullhandlingar. Till exempel tulldeklarationer, import- och exportlicenser och ursprungsintyg.\",\"breadcrumb\":{\"@id\":\"https:\\\/\\\/intercargo.web07.tigermedia.eu\\\/services\\\/told\\\/#breadcrumb\"},\"inLanguage\":\"sv-SE\",\"potentialAction\":[{\"@type\":\"ReadAction\",\"target\":[\"https:\\\/\\\/intercargo.web07.tigermedia.eu\\\/services\\\/told\\\/\"]}]},{\"@type\":\"ImageObject\",\"inLanguage\":\"sv-SE\",\"@id\":\"https:\\\/\\\/intercargo.web07.tigermedia.eu\\\/services\\\/told\\\/#primaryimage\",\"url\":\"https:\\\/\\\/intercargo-scandinavia.dk\\\/wp-content\\\/uploads\\\/2024\\\/06\\\/told.jpg\",\"contentUrl\":\"https:\\\/\\\/intercargo-scandinavia.dk\\\/wp-content\\\/uploads\\\/2024\\\/06\\\/told.jpg\",\"width\":1920,\"height\":1280},{\"@type\":\"BreadcrumbList\",\"@id\":\"https:\\\/\\\/intercargo.web07.tigermedia.eu\\\/services\\\/told\\\/#breadcrumb\",\"itemListElement\":[{\"@type\":\"ListItem\",\"position\":1,\"name\":\"Hjem\",\"item\":\"https:\\\/\\\/intercargo-scandinavia.dk\\\/\"},{\"@type\":\"ListItem\",\"position\":2,\"name\":\"V\u00e5ra tj\u00e4nster\",\"item\":\"https:\\\/\\\/intercargo.web07.tigermedia.eu\\\/sv\\\/vaara-tjaenster\\\/\"},{\"@type\":\"ListItem\",\"position\":3,\"name\":\"Tull\"}]},{\"@type\":\"WebSite\",\"@id\":\"https:\\\/\\\/intercargo-scandinavia.dk\\\/#website\",\"url\":\"https:\\\/\\\/intercargo-scandinavia.dk\\\/\",\"name\":\"intercargo scandinavia\",\"description\":\"Specialist i skr\u00e6ddersyede logistikl\u00f8sninger\",\"publisher\":{\"@id\":\"https:\\\/\\\/intercargo-scandinavia.dk\\\/#organization\"},\"potentialAction\":[{\"@type\":\"SearchAction\",\"target\":{\"@type\":\"EntryPoint\",\"urlTemplate\":\"https:\\\/\\\/intercargo-scandinavia.dk\\\/?s={search_term_string}\"},\"query-input\":{\"@type\":\"PropertyValueSpecification\",\"valueRequired\":true,\"valueName\":\"search_term_string\"}}],\"inLanguage\":\"sv-SE\"},{\"@type\":\"Organization\",\"@id\":\"https:\\\/\\\/intercargo-scandinavia.dk\\\/#organization\",\"name\":\"intercargo scandinavia\",\"url\":\"https:\\\/\\\/intercargo-scandinavia.dk\\\/\",\"logo\":{\"@type\":\"ImageObject\",\"inLanguage\":\"sv-SE\",\"@id\":\"https:\\\/\\\/intercargo-scandinavia.dk\\\/#\\\/schema\\\/logo\\\/image\\\/\",\"url\":\"https:\\\/\\\/intercargo-scandinavia.dk\\\/wp-content\\\/uploads\\\/2024\\\/09\\\/intercargo_scandinavia_logo.jpg\",\"contentUrl\":\"https:\\\/\\\/intercargo-scandinavia.dk\\\/wp-content\\\/uploads\\\/2024\\\/09\\\/intercargo_scandinavia_logo.jpg\",\"width\":200,\"height\":200,\"caption\":\"intercargo scandinavia\"},\"image\":{\"@id\":\"https:\\\/\\\/intercargo-scandinavia.dk\\\/#\\\/schema\\\/logo\\\/image\\\/\"},\"sameAs\":[\"https:\\\/\\\/www.linkedin.com\\\/company\\\/intercargo-scandinavia\\\/?originalSubdomain=dk\"]}]}<\/script>\n<!-- \/ Yoast SEO plugin. -->","yoast_head_json":{"title":"Specialister p\u00e5 hantering av tullhandlingar","description":"Tullhantering och hantering av alla typer av tullhandlingar. Till exempel tulldeklarationer, import- och exportlicenser och ursprungsintyg.","robots":{"index":"index","follow":"follow","max-snippet":"max-snippet:-1","max-image-preview":"max-image-preview:large","max-video-preview":"max-video-preview:-1"},"canonical":"https:\/\/intercargo.web07.tigermedia.eu\/services\/told\/","og_locale":"sv_SE","og_type":"article","og_title":"Specialister p\u00e5 hantering av tullhandlingar","og_description":"Tullhantering och hantering av alla typer av tullhandlingar. Till exempel tulldeklarationer, import- och exportlicenser och ursprungsintyg.","og_url":"https:\/\/intercargo.web07.tigermedia.eu\/services\/told\/","og_site_name":"intercargo scandinavia","article_modified_time":"2024-09-23T08:29:36+00:00","og_image":[{"width":1920,"height":1280,"url":"https:\/\/intercargo.web07.tigermedia.eu\/wp-content\/uploads\/2024\/06\/told.jpg","type":"image\/jpeg"}],"twitter_card":"summary_large_image","twitter_misc":{"Ber\u00e4knad l\u00e4stid":"2 minuter"},"schema":{"@context":"https:\/\/schema.org","@graph":[{"@type":"WebPage","@id":"https:\/\/intercargo.web07.tigermedia.eu\/services\/told\/","url":"https:\/\/intercargo.web07.tigermedia.eu\/services\/told\/","name":"Specialister p\u00e5 hantering av tullhandlingar","isPartOf":{"@id":"https:\/\/intercargo-scandinavia.dk\/#website"},"primaryImageOfPage":{"@id":"https:\/\/intercargo.web07.tigermedia.eu\/services\/told\/#primaryimage"},"image":{"@id":"https:\/\/intercargo.web07.tigermedia.eu\/services\/told\/#primaryimage"},"thumbnailUrl":"https:\/\/intercargo-scandinavia.dk\/wp-content\/uploads\/2024\/06\/told.jpg","datePublished":"2023-05-23T11:18:57+00:00","dateModified":"2024-09-23T08:29:36+00:00","description":"Tullhantering och hantering av alla typer av tullhandlingar. Till exempel tulldeklarationer, import- och exportlicenser och ursprungsintyg.","breadcrumb":{"@id":"https:\/\/intercargo.web07.tigermedia.eu\/services\/told\/#breadcrumb"},"inLanguage":"sv-SE","potentialAction":[{"@type":"ReadAction","target":["https:\/\/intercargo.web07.tigermedia.eu\/services\/told\/"]}]},{"@type":"ImageObject","inLanguage":"sv-SE","@id":"https:\/\/intercargo.web07.tigermedia.eu\/services\/told\/#primaryimage","url":"https:\/\/intercargo-scandinavia.dk\/wp-content\/uploads\/2024\/06\/told.jpg","contentUrl":"https:\/\/intercargo-scandinavia.dk\/wp-content\/uploads\/2024\/06\/told.jpg","width":1920,"height":1280},{"@type":"BreadcrumbList","@id":"https:\/\/intercargo.web07.tigermedia.eu\/services\/told\/#breadcrumb","itemListElement":[{"@type":"ListItem","position":1,"name":"Hjem","item":"https:\/\/intercargo-scandinavia.dk\/"},{"@type":"ListItem","position":2,"name":"V\u00e5ra tj\u00e4nster","item":"https:\/\/intercargo.web07.tigermedia.eu\/sv\/vaara-tjaenster\/"},{"@type":"ListItem","position":3,"name":"Tull"}]},{"@type":"WebSite","@id":"https:\/\/intercargo-scandinavia.dk\/#website","url":"https:\/\/intercargo-scandinavia.dk\/","name":"intercargo scandinavia","description":"Specialist i skr\u00e6ddersyede logistikl\u00f8sninger","publisher":{"@id":"https:\/\/intercargo-scandinavia.dk\/#organization"},"potentialAction":[{"@type":"SearchAction","target":{"@type":"EntryPoint","urlTemplate":"https:\/\/intercargo-scandinavia.dk\/?s={search_term_string}"},"query-input":{"@type":"PropertyValueSpecification","valueRequired":true,"valueName":"search_term_string"}}],"inLanguage":"sv-SE"},{"@type":"Organization","@id":"https:\/\/intercargo-scandinavia.dk\/#organization","name":"intercargo scandinavia","url":"https:\/\/intercargo-scandinavia.dk\/","logo":{"@type":"ImageObject","inLanguage":"sv-SE","@id":"https:\/\/intercargo-scandinavia.dk\/#\/schema\/logo\/image\/","url":"https:\/\/intercargo-scandinavia.dk\/wp-content\/uploads\/2024\/09\/intercargo_scandinavia_logo.jpg","contentUrl":"https:\/\/intercargo-scandinavia.dk\/wp-content\/uploads\/2024\/09\/intercargo_scandinavia_logo.jpg","width":200,"height":200,"caption":"intercargo scandinavia"},"image":{"@id":"https:\/\/intercargo-scandinavia.dk\/#\/schema\/logo\/image\/"},"sameAs":["https:\/\/www.linkedin.com\/company\/intercargo-scandinavia\/?originalSubdomain=dk"]}]}},"_links":{"self":[{"href":"https:\/\/intercargo-scandinavia.dk\/sv\/wp-json\/wp\/v2\/pages\/2385","targetHints":{"allow":["GET"]}}],"collection":[{"href":"https:\/\/intercargo-scandinavia.dk\/sv\/wp-json\/wp\/v2\/pages"}],"about":[{"href":"https:\/\/intercargo-scandinavia.dk\/sv\/wp-json\/wp\/v2\/types\/page"}],"author":[{"embeddable":true,"href":"https:\/\/intercargo-scandinavia.dk\/sv\/wp-json\/wp\/v2\/users\/2"}],"replies":[{"embeddable":true,"href":"https:\/\/intercargo-scandinavia.dk\/sv\/wp-json\/wp\/v2\/comments?post=2385"}],"version-history":[{"count":3,"href":"https:\/\/intercargo-scandinavia.dk\/sv\/wp-json\/wp\/v2\/pages\/2385\/revisions"}],"predecessor-version":[{"id":3138,"href":"https:\/\/intercargo-scandinavia.dk\/sv\/wp-json\/wp\/v2\/pages\/2385\/revisions\/3138"}],"up":[{"embeddable":true,"href":"https:\/\/intercargo-scandinavia.dk\/sv\/wp-json\/wp\/v2\/pages\/2372"}],"wp:featuredmedia":[{"embeddable":true,"href":"https:\/\/intercargo-scandinavia.dk\/sv\/wp-json\/wp\/v2\/media\/2386"}],"wp:attachment":[{"href":"https:\/\/intercargo-scandinavia.dk\/sv\/wp-json\/wp\/v2\/media?parent=2385"}],"curies":[{"name":"wp","href":"https:\/\/api.w.org\/{rel}","templated":true}]}}