{"id":2397,"date":"2023-05-23T11:19:06","date_gmt":"2023-05-23T11:19:06","guid":{"rendered":"https:\/\/intercargo-scandinavia.dk\/lager-och-terminal\/"},"modified":"2024-09-23T08:30:42","modified_gmt":"2024-09-23T08:30:42","slug":"lager-och-terminal","status":"publish","type":"page","link":"https:\/\/intercargo-scandinavia.dk\/sv\/lager-och-terminal\/","title":{"rendered":"Lager och terminal"},"content":{"rendered":"\t\t<div data-elementor-type=\"wp-page\" data-elementor-id=\"2397\" class=\"elementor elementor-2397 elementor-36\" data-elementor-post-type=\"page\">\n\t\t\t\t\t\t<section class=\"elementor-section elementor-top-section elementor-element elementor-element-daa6dd7 elementor-section-boxed elementor-section-height-default elementor-section-height-default\" data-id=\"daa6dd7\" data-element_type=\"section\" data-e-type=\"section\">\n\t\t\t\t\t\t<div class=\"elementor-container elementor-column-gap-default\">\n\t\t\t\t\t<div class=\"elementor-column elementor-col-100 elementor-top-column elementor-element elementor-element-dc68826\" data-id=\"dc68826\" data-element_type=\"column\" data-e-type=\"column\">\n\t\t\t<div class=\"elementor-widget-wrap elementor-element-populated\">\n\t\t\t\t\t\t<section class=\"elementor-section elementor-inner-section elementor-element elementor-element-0846012 elementor-section-boxed elementor-section-height-default elementor-section-height-default\" data-id=\"0846012\" data-element_type=\"section\" data-e-type=\"section\" data-settings=\"{&quot;background_background&quot;:&quot;classic&quot;}\">\n\t\t\t\t\t\t<div class=\"elementor-container elementor-column-gap-no\">\n\t\t\t\t\t<div class=\"elementor-column elementor-col-50 elementor-inner-column elementor-element elementor-element-e57c3cc\" data-id=\"e57c3cc\" data-element_type=\"column\" data-e-type=\"column\">\n\t\t\t<div class=\"elementor-widget-wrap elementor-element-populated\">\n\t\t\t\t\t\t<div class=\"elementor-element elementor-element-91c5dc7 elementor-widget elementor-widget-heading\" data-id=\"91c5dc7\" data-element_type=\"widget\" data-e-type=\"widget\" data-widget_type=\"heading.default\">\n\t\t\t\t<div class=\"elementor-widget-container\">\n\t\t\t\t\t<h2 class=\"elementor-heading-title elementor-size-default\">Lager och terminal<\/h2>\t\t\t\t<\/div>\n\t\t\t\t<\/div>\n\t\t\t\t<div class=\"elementor-element elementor-element-d003993 elementor-widget elementor-widget-text-editor\" data-id=\"d003993\" data-element_type=\"widget\" data-e-type=\"widget\" data-widget_type=\"text-editor.default\">\n\t\t\t\t<div class=\"elementor-widget-container\">\n\t\t\t\t\t\t\t\t\t<p><span style=\"font-weight: 400;\">P\u00e5 Intercargo Scandinavia A\/S har vi utvecklat ett omfattande n\u00e4tverk av lager och terminaler f\u00f6r att m\u00f6ta v\u00e5ra kunders varierande behov. V\u00e5ra moderna anl\u00e4ggningar s\u00e4kerst\u00e4ller optimal lagring och hantering av b\u00e5de tempererade varor och torrgods, med avancerade l\u00f6sningar f\u00f6r emballering och lagerhantering. <\/p>\n<p><\/span><span style=\"font-weight: 400;\">V\u00e5ra lagerlokaler i Hadsten inkluderar specialiserade fryslager, kylrum och en dedikerad lagerlokal f\u00f6r fiskprodukter. F\u00f6r att s\u00e4kerst\u00e4lla h\u00f6gsta kvalitet och undvika kontaminering separerar vi alltid kylprodukter och fisk. Dessa anl\u00e4ggningar \u00e4r skr\u00e4ddarsydda f\u00f6r lagring av alla typer av livsmedel och vi erbjuder flexibla plock- och packl\u00f6sningar som kan anpassas efter era specifika behov.  <\/span><\/p>\n\t\t\t\t\t\t\t\t<\/div>\n\t\t\t\t<\/div>\n\t\t\t\t\t<\/div>\n\t\t<\/div>\n\t\t\t\t<div class=\"elementor-column elementor-col-50 elementor-inner-column elementor-element elementor-element-66060b4\" data-id=\"66060b4\" data-element_type=\"column\" data-e-type=\"column\">\n\t\t\t<div class=\"elementor-widget-wrap elementor-element-populated\">\n\t\t\t\t\t\t<div class=\"elementor-element elementor-element-04ba2b1 elementor-widget elementor-widget-image\" data-id=\"04ba2b1\" data-element_type=\"widget\" data-e-type=\"widget\" data-widget_type=\"image.default\">\n\t\t\t\t<div class=\"elementor-widget-container\">\n\t\t\t\t\t\t\t\t\t\t\t\t\t\t\t<img fetchpriority=\"high\" decoding=\"async\" width=\"800\" height=\"534\" src=\"https:\/\/intercargo-scandinavia.dk\/wp-content\/uploads\/2024\/06\/O6A9929-1024x683.jpg\" class=\"attachment-large size-large wp-image-1771\" alt=\"\" srcset=\"https:\/\/intercargo-scandinavia.dk\/wp-content\/uploads\/2024\/06\/O6A9929-1024x683.jpg 1024w, https:\/\/intercargo-scandinavia.dk\/wp-content\/uploads\/2024\/06\/O6A9929-300x200.jpg 300w, https:\/\/intercargo-scandinavia.dk\/wp-content\/uploads\/2024\/06\/O6A9929-768x512.jpg 768w, https:\/\/intercargo-scandinavia.dk\/wp-content\/uploads\/2024\/06\/O6A9929-1536x1024.jpg 1536w, https:\/\/intercargo-scandinavia.dk\/wp-content\/uploads\/2024\/06\/O6A9929-2048x1365.jpg 2048w\" sizes=\"(max-width: 800px) 100vw, 800px\" \/>\t\t\t\t\t\t\t\t\t\t\t\t\t\t\t<\/div>\n\t\t\t\t<\/div>\n\t\t\t\t\t<\/div>\n\t\t<\/div>\n\t\t\t\t\t<\/div>\n\t\t<\/section>\n\t\t\t\t\t<\/div>\n\t\t<\/div>\n\t\t\t\t\t<\/div>\n\t\t<\/section>\n\t\t\t\t<section class=\"elementor-section elementor-top-section elementor-element elementor-element-a31aaf5 elementor-reverse-mobile elementor-section-boxed elementor-section-height-default elementor-section-height-default\" data-id=\"a31aaf5\" data-element_type=\"section\" data-e-type=\"section\">\n\t\t\t\t\t\t<div class=\"elementor-container elementor-column-gap-default\">\n\t\t\t\t\t<div class=\"elementor-column elementor-col-50 elementor-top-column elementor-element elementor-element-c8763c8\" data-id=\"c8763c8\" data-element_type=\"column\" data-e-type=\"column\" data-settings=\"{&quot;background_background&quot;:&quot;classic&quot;}\">\n\t\t\t<div class=\"elementor-widget-wrap elementor-element-populated\">\n\t\t\t\t\t\t<div class=\"elementor-element elementor-element-f377f35 elementor-widget elementor-widget-spacer\" data-id=\"f377f35\" data-element_type=\"widget\" data-e-type=\"widget\" data-widget_type=\"spacer.default\">\n\t\t\t\t<div class=\"elementor-widget-container\">\n\t\t\t\t\t\t\t<div class=\"elementor-spacer\">\n\t\t\t<div class=\"elementor-spacer-inner\"><\/div>\n\t\t<\/div>\n\t\t\t\t\t\t<\/div>\n\t\t\t\t<\/div>\n\t\t\t\t\t<\/div>\n\t\t<\/div>\n\t\t\t\t<div class=\"elementor-column elementor-col-50 elementor-top-column elementor-element elementor-element-8b4e225\" data-id=\"8b4e225\" data-element_type=\"column\" data-e-type=\"column\" data-settings=\"{&quot;background_background&quot;:&quot;classic&quot;}\">\n\t\t\t<div class=\"elementor-widget-wrap elementor-element-populated\">\n\t\t\t\t\t\t<div class=\"elementor-element elementor-element-9aaedb4 elementor-widget elementor-widget-heading\" data-id=\"9aaedb4\" data-element_type=\"widget\" data-e-type=\"widget\" data-widget_type=\"heading.default\">\n\t\t\t\t<div class=\"elementor-widget-container\">\n\t\t\t\t\t<h2 class=\"elementor-heading-title elementor-size-default\">Flexibla och skalbara lagerl\u00f6sningar <\/h2>\t\t\t\t<\/div>\n\t\t\t\t<\/div>\n\t\t\t\t<div class=\"elementor-element elementor-element-0cfbdd8 elementor-widget elementor-widget-text-editor\" data-id=\"0cfbdd8\" data-element_type=\"widget\" data-e-type=\"widget\" data-widget_type=\"text-editor.default\">\n\t\t\t\t<div class=\"elementor-widget-container\">\n\t\t\t\t\t\t\t\t\t<p><span style=\"font-weight: 400;\">Vi f\u00f6rst\u00e5r att lagerbehoven kan f\u00f6r\u00e4ndras \u00f6ver tid och d\u00e4rf\u00f6r erbjuder vi flexibla och skalbara lagerl\u00f6sningar. F\u00f6rutom v\u00e5ra egna anl\u00e4ggningar har vi tillg\u00e5ng till ett brett n\u00e4tverk av externa partners \u00f6ver hela Skandinavien och Europa, vilket g\u00f6r att vi snabbt kan skala upp eller ned baserat p\u00e5 era specifika behov. <\/p>\n<p><\/span><span style=\"font-weight: 400;\">V\u00e5ra anl\u00e4ggningar erbjuder lagring i flera temperaturzoner, vilket s\u00e4kerst\u00e4ller livsmedelss\u00e4kerhet, hygien och milj\u00f6kontroll. V\u00e5ra lageranl\u00e4ggningar uppfyller livsmedelsmyndighetens h\u00f6gsta standarder, vilket garanterar h\u00f6gsta kvalitet och s\u00e4kerhet f\u00f6r era varor. <\/span><\/p>\n\t\t\t\t\t\t\t\t<\/div>\n\t\t\t\t<\/div>\n\t\t\t\t<div class=\"elementor-element elementor-element-e0f6e1e elementor-widget elementor-widget-heading\" data-id=\"e0f6e1e\" data-element_type=\"widget\" data-e-type=\"widget\" data-widget_type=\"heading.default\">\n\t\t\t\t<div class=\"elementor-widget-container\">\n\t\t\t\t\t<h2 class=\"elementor-heading-title elementor-size-default\">Kundanpassade lager- och terminall\u00f6sningar <\/h2>\t\t\t\t<\/div>\n\t\t\t\t<\/div>\n\t\t\t\t<div class=\"elementor-element elementor-element-b1ddb36 elementor-widget elementor-widget-text-editor\" data-id=\"b1ddb36\" data-element_type=\"widget\" data-e-type=\"widget\" data-widget_type=\"text-editor.default\">\n\t\t\t\t<div class=\"elementor-widget-container\">\n\t\t\t\t\t\t\t\t\t<p><span style=\"font-weight: 400;\">Vi specialiserar oss p\u00e5 att leverera kundanpassade lager- och terminall\u00f6sningar som matchar era unika krav. V\u00e5r flexibilitet och f\u00f6rm\u00e5ga att anpassa oss inneb\u00e4r att vi kan utveckla precis den l\u00f6sning ni beh\u00f6ver. <\/p>\n<p><\/span><span style=\"font-weight: 400;\">V\u00e5ra avancerade kontrollsystem f\u00f6r frys- och kyltemperaturer s\u00e4kerst\u00e4ller att era livsmedel alltid lagras under optimala f\u00f6rh\u00e5llanden, vilket bevarar kvaliteten och s\u00e4kerst\u00e4ller efterlevnad av alla relevanta standarder. Fr\u00e5n b\u00f6rjan till slut skr\u00e4ddarsyr vi v\u00e5ra lager- och terminall\u00f6sningar f\u00f6r att s\u00e4kerst\u00e4lla att era varor hanteras professionellt och effektivt. <\/p>\n<p><\/span><span style=\"font-weight: 400;\">Med Intercargo Scandinavia A\/S som partner kan ni vara s\u00e4kra p\u00e5 att era lager- och terminalbehov hanteras med expertis och professionalism. Vi \u00e4r dedikerade till att leverera en f\u00f6rstklassig serviceupplevelse som st\u00f6djer ert f\u00f6retags tillv\u00e4xt och framg\u00e5ng. <\/span><\/p>\n\t\t\t\t\t\t\t\t<\/div>\n\t\t\t\t<\/div>\n\t\t\t\t\t<\/div>\n\t\t<\/div>\n\t\t\t\t\t<\/div>\n\t\t<\/section>\n\t\t\t\t<\/div>\n\t\t","protected":false},"excerpt":{"rendered":"<p>Lager och terminal P\u00e5 Intercargo Scandinavia A\/S har vi utvecklat ett omfattande n\u00e4tverk av lager och terminaler f\u00f6r att m\u00f6ta v\u00e5ra kunders varierande behov. V\u00e5ra moderna anl\u00e4ggningar s\u00e4kerst\u00e4ller optimal lagring och hantering av b\u00e5de tempererade varor och torrgods, med avancerade l\u00f6sningar f\u00f6r emballering och lagerhantering. V\u00e5ra lagerlokaler i Hadsten inkluderar specialiserade fryslager, kylrum och en [&hellip;]<\/p>\n","protected":false},"author":2,"featured_media":2398,"parent":0,"menu_order":0,"comment_status":"closed","ping_status":"closed","template":"","meta":{"footnotes":""},"class_list":["post-2397","page","type-page","status-publish","has-post-thumbnail","hentry"],"yoast_head":"<!-- This site is optimized with the Yoast SEO plugin v27.5 - https:\/\/yoast.com\/product\/yoast-seo-wordpress\/ -->\n<title>F\u00f6rvaring och hantering av varor p\u00e5 v\u00e5ra lagerlokaler<\/title>\n<meta name=\"description\" content=\"Dra nytta av v\u00e5rt omfattande lager- och terminaln\u00e4tverk. Vi kan lagra allt fr\u00e5n frysvaror och kylvaror till torrvaror. F\u00e5 en skr\u00e4ddarsydd l\u00f6sning.\" \/>\n<meta name=\"robots\" content=\"index, follow, max-snippet:-1, max-image-preview:large, max-video-preview:-1\" \/>\n<link rel=\"canonical\" href=\"https:\/\/intercargo.web07.tigermedia.eu\/lager-og-terminal\/\" \/>\n<meta property=\"og:locale\" content=\"sv_SE\" \/>\n<meta property=\"og:type\" content=\"article\" \/>\n<meta property=\"og:title\" content=\"F\u00f6rvaring och hantering av varor p\u00e5 v\u00e5ra lagerlokaler\" \/>\n<meta property=\"og:description\" content=\"Dra nytta av v\u00e5rt omfattande lager- och terminaln\u00e4tverk. Vi kan lagra allt fr\u00e5n frysvaror och kylvaror till torrvaror. F\u00e5 en skr\u00e4ddarsydd l\u00f6sning.\" \/>\n<meta property=\"og:url\" content=\"https:\/\/intercargo.web07.tigermedia.eu\/lager-og-terminal\/\" \/>\n<meta property=\"og:site_name\" content=\"intercargo scandinavia\" \/>\n<meta property=\"article:modified_time\" content=\"2024-09-23T08:30:42+00:00\" \/>\n<meta property=\"og:image\" content=\"https:\/\/intercargo.web07.tigermedia.eu\/wp-content\/uploads\/2024\/06\/O6A9653-2-scaled.jpg\" \/>\n\t<meta property=\"og:image:width\" content=\"2560\" \/>\n\t<meta property=\"og:image:height\" content=\"1707\" \/>\n\t<meta property=\"og:image:type\" content=\"image\/jpeg\" \/>\n<meta name=\"twitter:card\" content=\"summary_large_image\" \/>\n<meta name=\"twitter:label1\" content=\"Ber\u00e4knad l\u00e4stid\" \/>\n\t<meta name=\"twitter:data1\" content=\"2 minuter\" \/>\n<script type=\"application\/ld+json\" class=\"yoast-schema-graph\">{\"@context\":\"https:\\\/\\\/schema.org\",\"@graph\":[{\"@type\":\"WebPage\",\"@id\":\"https:\\\/\\\/intercargo.web07.tigermedia.eu\\\/lager-og-terminal\\\/\",\"url\":\"https:\\\/\\\/intercargo.web07.tigermedia.eu\\\/lager-og-terminal\\\/\",\"name\":\"F\u00f6rvaring och hantering av varor p\u00e5 v\u00e5ra lagerlokaler\",\"isPartOf\":{\"@id\":\"https:\\\/\\\/intercargo-scandinavia.dk\\\/#website\"},\"primaryImageOfPage\":{\"@id\":\"https:\\\/\\\/intercargo.web07.tigermedia.eu\\\/lager-og-terminal\\\/#primaryimage\"},\"image\":{\"@id\":\"https:\\\/\\\/intercargo.web07.tigermedia.eu\\\/lager-og-terminal\\\/#primaryimage\"},\"thumbnailUrl\":\"https:\\\/\\\/intercargo-scandinavia.dk\\\/wp-content\\\/uploads\\\/2024\\\/06\\\/O6A9653-2-scaled.jpg\",\"datePublished\":\"2023-05-23T11:19:06+00:00\",\"dateModified\":\"2024-09-23T08:30:42+00:00\",\"description\":\"Dra nytta av v\u00e5rt omfattande lager- och terminaln\u00e4tverk. Vi kan lagra allt fr\u00e5n frysvaror och kylvaror till torrvaror. F\u00e5 en skr\u00e4ddarsydd l\u00f6sning.\",\"breadcrumb\":{\"@id\":\"https:\\\/\\\/intercargo.web07.tigermedia.eu\\\/lager-og-terminal\\\/#breadcrumb\"},\"inLanguage\":\"sv-SE\",\"potentialAction\":[{\"@type\":\"ReadAction\",\"target\":[\"https:\\\/\\\/intercargo.web07.tigermedia.eu\\\/lager-og-terminal\\\/\"]}]},{\"@type\":\"ImageObject\",\"inLanguage\":\"sv-SE\",\"@id\":\"https:\\\/\\\/intercargo.web07.tigermedia.eu\\\/lager-og-terminal\\\/#primaryimage\",\"url\":\"https:\\\/\\\/intercargo-scandinavia.dk\\\/wp-content\\\/uploads\\\/2024\\\/06\\\/O6A9653-2-scaled.jpg\",\"contentUrl\":\"https:\\\/\\\/intercargo-scandinavia.dk\\\/wp-content\\\/uploads\\\/2024\\\/06\\\/O6A9653-2-scaled.jpg\",\"width\":2560,\"height\":1707},{\"@type\":\"BreadcrumbList\",\"@id\":\"https:\\\/\\\/intercargo.web07.tigermedia.eu\\\/lager-og-terminal\\\/#breadcrumb\",\"itemListElement\":[{\"@type\":\"ListItem\",\"position\":1,\"name\":\"Hjem\",\"item\":\"https:\\\/\\\/intercargo-scandinavia.dk\\\/\"},{\"@type\":\"ListItem\",\"position\":2,\"name\":\"Lager och terminal\"}]},{\"@type\":\"WebSite\",\"@id\":\"https:\\\/\\\/intercargo-scandinavia.dk\\\/#website\",\"url\":\"https:\\\/\\\/intercargo-scandinavia.dk\\\/\",\"name\":\"intercargo scandinavia\",\"description\":\"Specialist i skr\u00e6ddersyede logistikl\u00f8sninger\",\"publisher\":{\"@id\":\"https:\\\/\\\/intercargo-scandinavia.dk\\\/#organization\"},\"potentialAction\":[{\"@type\":\"SearchAction\",\"target\":{\"@type\":\"EntryPoint\",\"urlTemplate\":\"https:\\\/\\\/intercargo-scandinavia.dk\\\/?s={search_term_string}\"},\"query-input\":{\"@type\":\"PropertyValueSpecification\",\"valueRequired\":true,\"valueName\":\"search_term_string\"}}],\"inLanguage\":\"sv-SE\"},{\"@type\":\"Organization\",\"@id\":\"https:\\\/\\\/intercargo-scandinavia.dk\\\/#organization\",\"name\":\"intercargo scandinavia\",\"url\":\"https:\\\/\\\/intercargo-scandinavia.dk\\\/\",\"logo\":{\"@type\":\"ImageObject\",\"inLanguage\":\"sv-SE\",\"@id\":\"https:\\\/\\\/intercargo-scandinavia.dk\\\/#\\\/schema\\\/logo\\\/image\\\/\",\"url\":\"https:\\\/\\\/intercargo-scandinavia.dk\\\/wp-content\\\/uploads\\\/2024\\\/09\\\/intercargo_scandinavia_logo.jpg\",\"contentUrl\":\"https:\\\/\\\/intercargo-scandinavia.dk\\\/wp-content\\\/uploads\\\/2024\\\/09\\\/intercargo_scandinavia_logo.jpg\",\"width\":200,\"height\":200,\"caption\":\"intercargo scandinavia\"},\"image\":{\"@id\":\"https:\\\/\\\/intercargo-scandinavia.dk\\\/#\\\/schema\\\/logo\\\/image\\\/\"},\"sameAs\":[\"https:\\\/\\\/www.linkedin.com\\\/company\\\/intercargo-scandinavia\\\/?originalSubdomain=dk\"]}]}<\/script>\n<!-- \/ Yoast SEO plugin. -->","yoast_head_json":{"title":"F\u00f6rvaring och hantering av varor p\u00e5 v\u00e5ra lagerlokaler","description":"Dra nytta av v\u00e5rt omfattande lager- och terminaln\u00e4tverk. Vi kan lagra allt fr\u00e5n frysvaror och kylvaror till torrvaror. F\u00e5 en skr\u00e4ddarsydd l\u00f6sning.","robots":{"index":"index","follow":"follow","max-snippet":"max-snippet:-1","max-image-preview":"max-image-preview:large","max-video-preview":"max-video-preview:-1"},"canonical":"https:\/\/intercargo.web07.tigermedia.eu\/lager-og-terminal\/","og_locale":"sv_SE","og_type":"article","og_title":"F\u00f6rvaring och hantering av varor p\u00e5 v\u00e5ra lagerlokaler","og_description":"Dra nytta av v\u00e5rt omfattande lager- och terminaln\u00e4tverk. Vi kan lagra allt fr\u00e5n frysvaror och kylvaror till torrvaror. F\u00e5 en skr\u00e4ddarsydd l\u00f6sning.","og_url":"https:\/\/intercargo.web07.tigermedia.eu\/lager-og-terminal\/","og_site_name":"intercargo scandinavia","article_modified_time":"2024-09-23T08:30:42+00:00","og_image":[{"width":2560,"height":1707,"url":"https:\/\/intercargo.web07.tigermedia.eu\/wp-content\/uploads\/2024\/06\/O6A9653-2-scaled.jpg","type":"image\/jpeg"}],"twitter_card":"summary_large_image","twitter_misc":{"Ber\u00e4knad l\u00e4stid":"2 minuter"},"schema":{"@context":"https:\/\/schema.org","@graph":[{"@type":"WebPage","@id":"https:\/\/intercargo.web07.tigermedia.eu\/lager-og-terminal\/","url":"https:\/\/intercargo.web07.tigermedia.eu\/lager-og-terminal\/","name":"F\u00f6rvaring och hantering av varor p\u00e5 v\u00e5ra lagerlokaler","isPartOf":{"@id":"https:\/\/intercargo-scandinavia.dk\/#website"},"primaryImageOfPage":{"@id":"https:\/\/intercargo.web07.tigermedia.eu\/lager-og-terminal\/#primaryimage"},"image":{"@id":"https:\/\/intercargo.web07.tigermedia.eu\/lager-og-terminal\/#primaryimage"},"thumbnailUrl":"https:\/\/intercargo-scandinavia.dk\/wp-content\/uploads\/2024\/06\/O6A9653-2-scaled.jpg","datePublished":"2023-05-23T11:19:06+00:00","dateModified":"2024-09-23T08:30:42+00:00","description":"Dra nytta av v\u00e5rt omfattande lager- och terminaln\u00e4tverk. Vi kan lagra allt fr\u00e5n frysvaror och kylvaror till torrvaror. F\u00e5 en skr\u00e4ddarsydd l\u00f6sning.","breadcrumb":{"@id":"https:\/\/intercargo.web07.tigermedia.eu\/lager-og-terminal\/#breadcrumb"},"inLanguage":"sv-SE","potentialAction":[{"@type":"ReadAction","target":["https:\/\/intercargo.web07.tigermedia.eu\/lager-og-terminal\/"]}]},{"@type":"ImageObject","inLanguage":"sv-SE","@id":"https:\/\/intercargo.web07.tigermedia.eu\/lager-og-terminal\/#primaryimage","url":"https:\/\/intercargo-scandinavia.dk\/wp-content\/uploads\/2024\/06\/O6A9653-2-scaled.jpg","contentUrl":"https:\/\/intercargo-scandinavia.dk\/wp-content\/uploads\/2024\/06\/O6A9653-2-scaled.jpg","width":2560,"height":1707},{"@type":"BreadcrumbList","@id":"https:\/\/intercargo.web07.tigermedia.eu\/lager-og-terminal\/#breadcrumb","itemListElement":[{"@type":"ListItem","position":1,"name":"Hjem","item":"https:\/\/intercargo-scandinavia.dk\/"},{"@type":"ListItem","position":2,"name":"Lager och terminal"}]},{"@type":"WebSite","@id":"https:\/\/intercargo-scandinavia.dk\/#website","url":"https:\/\/intercargo-scandinavia.dk\/","name":"intercargo scandinavia","description":"Specialist i skr\u00e6ddersyede logistikl\u00f8sninger","publisher":{"@id":"https:\/\/intercargo-scandinavia.dk\/#organization"},"potentialAction":[{"@type":"SearchAction","target":{"@type":"EntryPoint","urlTemplate":"https:\/\/intercargo-scandinavia.dk\/?s={search_term_string}"},"query-input":{"@type":"PropertyValueSpecification","valueRequired":true,"valueName":"search_term_string"}}],"inLanguage":"sv-SE"},{"@type":"Organization","@id":"https:\/\/intercargo-scandinavia.dk\/#organization","name":"intercargo scandinavia","url":"https:\/\/intercargo-scandinavia.dk\/","logo":{"@type":"ImageObject","inLanguage":"sv-SE","@id":"https:\/\/intercargo-scandinavia.dk\/#\/schema\/logo\/image\/","url":"https:\/\/intercargo-scandinavia.dk\/wp-content\/uploads\/2024\/09\/intercargo_scandinavia_logo.jpg","contentUrl":"https:\/\/intercargo-scandinavia.dk\/wp-content\/uploads\/2024\/09\/intercargo_scandinavia_logo.jpg","width":200,"height":200,"caption":"intercargo scandinavia"},"image":{"@id":"https:\/\/intercargo-scandinavia.dk\/#\/schema\/logo\/image\/"},"sameAs":["https:\/\/www.linkedin.com\/company\/intercargo-scandinavia\/?originalSubdomain=dk"]}]}},"_links":{"self":[{"href":"https:\/\/intercargo-scandinavia.dk\/sv\/wp-json\/wp\/v2\/pages\/2397","targetHints":{"allow":["GET"]}}],"collection":[{"href":"https:\/\/intercargo-scandinavia.dk\/sv\/wp-json\/wp\/v2\/pages"}],"about":[{"href":"https:\/\/intercargo-scandinavia.dk\/sv\/wp-json\/wp\/v2\/types\/page"}],"author":[{"embeddable":true,"href":"https:\/\/intercargo-scandinavia.dk\/sv\/wp-json\/wp\/v2\/users\/2"}],"replies":[{"embeddable":true,"href":"https:\/\/intercargo-scandinavia.dk\/sv\/wp-json\/wp\/v2\/comments?post=2397"}],"version-history":[{"count":4,"href":"https:\/\/intercargo-scandinavia.dk\/sv\/wp-json\/wp\/v2\/pages\/2397\/revisions"}],"predecessor-version":[{"id":3145,"href":"https:\/\/intercargo-scandinavia.dk\/sv\/wp-json\/wp\/v2\/pages\/2397\/revisions\/3145"}],"wp:featuredmedia":[{"embeddable":true,"href":"https:\/\/intercargo-scandinavia.dk\/sv\/wp-json\/wp\/v2\/media\/2398"}],"wp:attachment":[{"href":"https:\/\/intercargo-scandinavia.dk\/sv\/wp-json\/wp\/v2\/media?parent=2397"}],"curies":[{"name":"wp","href":"https:\/\/api.w.org\/{rel}","templated":true}]}}